{"id":8,"date":"2020-10-18T13:07:58","date_gmt":"2020-10-18T13:07:58","guid":{"rendered":"https:\/\/parapharmacieenligne.ma\/?page_id=8"},"modified":"2026-02-08T23:06:46","modified_gmt":"2026-02-08T22:06:46","slug":"a-propos-de-nous","status":"publish","type":"page","link":"https:\/\/parapharmacieenligne.ma\/en\/a-propos-de-nous\/","title":{"rendered":"A propos de nous"},"content":{"rendered":"<div data-elementor-type=\"wp-page\" data-elementor-id=\"8\" class=\"elementor elementor-8\">\n\t\t\t\t\t\t<section class=\"elementor-section elementor-top-section elementor-element elementor-element-f7b080a elementor-section-full_width elementor-section-height-default elementor-section-height-default\" data-id=\"f7b080a\" data-element_type=\"section\" data-e-type=\"section\">\n\t\t\t\t\t\t<div class=\"elementor-container elementor-column-gap-no\">\n\t\t\t\t\t<div class=\"elementor-column elementor-col-100 elementor-top-column elementor-element elementor-element-484697d\" data-id=\"484697d\" data-element_type=\"column\" data-e-type=\"column\">\n\t\t\t<div class=\"elementor-widget-wrap elementor-element-populated\">\n\t\t\t\t\t\t<div class=\"elementor-element elementor-element-91fe4a5 elementor-widget elementor-widget-ideapark-heading\" data-id=\"91fe4a5\" data-element_type=\"widget\" data-e-type=\"widget\" data-widget_type=\"ideapark-heading.default\">\n\t\t\t\t<div class=\"elementor-widget-container\">\n\t\t\t\t\t<div class=\"c-ip-heading c-ip-heading--small c-ip-heading--center c-ip-heading--bullet-after\"><span class=\"c-ip-heading__inner\">Notre<\/span><\/div>\t\t\t\t<\/div>\n\t\t\t\t<\/div>\n\t\t\t\t<div class=\"elementor-element elementor-element-4fbfb12 elementor-widget elementor-widget-ideapark-heading\" data-id=\"4fbfb12\" data-element_type=\"widget\" data-e-type=\"widget\" data-widget_type=\"ideapark-heading.default\">\n\t\t\t\t<div class=\"elementor-widget-container\">\n\t\t\t\t\t<div class=\"c-ip-heading c-ip-heading--medium c-ip-heading--center c-ip-heading--bullet-hide\"><span class=\"c-ip-heading__inner\">Mission<\/span><\/div>\t\t\t\t<\/div>\n\t\t\t\t<\/div>\n\t\t\t\t<section class=\"elementor-section elementor-inner-section elementor-element elementor-element-2943bc4 elementor-section-boxed elementor-section-height-default elementor-section-height-default\" data-id=\"2943bc4\" data-element_type=\"section\" data-e-type=\"section\">\n\t\t\t\t\t\t<div class=\"elementor-container elementor-column-gap-no\">\n\t\t\t\t\t<div class=\"elementor-column elementor-col-50 elementor-inner-column elementor-element elementor-element-9fbe0ef\" data-id=\"9fbe0ef\" data-element_type=\"column\" data-e-type=\"column\">\n\t\t\t<div class=\"elementor-widget-wrap elementor-element-populated\">\n\t\t\t\t\t\t<div class=\"elementor-element elementor-element-bc4e9cd elementor-widget elementor-widget-ideapark-heading\" data-id=\"bc4e9cd\" data-element_type=\"widget\" data-e-type=\"widget\" data-widget_type=\"ideapark-heading.default\">\n\t\t\t\t<div class=\"elementor-widget-container\">\n\t\t\t\t\t<div class=\"c-ip-heading c-ip-heading--default c-ip-heading--left c-ip-heading--bullet-hide\"><span class=\"c-ip-heading__inner\">Chez Parapharmacieenligne, nous avons pour mission de vous proposer des produits de parapharmacie fiables, certifi\u00e9s et rigoureusement s\u00e9lectionn\u00e9s, d\u00e9di\u00e9s \u00e0 la sant\u00e9, la beaut\u00e9 et au bien-\u00eatre de toute la famille.<br \/>\nNous faisons confiance \u00e0 des marques reconnues afin de garantir qualit\u00e9, s\u00e9curit\u00e9 et efficacit\u00e9 au quotidien.<\/span><\/div>\t\t\t\t<\/div>\n\t\t\t\t<\/div>\n\t\t\t\t\t<\/div>\n\t\t<\/div>\n\t\t\t\t<div class=\"elementor-column elementor-col-50 elementor-inner-column elementor-element elementor-element-4f469bf\" data-id=\"4f469bf\" data-element_type=\"column\" data-e-type=\"column\">\n\t\t\t<div class=\"elementor-widget-wrap elementor-element-populated\">\n\t\t\t\t\t\t<div class=\"elementor-element elementor-element-8c1e177 elementor-widget elementor-widget-ideapark-heading\" data-id=\"8c1e177\" data-element_type=\"widget\" data-e-type=\"widget\" data-widget_type=\"ideapark-heading.default\">\n\t\t\t\t<div class=\"elementor-widget-container\">\n\t\t\t\t\t<div class=\"c-ip-heading c-ip-heading--default c-ip-heading--left c-ip-heading--bullet-hide\"><span class=\"c-ip-heading__inner\">\u00c0 Parapharmacieenligne, nous accompagnons chaque client avec \u00e9coute et expertise, en proposant des solutions personnalis\u00e9es et une exp\u00e9rience d\u2019achat simple et rassurante.<br \/>\nLa confiance, la transparence et le soin de la personne guident chacune de nos actions.<\/span><\/div>\t\t\t\t<\/div>\n\t\t\t\t<\/div>\n\t\t\t\t\t<\/div>\n\t\t<\/div>\n\t\t\t\t\t<\/div>\n\t\t<\/section>\n\t\t\t\t\t<\/div>\n\t\t<\/div>\n\t\t\t\t\t<\/div>\n\t\t<\/section>\n\t\t\t\t<section class=\"elementor-section elementor-top-section elementor-element elementor-element-542f32c elementor-section-full_width elementor-section-height-default elementor-section-height-default\" data-id=\"542f32c\" data-element_type=\"section\" data-e-type=\"section\" data-settings=\"{&quot;background_background&quot;:&quot;classic&quot;}\">\n\t\t\t\t\t\t<div class=\"elementor-container elementor-column-gap-no\">\n\t\t\t\t\t<div class=\"elementor-column elementor-col-100 elementor-top-column elementor-element elementor-element-de2cdd8\" data-id=\"de2cdd8\" data-element_type=\"column\" data-e-type=\"column\">\n\t\t\t<div class=\"elementor-widget-wrap elementor-element-populated\">\n\t\t\t\t\t\t<div class=\"elementor-element elementor-element-5254ab8 elementor-absolute elementor-widget__width-auto elementor-widget elementor-widget-image\" data-id=\"5254ab8\" data-element_type=\"widget\" data-e-type=\"widget\" data-settings=\"{&quot;_position&quot;:&quot;absolute&quot;}\" data-widget_type=\"image.default\">\n\t\t\t\t\t\t\t\t\t\t\t\t\t\t\t<img fetchpriority=\"high\" width=\"341\" height=\"246\"  class=\"attachment-full size-full wp-image-240 lws-optimize-lazyload\" alt=\"\" srcset=\"https:\/\/parapharmacieenligne.ma\/wp-content\/uploads\/2020\/10\/luchiana-2242231634.png 341w, https:\/\/parapharmacieenligne.ma\/wp-content\/uploads\/2020\/10\/luchiana-2242231634-201x145.png 201w\" sizes=\"(max-width: 341px) 100vw, 341px\" >\t\t\t\t\t\t\t\t\t\t\t\t\t\t\t<\/div>\n\t\t\t\t<div class=\"elementor-element elementor-element-5a826ba elementor-widget elementor-widget-ideapark-icon-list-1\" data-id=\"5a826ba\" data-element_type=\"widget\" data-e-type=\"widget\" data-widget_type=\"ideapark-icon-list-1.default\">\n\t\t\t\t<div class=\"elementor-widget-container\">\n\t\t\t\t\t\t\t<div class=\"c-ip-icon-list-1\">\n\t\t\t<ul class=\"c-ip-icon-list-1__list\">\n\t\t\t\t\t\t\t\t\t\t\t\t\t\t<li class=\"c-ip-icon-list-1__item\">\n\t\t\t\t\t\t\t\t\t\t\t\t\t<svg aria-hidden=\"true\" class=\"c-ip-icon-list-1__icon e-font-icon-svg e-fas-hands-helping\" viewbox=\"0 0 640 512\" xmlns=\"http:\/\/www.w3.org\/2000\/svg\"><path d=\"M488 192H336v56c0 39.7-32.3 72-72 72s-72-32.3-72-72V126.4l-64.9 39C107.8 176.9 96 197.8 96 220.2v47.3l-80 46.2C.7 322.5-4.6 342.1 4.3 357.4l80 138.6c8.8 15.3 28.4 20.5 43.7 11.7L231.4 448H368c35.3 0 64-28.7 64-64h16c17.7 0 32-14.3 32-32v-64h8c13.3 0 24-10.7 24-24v-48c0-13.3-10.7-24-24-24zm147.7-37.4L555.7 16C546.9.7 527.3-4.5 512 4.3L408.6 64H306.4c-12 0-23.7 3.4-33.9 9.7L239 94.6c-9.4 5.8-15 16.1-15 27.1V248c0 22.1 17.9 40 40 40s40-17.9 40-40v-88h184c30.9 0 56 25.1 56 56v28.5l80-46.2c15.3-8.9 20.5-28.4 11.7-43.7z\"><\/path><\/svg>\t\t\t\t\t\t\t\t\t\t\t\t\t\t\t\t\t\t\t<div class=\"c-ip-icon-list-1__title\">Accompagnement<\/div>\n\t\t\t\t\t\t\t<i class=\"ip-romb c-ip-icon-list-1__romb\"><\/i>\n\t\t\t\t\t\t\t\t\t\t\t\t\t\t\t\t\t\t\t<div class=\"c-ip-icon-list-1__description\">Nous mettons \u00e0 votre disposition des conseils professionnels, personnalis\u00e9s et fiables en sant\u00e9 et beaut\u00e9 pour chaque client.<\/div>\n\t\t\t\t\t\t\n\t\t\t\t\t\t\t\t\t\t\t\t\t\t\t\t\t<\/li>\n\t\t\t\t\t\t\t\t\t\t\t\t\t\t<li class=\"c-ip-icon-list-1__item\">\n\t\t\t\t\t\t\t\t\t\t\t\t\t<svg aria-hidden=\"true\" class=\"c-ip-icon-list-1__icon e-font-icon-svg e-fas-check-circle\" viewbox=\"0 0 512 512\" xmlns=\"http:\/\/www.w3.org\/2000\/svg\"><path d=\"M504 256c0 136.967-111.033 248-248 248S8 392.967 8 256 119.033 8 256 8s248 111.033 248 248zM227.314 387.314l184-184c6.248-6.248 6.248-16.379 0-22.627l-22.627-22.627c-6.248-6.249-16.379-6.249-22.628 0L216 308.118l-70.059-70.059c-6.248-6.248-16.379-6.248-22.628 0l-22.627 22.627c-6.248 6.248-6.248 16.379 0 22.627l104 104c6.249 6.249 16.379 6.249 22.628.001z\"><\/path><\/svg>\t\t\t\t\t\t\t\t\t\t\t\t\t\t\t\t\t\t\t<div class=\"c-ip-icon-list-1__title\">Qualit\u00e9 Assur\u00e9e<\/div>\n\t\t\t\t\t\t\t<i class=\"ip-romb c-ip-icon-list-1__romb\"><\/i>\n\t\t\t\t\t\t\t\t\t\t\t\t\t\t\t\t\t\t\t<div class=\"c-ip-icon-list-1__description\">Nous collaborons avec des marques reconnues pour assurer que votre bien-\u00eatre est entre de bonnes mains.<\/div>\n\t\t\t\t\t\t\n\t\t\t\t\t\t\t\t\t\t\t\t\t\t\t\t\t<\/li>\n\t\t\t\t\t\t\t\t\t\t\t\t\t\t<li class=\"c-ip-icon-list-1__item\">\n\t\t\t\t\t\t\t\t\t\t\t\t\t<svg aria-hidden=\"true\" class=\"c-ip-icon-list-1__icon e-font-icon-svg e-fas-money-bill\" viewbox=\"0 0 640 512\" xmlns=\"http:\/\/www.w3.org\/2000\/svg\"><path d=\"M608 64H32C14.33 64 0 78.33 0 96v320c0 17.67 14.33 32 32 32h576c17.67 0 32-14.33 32-32V96c0-17.67-14.33-32-32-32zM48 400v-64c35.35 0 64 28.65 64 64H48zm0-224v-64h64c0 35.35-28.65 64-64 64zm272 176c-44.19 0-80-42.99-80-96 0-53.02 35.82-96 80-96s80 42.98 80 96c0 53.03-35.83 96-80 96zm272 48h-64c0-35.35 28.65-64 64-64v64zm0-224c-35.35 0-64-28.65-64-64h64v64z\"><\/path><\/svg>\t\t\t\t\t\t\t\t\t\t\t\t\t\t\t\t\t\t\t<div class=\"c-ip-icon-list-1__title\">Prix Accessibles<\/div>\n\t\t\t\t\t\t\t<i class=\"ip-romb c-ip-icon-list-1__romb\"><\/i>\n\t\t\t\t\t\t\t\t\t\t\t\t\t\t\t\t\t\t\t<div class=\"c-ip-icon-list-1__description\">Nous nous engageons \u00e0 offrir des prix justes et comp\u00e9titifs sur toute notre gamme de produits.<\/div>\n\t\t\t\t\t\t\n\t\t\t\t\t\t\t\t\t\t\t\t\t\t\t\t\t<\/li>\n\t\t\t\t\t\t\t<\/ul>\n\t\t<\/div>\n\t\t\t\t\t\t<\/div>\n\t\t\t\t<\/div>\n\t\t\t\t<div class=\"elementor-element elementor-element-f2808b7 elementor-widget__width-initial elementor-absolute elementor-widget elementor-widget-image\" data-id=\"f2808b7\" data-element_type=\"widget\" data-e-type=\"widget\" data-settings=\"{&quot;_position&quot;:&quot;absolute&quot;}\" data-widget_type=\"image.default\">\n\t\t\t\t\t\t\t\t\t\t\t\t\t\t\t<img width=\"162\" height=\"147\"  class=\"attachment-full size-full wp-image-334 lws-optimize-lazyload\" alt=\"\" srcset=\"https:\/\/parapharmacieenligne.ma\/wp-content\/uploads\/2020\/10\/luchiana-2359558945.png 162w, https:\/\/parapharmacieenligne.ma\/wp-content\/uploads\/2020\/10\/luchiana-2359558945-160x145.png 160w\" sizes=\"(max-width: 162px) 100vw, 162px\" >\t\t\t\t\t\t\t\t\t\t\t\t\t\t\t<\/div>\n\t\t\t\t\t<\/div>\n\t\t<\/div>\n\t\t\t\t\t<\/div>\n\t\t<\/section>\n\t\t\t\t<section class=\"elementor-section elementor-top-section elementor-element elementor-element-b3539fd elementor-section-full_width elementor-section-height-default elementor-section-height-default\" data-id=\"b3539fd\" data-element_type=\"section\" data-e-type=\"section\">\n\t\t\t\t\t\t<div class=\"elementor-container elementor-column-gap-no\">\n\t\t\t\t\t<div class=\"elementor-column elementor-col-100 elementor-top-column elementor-element elementor-element-bdd41c1\" data-id=\"bdd41c1\" data-element_type=\"column\" data-e-type=\"column\">\n\t\t\t<div class=\"elementor-widget-wrap elementor-element-populated\">\n\t\t\t\t\t\t<div class=\"elementor-element elementor-element-631c2cd elementor-widget elementor-widget-ideapark-heading\" data-id=\"631c2cd\" data-element_type=\"widget\" data-e-type=\"widget\" data-widget_type=\"ideapark-heading.default\">\n\t\t\t\t<div class=\"elementor-widget-container\">\n\t\t\t\t\t<div class=\"c-ip-heading c-ip-heading--small c-ip-heading--center c-ip-heading--bullet-after\"><span class=\"c-ip-heading__inner\">NOS<\/span><\/div>\t\t\t\t<\/div>\n\t\t\t\t<\/div>\n\t\t\t\t<div class=\"elementor-element elementor-element-09e011a elementor-widget elementor-widget-ideapark-heading\" data-id=\"09e011a\" data-element_type=\"widget\" data-e-type=\"widget\" data-widget_type=\"ideapark-heading.default\">\n\t\t\t\t<div class=\"elementor-widget-container\">\n\t\t\t\t\t<div class=\"c-ip-heading c-ip-heading--medium c-ip-heading--center c-ip-heading--bullet-hide\"><span class=\"c-ip-heading__inner\">Actualit\u00e9s<\/span><\/div>\t\t\t\t<\/div>\n\t\t\t\t<\/div>\n\t\t\t\t<div class=\"elementor-element elementor-element-631bae1 elementor-widget elementor-widget-ideapark-news-carousel\" data-id=\"631bae1\" data-element_type=\"widget\" data-e-type=\"widget\" data-widget_type=\"ideapark-news-carousel.default\">\n\t\t\t\t<div class=\"elementor-widget-container\">\n\t\t\t\t\t\t\t<div class=\"c-ip-news-carousel\">\n\t\t\t<div class=\"c-ip-news-carousel__wrap\">\n\t\t\t\t<div\n\t\t\t\t\tclass=\"c-ip-news-carousel__list c-ip-news-carousel__list--2 js-news-carousel h-carousel h-carousel--default-dots h-carousel--flex h-carousel--outside h-carousel--round-light c-ip-news-carousel__list--dots\">\n\t\t\t\t\t\t\t\t\t\t\t\t\t\t\t\t\t<article\r\n\tid=\"post-19130\" class=\"c-post-list c-post-list--standard c-post-list--grid c-post-list--no-sidebar c-post-list--no-thumb c-post-list--post js-post-item post-19130 post type-post status-publish format-standard hentry category-acne\">\r\n\r\n\t\r\n\t<div\r\n\t\tclass=\"c-post-list__wrap c-post-list__wrap--standard c-post-list__wrap--grid  c-post-list__wrap--no-thumb   c-post-list__wrap--no-sidebar\">\r\n\r\n\t\t\t\t\t<div\r\n\t\t\t\tclass=\"c-post-list__meta-date  c-post-list__meta-date--no-thumb   c-post-list__meta-date--no-sidebar  c-post-list__meta-date--grid\">\r\n\t\t\t\t2 April 2026\t\t\t<\/div>\r\n\t\t\r\n\t\t\r\n\t\t<a class=\"c-post-list__header-link\" href=\"https:\/\/parapharmacieenligne.ma\/en\/meilleurs-produits-anti-acne-disponibles-en-parapharmacie-au-maroc\/\"><h2 class=\"c-post-list__header\">Meilleurs produits anti acn\u00e9 disponibles en parapharmacie au Maroc<\/h2><\/a>\r\n\t\t\t\t\t<div class=\"c-post-list__except\">\r\n\t\t\t\t\t\t\t\t\t<p>\ud83e\uddf4 Meilleurs produits anti-acn\u00e9 disponibles en parapharmacie au Maroc Trouver un bon produit anti-acn\u00e9 peut vite devenir compliqu\u00e9&hellip;<\/p>\n\t\t\t\t\t\t\t\t<\/div>\r\n\t\t\r\n\t\t\t\t\t\t\t\t<div class=\"c-post-list__meta-category\">\r\n\t\t\t\t<a class=\"c-post-list__categories-item-link\" href=\"https:\/\/parapharmacieenligne.ma\/en\/category\/acne\/\" title=\"View all posts in Acn\u00e9\" >Acn\u00e9<\/a>\t\t\t<\/div>\r\n\t\t\r\n\t\t\r\n\t\t<a class=\"c-button c-button--outline c-post-list__continue\"\r\n\t\t   aria-label=\"Read More: Meilleurs produits anti acn\u00e9 disponibles en parapharmacie au Maroc\"\r\n\t\t   href=\"https:\/\/parapharmacieenligne.ma\/en\/meilleurs-produits-anti-acne-disponibles-en-parapharmacie-au-maroc\/\">Read More\t\t\t<span class=\"screen-reader-text\">Meilleurs produits anti acn\u00e9 disponibles en parapharmacie au Maroc<\/span><\/a>\r\n\t<\/div>\r\n\r\n<\/article>\t\t\t\t\t\t\t\t\t\t\t\t\t\t\t\t\t<article\r\n\tid=\"post-1\" class=\"c-post-list c-post-list--image c-post-list--grid c-post-list--no-sidebar c-post-list--no-thumb c-post-list--post js-post-item post-1 post type-post status-publish format-image hentry category-acne post_format-post-format-image\">\r\n\r\n\t\r\n\t<div\r\n\t\tclass=\"c-post-list__wrap c-post-list__wrap--image c-post-list__wrap--grid  c-post-list__wrap--no-thumb   c-post-list__wrap--no-sidebar\">\r\n\r\n\t\t\t\t\t<div\r\n\t\t\t\tclass=\"c-post-list__meta-date  c-post-list__meta-date--no-thumb   c-post-list__meta-date--no-sidebar  c-post-list__meta-date--grid\">\r\n\t\t\t\t5 September 2025\t\t\t<\/div>\r\n\t\t\r\n\t\t\r\n\t\t<a class=\"c-post-list__header-link\" href=\"https:\/\/parapharmacieenligne.ma\/en\/acne\/\"><h2 class=\"c-post-list__header\">Acn\u00e9 : causes, types et solutions efficaces en 2026<\/h2><\/a>\r\n\t\t\t\t\t<div class=\"c-post-list__except\">\r\n\t\t\t\t\t\t\t\t\t<p>Acn\u00e9 : causes, types et solutions efficaces en 2026 L\u2019acn\u00e9 est l\u2019un des probl\u00e8mes de peau les plus&hellip;<\/p>\n\t\t\t\t\t\t\t\t<\/div>\r\n\t\t\r\n\t\t\t\t\t\t\t\t<div class=\"c-post-list__meta-category\">\r\n\t\t\t\t<a class=\"c-post-list__categories-item-link\" href=\"https:\/\/parapharmacieenligne.ma\/en\/category\/acne\/\" title=\"View all posts in Acn\u00e9\" >Acn\u00e9<\/a>\t\t\t<\/div>\r\n\t\t\r\n\t\t\r\n\t\t<a class=\"c-button c-button--outline c-post-list__continue\"\r\n\t\t   aria-label=\"Read More: Acn\u00e9 : causes, types et solutions efficaces en 2026\"\r\n\t\t   href=\"https:\/\/parapharmacieenligne.ma\/en\/acne\/\">Read More\t\t\t<span class=\"screen-reader-text\">Acn\u00e9 : causes, types et solutions efficaces en 2026<\/span><\/a>\r\n\t<\/div>\r\n\r\n<\/article>\t\t\t\t\t\t\t\t\t<\/div>\n\t\t\t<\/div>\n\t\t<\/div>\n\t\t\t\t\t\t<\/div>\n\t\t\t\t<\/div>\n\t\t\t\t\t<\/div>\n\t\t<\/div>\n\t\t\t\t\t<\/div>\n\t\t<\/section>\n\t\t\t\t<\/div>","protected":false},"excerpt":{"rendered":"<p>Notre Mission Chez Parapharmacieenligne, nous avons pour mission de vous proposer des produits de parapharmacie fiables, certifi\u00e9s et rigoureusement s\u00e9lectionn\u00e9s, d\u00e9di\u00e9s \u00e0&hellip;<\/p>","protected":false},"author":1,"featured_media":0,"parent":0,"menu_order":0,"comment_status":"closed","ping_status":"closed","template":"elementor_header_footer","meta":{"footnotes":""},"class_list":["post-8","page","type-page","status-publish","hentry"],"_links":{"self":[{"href":"https:\/\/parapharmacieenligne.ma\/en\/wp-json\/wp\/v2\/pages\/8","targetHints":{"allow":["GET"]}}],"collection":[{"href":"https:\/\/parapharmacieenligne.ma\/en\/wp-json\/wp\/v2\/pages"}],"about":[{"href":"https:\/\/parapharmacieenligne.ma\/en\/wp-json\/wp\/v2\/types\/page"}],"author":[{"embeddable":true,"href":"https:\/\/parapharmacieenligne.ma\/en\/wp-json\/wp\/v2\/users\/1"}],"replies":[{"embeddable":true,"href":"https:\/\/parapharmacieenligne.ma\/en\/wp-json\/wp\/v2\/comments?post=8"}],"version-history":[{"count":4,"href":"https:\/\/parapharmacieenligne.ma\/en\/wp-json\/wp\/v2\/pages\/8\/revisions"}],"predecessor-version":[{"id":13659,"href":"https:\/\/parapharmacieenligne.ma\/en\/wp-json\/wp\/v2\/pages\/8\/revisions\/13659"}],"wp:attachment":[{"href":"https:\/\/parapharmacieenligne.ma\/en\/wp-json\/wp\/v2\/media?parent=8"}],"curies":[{"name":"wp","href":"https:\/\/api.w.org\/{rel}","templated":true}]}}