{"id":10000,"date":"2026-01-26T17:12:52","date_gmt":"2026-01-26T16:12:52","guid":{"rendered":"https:\/\/parapharmacieenligne.ma\/?post_type=product&#038;p=10000"},"modified":"2026-01-26T17:15:48","modified_gmt":"2026-01-26T16:15:48","slug":"uriage-depiderm-soin-depigmentant-intensif-30ml","status":"publish","type":"product","link":"https:\/\/parapharmacieenligne.ma\/en\/product\/uriage-depiderm-soin-depigmentant-intensif-30ml\/","title":{"rendered":"URIAGE DEPIDERM SOIN D\u00c9PIGMENTANT INTENSIF 30ML"},"content":{"rendered":"<div aria-labelledby=\"tab-title-description\" class=\"woocommerce-Tabs-panel woocommerce-Tabs-panel--description panel entry-content wc-tab\" id=\"tab-description\" role=\"tabpanel\" style=\"\">\n<h2>Description<\/h2>\n<div class=\"c-product__intro u-intro\">\n<p>Ce soin d\u00e9pigmentant complet favorise l\u2019\u00e9limination des taches en diminuant leur taille et en r\u00e9duisant leur intensit\u00e9. Un v\u00e9ritable traitement d\u2019attaque pour toutes les formes d\u2019hyperpigmentations.<\/p>\n<\/p><\/div>\n<div class=\"c-product__description c-content\">\n<p><strong>Elimine les taches brunes<\/strong><\/p>\n<p>Dot\u00e9 d\u2019un complexe d\u00e9pigmentant au Nicotinamide qui agit \u00e0 plusieurs niveaux du processus pigmentaire, les taches brunes sont corrig\u00e9es.<\/p>\n<p><strong>Exfolie<\/strong><\/p>\n<p>L\u2019action exfoliante des AHA vient renforcer l\u2019efficacit\u00e9 de la cr\u00e8me.<\/p>\n<p><strong><strong>Conseils d\u2019Utilisation : <\/strong> <\/strong><\/p>\n<p>Appliquer matin et soir en cure sur les taches existantes. Eviter le contact avec les yeux.<\/p>\n<\/p><\/div>\n<\/p><\/div>","protected":false},"excerpt":{"rendered":"<p>Highlights:Chaque jour, Antirougeurs JOUR Cr\u00e8me apaise, att\u00e9nue et pr\u00e9vient les rougeurs cutan\u00e9es.Adapt\u00e9e aux peaux s\u00e8ches \u00e0 tr\u00e8s s\u00e8ches, sa texture onctueuse et velout\u00e9e laisse la peau douce et confortable toute la journ\u00e9e.<\/p>","protected":false},"featured_media":10081,"comment_status":"open","ping_status":"closed","template":"","meta":[],"product_cat":[83],"product_tag":[],"yith_product_brand":[133],"class_list":{"0":"post-10000","1":"product","2":"type-product","3":"status-publish","4":"has-post-thumbnail","6":"product_cat-soins-visage","7":"yith_product_brand-uriage","9":"first","10":"instock","11":"sale","12":"shipping-taxable","13":"purchasable","14":"product-type-simple"},"_links":{"self":[{"href":"https:\/\/parapharmacieenligne.ma\/en\/wp-json\/wp\/v2\/product\/10000","targetHints":{"allow":["GET"]}}],"collection":[{"href":"https:\/\/parapharmacieenligne.ma\/en\/wp-json\/wp\/v2\/product"}],"about":[{"href":"https:\/\/parapharmacieenligne.ma\/en\/wp-json\/wp\/v2\/types\/product"}],"replies":[{"embeddable":true,"href":"https:\/\/parapharmacieenligne.ma\/en\/wp-json\/wp\/v2\/comments?post=10000"}],"version-history":[{"count":1,"href":"https:\/\/parapharmacieenligne.ma\/en\/wp-json\/wp\/v2\/product\/10000\/revisions"}],"predecessor-version":[{"id":10082,"href":"https:\/\/parapharmacieenligne.ma\/en\/wp-json\/wp\/v2\/product\/10000\/revisions\/10082"}],"wp:featuredmedia":[{"embeddable":true,"href":"https:\/\/parapharmacieenligne.ma\/en\/wp-json\/wp\/v2\/media\/10081"}],"wp:attachment":[{"href":"https:\/\/parapharmacieenligne.ma\/en\/wp-json\/wp\/v2\/media?parent=10000"}],"wp:term":[{"taxonomy":"product_cat","embeddable":true,"href":"https:\/\/parapharmacieenligne.ma\/en\/wp-json\/wp\/v2\/product_cat?post=10000"},{"taxonomy":"product_tag","embeddable":true,"href":"https:\/\/parapharmacieenligne.ma\/en\/wp-json\/wp\/v2\/product_tag?post=10000"},{"taxonomy":"yith_product_brand","embeddable":true,"href":"https:\/\/parapharmacieenligne.ma\/en\/wp-json\/wp\/v2\/yith_product_brand?post=10000"}],"curies":[{"name":"wp","href":"https:\/\/api.w.org\/{rel}","templated":true}]}}