{"id":10001,"date":"2026-01-26T17:12:53","date_gmt":"2026-01-26T16:12:53","guid":{"rendered":"https:\/\/parapharmacieenligne.ma\/?post_type=product&#038;p=10001"},"modified":"2026-01-26T17:15:52","modified_gmt":"2026-01-26T16:15:52","slug":"uriage-pruriced-sos-apaisant-apres-piqures-15ml","status":"publish","type":"product","link":"https:\/\/parapharmacieenligne.ma\/en\/product\/uriage-pruriced-sos-apaisant-apres-piqures-15ml\/","title":{"rendered":"URIAGE PRURICED \u2013 SOS APAISANT APR\u00c8S-PIQ\u00dbRES 15ml"},"content":{"rendered":"<div aria-labelledby=\"tab-title-description\" class=\"woocommerce-Tabs-panel woocommerce-Tabs-panel--description panel entry-content wc-tab\" id=\"tab-description\" role=\"tabpanel\" style=\"\">\n<h2>Description<\/h2>\n<p><strong>INNOVATION ANTI-GRATTAGE PRURICED<\/strong><br \/>\n Ce soin apr\u00e8s-piq\u00fbres apaise les d\u00e9mangeaisons li\u00e9es aux piq\u00fbres de moustiques et de plantes. Ce gel frais apaisant est sp\u00e9cialement formul\u00e9 pour soulager les peaux agress\u00e9es.<\/p>\n<p>Actifs dermatologiques : [Calamine + Extrait de poivre + Aloe vera]<br \/>\n <strong>ACTION ANTI-GRATTAGE<\/strong><br \/>\n Sa haute concentration en actifs dermatologiques apaisants [Calamine + Extrait de poivre + Aloe vera] permet de diminuer la sensation de grattage, soulager imm\u00e9diatement les sensations de d\u00e9mangeaisons, rafra\u00eechir et apaiser la peau.<\/p>\n<p><strong>INNOVATION BREVET\u00c9E<\/strong><br \/>\n Action brevet\u00e9e exclusive Uriage sur les r\u00e9cepteurs PAR-2 impliqu\u00e9s dans les d\u00e9mangeaisons.<\/p>\n<p><strong>HAUTE TOL\u00c9RANCE<\/strong><br \/>\n L\u2019eau Thermale d\u2019Uriage adoucit et apaise toutes les peaux, m\u00eame sensibles.<\/p>\n<p>Format roll-on effet gla\u00e7on pour une utilisation pratique et localis\u00e9e.<br \/>\n Test\u00e9 dermatologiquement.<br \/>\n Convient aux b\u00e9b\u00e9s d\u00e8s la naissance, enfants, adultes, s\u00e9niors.<\/p>\n<p><strong>Actifs<\/strong><br \/>\n Eau Thermale d\u2019Uriage \u2013 Calamine \u2013 Extrait de poivre \u2013 Aloe vera<\/p>\n<p>Brevet\u00e9 \u2013 Test\u00e9 sous contr\u00f4le dermatologique \u2013 Non parfum\u00e9<\/p>\n<p><strong>Conseils d\u2019utilisation :<\/strong><br \/>\n Secouer avant d\u2019appliquer localement sur les piq\u00fbres 3 \u00e0 4 fois par jour. Visage et corps. Convient aux b\u00e9b\u00e9s d\u00e8s la naissance, enfants, adultes, s\u00e9niors.<\/p>\n<\/p><\/div>\n","protected":false},"excerpt":{"rendered":"<p>Highlights:Recommand\u00e9e par les dermatologues, la gamme PRURICED est la solution anti-grattage pour toute la famille pour apaiser les zones cutan\u00e9es sujettes aux d\u00e9mangeaisons.<\/p>","protected":false},"featured_media":10083,"comment_status":"open","ping_status":"closed","template":"","meta":[],"product_cat":[85],"product_tag":[],"yith_product_brand":[133],"class_list":{"0":"post-10001","1":"product","2":"type-product","3":"status-publish","4":"has-post-thumbnail","6":"product_cat-soins-corps","7":"yith_product_brand-uriage","9":"first","10":"instock","11":"sale","12":"shipping-taxable","13":"purchasable","14":"product-type-simple"},"_links":{"self":[{"href":"https:\/\/parapharmacieenligne.ma\/en\/wp-json\/wp\/v2\/product\/10001","targetHints":{"allow":["GET"]}}],"collection":[{"href":"https:\/\/parapharmacieenligne.ma\/en\/wp-json\/wp\/v2\/product"}],"about":[{"href":"https:\/\/parapharmacieenligne.ma\/en\/wp-json\/wp\/v2\/types\/product"}],"replies":[{"embeddable":true,"href":"https:\/\/parapharmacieenligne.ma\/en\/wp-json\/wp\/v2\/comments?post=10001"}],"version-history":[{"count":1,"href":"https:\/\/parapharmacieenligne.ma\/en\/wp-json\/wp\/v2\/product\/10001\/revisions"}],"predecessor-version":[{"id":10084,"href":"https:\/\/parapharmacieenligne.ma\/en\/wp-json\/wp\/v2\/product\/10001\/revisions\/10084"}],"wp:featuredmedia":[{"embeddable":true,"href":"https:\/\/parapharmacieenligne.ma\/en\/wp-json\/wp\/v2\/media\/10083"}],"wp:attachment":[{"href":"https:\/\/parapharmacieenligne.ma\/en\/wp-json\/wp\/v2\/media?parent=10001"}],"wp:term":[{"taxonomy":"product_cat","embeddable":true,"href":"https:\/\/parapharmacieenligne.ma\/en\/wp-json\/wp\/v2\/product_cat?post=10001"},{"taxonomy":"product_tag","embeddable":true,"href":"https:\/\/parapharmacieenligne.ma\/en\/wp-json\/wp\/v2\/product_tag?post=10001"},{"taxonomy":"yith_product_brand","embeddable":true,"href":"https:\/\/parapharmacieenligne.ma\/en\/wp-json\/wp\/v2\/yith_product_brand?post=10001"}],"curies":[{"name":"wp","href":"https:\/\/api.w.org\/{rel}","templated":true}]}}