{"id":10017,"date":"2026-01-26T17:13:27","date_gmt":"2026-01-26T16:13:27","guid":{"rendered":"https:\/\/parapharmacieenligne.ma\/?post_type=product&#038;p=10017"},"modified":"2026-01-26T17:16:21","modified_gmt":"2026-01-26T16:16:21","slug":"uriage-xemose-syndet-nettoyant-doux-200-ml","status":"publish","type":"product","link":"https:\/\/parapharmacieenligne.ma\/en\/product\/uriage-xemose-syndet-nettoyant-doux-200-ml\/","title":{"rendered":"Uriage \u2013 Xemose \u2013 Syndet Nettoyant Doux \u2013 200 ml"},"content":{"rendered":"<div aria-labelledby=\"tab-title-description\" class=\"woocommerce-Tabs-panel woocommerce-Tabs-panel--description panel entry-content wc-tab\" id=\"tab-description\" role=\"tabpanel\" style=\"\">\n<h2>Description<\/h2>\n<p>Probl\u00e9matique sp\u00e9cifique<br \/>\n Nettoyant tr\u00e8s doux pour les peaux tr\u00e8s s\u00e8ches, \u00e0 tendance atopique<\/p>\n<p>B\u00e9n\u00e9fice produit<br \/>\n Ce gel-cr\u00e8me nettoyant et apaisant est sp\u00e9cifiquement formul\u00e9 pour la toilette quotidienne des peaux tr\u00e8s s\u00e8ches ou \u00e0 tendance atopique. Sa mousse onctueuse nettoie la peau tout en douceur.<\/p>\n<p>Apaise<br \/>\n L\u2019Eau Thermale d\u2019Uriage, naturellement riche en min\u00e9raux et oligo-\u00e9l\u00e9ments, apaise les peaux les plus s\u00e8ches.<\/p>\n<p>Nettoie<br \/>\n Sa base lavante extra-douce \u00e9limine les impuret\u00e9s de la peau sans agresser, gr\u00e2ce \u00e0 son pH physiologique.<\/p>\n<p>Pr\u00e9serve<br \/>\n Les agents surgraissants sp\u00e9cifiques associ\u00e9s au complexe brevet\u00e9 C\u00e9rasterol-2F pr\u00e9servent de l\u2019effet dess\u00e9chant de l\u2019eau et redonnent du confort \u00e0 la peau.<\/p>\n<p>Caract\u00e9ristiques<br \/>\n Eau Thermale d\u2019Uriage \u2014 Complexe brevet\u00e9 C\u00e9rasterol-2F \u2014 Test\u00e9 sous contr\u00f4le dermatologique \u2014 Non parfum\u00e9 \u2014 Sans savon<\/p>\n<p>Conseil d\u2019utilisation<br \/>\n Faire mousser sur une peau mouill\u00e9e, rincer et s\u00e9cher d\u00e9licatement. USAGE QUOTIDIEN<\/p>\n<\/p><\/div>","protected":false},"excerpt":{"rendered":"<p>Highlights:Gel-Cr\u00e8me, Nettoie sans agresser, Apaise les tiraillements, Prot\u00e8ge contre le Calcaire<\/p>","protected":false},"featured_media":10091,"comment_status":"open","ping_status":"closed","template":"","meta":[],"product_cat":[85],"product_tag":[],"yith_product_brand":[133],"class_list":{"0":"post-10017","1":"product","2":"type-product","3":"status-publish","4":"has-post-thumbnail","6":"product_cat-soins-corps","7":"yith_product_brand-uriage","9":"first","10":"instock","11":"sale","12":"shipping-taxable","13":"purchasable","14":"product-type-simple"},"_links":{"self":[{"href":"https:\/\/parapharmacieenligne.ma\/en\/wp-json\/wp\/v2\/product\/10017","targetHints":{"allow":["GET"]}}],"collection":[{"href":"https:\/\/parapharmacieenligne.ma\/en\/wp-json\/wp\/v2\/product"}],"about":[{"href":"https:\/\/parapharmacieenligne.ma\/en\/wp-json\/wp\/v2\/types\/product"}],"replies":[{"embeddable":true,"href":"https:\/\/parapharmacieenligne.ma\/en\/wp-json\/wp\/v2\/comments?post=10017"}],"version-history":[{"count":1,"href":"https:\/\/parapharmacieenligne.ma\/en\/wp-json\/wp\/v2\/product\/10017\/revisions"}],"predecessor-version":[{"id":10092,"href":"https:\/\/parapharmacieenligne.ma\/en\/wp-json\/wp\/v2\/product\/10017\/revisions\/10092"}],"wp:featuredmedia":[{"embeddable":true,"href":"https:\/\/parapharmacieenligne.ma\/en\/wp-json\/wp\/v2\/media\/10091"}],"wp:attachment":[{"href":"https:\/\/parapharmacieenligne.ma\/en\/wp-json\/wp\/v2\/media?parent=10017"}],"wp:term":[{"taxonomy":"product_cat","embeddable":true,"href":"https:\/\/parapharmacieenligne.ma\/en\/wp-json\/wp\/v2\/product_cat?post=10017"},{"taxonomy":"product_tag","embeddable":true,"href":"https:\/\/parapharmacieenligne.ma\/en\/wp-json\/wp\/v2\/product_tag?post=10017"},{"taxonomy":"yith_product_brand","embeddable":true,"href":"https:\/\/parapharmacieenligne.ma\/en\/wp-json\/wp\/v2\/yith_product_brand?post=10017"}],"curies":[{"name":"wp","href":"https:\/\/api.w.org\/{rel}","templated":true}]}}