{"id":10020,"date":"2026-01-26T17:13:28","date_gmt":"2026-01-26T16:13:28","guid":{"rendered":"https:\/\/parapharmacieenligne.ma\/?post_type=product&#038;p=10020"},"modified":"2026-01-26T17:16:40","modified_gmt":"2026-01-26T16:16:40","slug":"uriage-tolederm-creme-hydra-apaisante-50-ml","status":"publish","type":"product","link":"https:\/\/parapharmacieenligne.ma\/en\/product\/uriage-tolederm-creme-hydra-apaisante-50-ml\/","title":{"rendered":"Uriage \u2013 Tol\u00e9derm \u2013 Cr\u00e8me Hydra-Apaisante \u2013 50 ml"},"content":{"rendered":"<div aria-labelledby=\"tab-title-description\" class=\"woocommerce-Tabs-panel woocommerce-Tabs-panel--description panel entry-content wc-tab\" id=\"tab-description\" role=\"tabpanel\" style=\"\">\n<h2>Description<\/h2>\n<p>Probl\u00e9matique sp\u00e9cifique<br \/>\n Soins peaux sensibles<\/p>\n<p>B\u00e9n\u00e9fice produit<br \/>\n La Cr\u00e8me Hydra-Apaisante TOL\u00c9DERM a \u00e9t\u00e9 sp\u00e9cialement \u00e9labor\u00e9e pour r\u00e9pondre aux besoins des peaux hyper-r\u00e9actives et intol\u00e9rantes. Pr\u00e9ventive et curative, elle calme les sensations d\u2019inconfort (picotements, tiraillements) et hydrate la peau. Ce soin assure une tol\u00e9rance optimale pour un r\u00e9el confort durable.<\/p>\n<p>Diminue l\u2019irritabilit\u00e9 cutan\u00e9e<br \/>\n Gr\u00e2ce \u00e0 une association d\u2019actifs sp\u00e9cifiques \u00e0 base de polyuronides d\u2019algues et d\u2019Eau Thermale d\u2019Uriage, l\u2019irritation cutan\u00e9e diminue.<\/p>\n<p>Am\u00e9liore la r\u00e9sistance de la peau<br \/>\n Apais\u00e9e, la peau est plus r\u00e9sistante et mieux prot\u00e9g\u00e9e face aux agressions ext\u00e9rieures.<\/p>\n<p>Hydrate et restaure le confort<br \/>\n Riche en agents hydratants et en Eau Thermale d\u2019Uriage, ce soin r\u00e9hydrate intens\u00e9ment la peau et restaure le confort de la barri\u00e8re cutan\u00e9e.<\/p>\n<p>Caract\u00e9ristiques<br \/>\n Eau Thermale d\u2019Uriage \u2014 Polyuronides d\u2019algues \u2014 Test\u00e9 sous contr\u00f4le dermatologique \u2014 Non com\u00e9dog\u00e8ne \u2014 Non parfum\u00e9 \u2014 Sans alcool<\/p>\n<p>Conseil d\u2019utilisation<br \/>\n Appliquer quotidiennement, matin et soir, sur le visage et le cou parfaitement nettoy\u00e9s avec l\u2019Eau Micellaire Thermale, pour encore plus d\u2019efficacit\u00e9 et de confort.<\/p>\n<\/p><\/div>","protected":false},"excerpt":{"rendered":"<p>Highlights:Soin Apaisant et Hydratant<\/p>","protected":false},"featured_media":10097,"comment_status":"open","ping_status":"closed","template":"","meta":[],"product_cat":[83],"product_tag":[],"yith_product_brand":[133],"class_list":{"0":"post-10020","1":"product","2":"type-product","3":"status-publish","4":"has-post-thumbnail","6":"product_cat-soins-visage","7":"yith_product_brand-uriage","9":"first","10":"instock","11":"sale","12":"shipping-taxable","13":"purchasable","14":"product-type-simple"},"_links":{"self":[{"href":"https:\/\/parapharmacieenligne.ma\/en\/wp-json\/wp\/v2\/product\/10020","targetHints":{"allow":["GET"]}}],"collection":[{"href":"https:\/\/parapharmacieenligne.ma\/en\/wp-json\/wp\/v2\/product"}],"about":[{"href":"https:\/\/parapharmacieenligne.ma\/en\/wp-json\/wp\/v2\/types\/product"}],"replies":[{"embeddable":true,"href":"https:\/\/parapharmacieenligne.ma\/en\/wp-json\/wp\/v2\/comments?post=10020"}],"version-history":[{"count":1,"href":"https:\/\/parapharmacieenligne.ma\/en\/wp-json\/wp\/v2\/product\/10020\/revisions"}],"predecessor-version":[{"id":10098,"href":"https:\/\/parapharmacieenligne.ma\/en\/wp-json\/wp\/v2\/product\/10020\/revisions\/10098"}],"wp:featuredmedia":[{"embeddable":true,"href":"https:\/\/parapharmacieenligne.ma\/en\/wp-json\/wp\/v2\/media\/10097"}],"wp:attachment":[{"href":"https:\/\/parapharmacieenligne.ma\/en\/wp-json\/wp\/v2\/media?parent=10020"}],"wp:term":[{"taxonomy":"product_cat","embeddable":true,"href":"https:\/\/parapharmacieenligne.ma\/en\/wp-json\/wp\/v2\/product_cat?post=10020"},{"taxonomy":"product_tag","embeddable":true,"href":"https:\/\/parapharmacieenligne.ma\/en\/wp-json\/wp\/v2\/product_tag?post=10020"},{"taxonomy":"yith_product_brand","embeddable":true,"href":"https:\/\/parapharmacieenligne.ma\/en\/wp-json\/wp\/v2\/yith_product_brand?post=10020"}],"curies":[{"name":"wp","href":"https:\/\/api.w.org\/{rel}","templated":true}]}}