{"id":10035,"date":"2026-01-26T17:13:58","date_gmt":"2026-01-26T16:13:58","guid":{"rendered":"https:\/\/parapharmacieenligne.ma\/?post_type=product&#038;p=10035"},"modified":"2026-01-26T17:17:07","modified_gmt":"2026-01-26T16:17:07","slug":"uriage-hyseac-bi-stick-1-g","status":"publish","type":"product","link":"https:\/\/parapharmacieenligne.ma\/en\/product\/uriage-hyseac-bi-stick-1-g\/","title":{"rendered":"Uriage \u2013 Hys\u00e9ac \u2013 Bi-Stick \u2013 1 g"},"content":{"rendered":"<div aria-labelledby=\"tab-title-description\" class=\"woocommerce-Tabs-panel woocommerce-Tabs-panel--description panel entry-content wc-tab\" id=\"tab-description\" role=\"tabpanel\" style=\"\">\n<h2>Description<\/h2>\n<p>Probl\u00e9matique sp\u00e9cifique<br \/>\n Imperfections localis\u00e9es<br \/>\n Besoin de camoufler et de traiter en m\u00eame temps les imperfections<\/p>\n<p>B\u00e9n\u00e9fice produit<br \/>\n Le Bi-stick HYS\u00c9AC, simple et rapide d\u2019utilisation, est un double soin plein de malice gr\u00e2ce \u00e0 ses 2 actions compl\u00e9mentaires. Un soin indispensable \u00e0 emporter partout pour une peau z\u00e9ro d\u00e9faut.<\/p>\n<p>Ass\u00e8che<br \/>\n La lotion hydroalcoolique, enrichie en agents k\u00e9ratolytiques et anti-s\u00e9borrh\u00e9iques, ass\u00e8che l\u2019imperfection tout en l\u2019apaisant gr\u00e2ce \u00e0 l\u2019Eau Thermale d\u2019Uriage.<\/p>\n<p>Camoufle<br \/>\n Le stick correcteur teint\u00e9, compos\u00e9 de poudres soft focus, camoufle l\u2019imperfection et apporte une action apaisante et purifiante gr\u00e2ce au complexe TLR2-Regul et \u00e0 un agent antibact\u00e9rien.<\/p>\n<p>Caract\u00e9ristiques<br \/>\n Lotion<br \/>\n BHA\/AHA \u2014 Extrait de Licorice \u2014 Alcool \u2014 Eau Thermale d\u2019Uriage<\/p>\n<p>Stick<br \/>\n Complexe TLR2-Regul \u2014 Piroctone Olamine \u2014 Poudres soft focus<\/p>\n<p>Haute tol\u00e9rance<br \/>\n Test\u00e9 sous contr\u00f4le dermatologique \u2014 Non com\u00e9dog\u00e8ne \u2014 Non parfum\u00e9<\/p>\n<p>Conseil d\u2019utilisation<br \/>\n Appliquez la lotion localement et laissez s\u00e9cher quelques secondes, puis appliquez le stick sur l\u2019imperfection et estompez d\u00e9licatement.<br \/>\n Peut s\u2019appliquer avant ou apr\u00e8s le fond de teint.<br \/>\n A renouveler par petites touches jusqu\u2019\u00e0 4 fois par jour.<br \/>\n R\u00e9sultat rapide\/Effet tr\u00e8s naturel<\/p>\n<\/p><\/div>","protected":false},"excerpt":{"rendered":"<p>Highlights:Stick Anti-Imperfections<\/p>","protected":false},"featured_media":10103,"comment_status":"open","ping_status":"closed","template":"","meta":[],"product_cat":[83],"product_tag":[],"yith_product_brand":[133],"class_list":{"0":"post-10035","1":"product","2":"type-product","3":"status-publish","4":"has-post-thumbnail","6":"product_cat-soins-visage","7":"yith_product_brand-uriage","9":"first","10":"instock","11":"sale","12":"shipping-taxable","13":"purchasable","14":"product-type-simple"},"_links":{"self":[{"href":"https:\/\/parapharmacieenligne.ma\/en\/wp-json\/wp\/v2\/product\/10035","targetHints":{"allow":["GET"]}}],"collection":[{"href":"https:\/\/parapharmacieenligne.ma\/en\/wp-json\/wp\/v2\/product"}],"about":[{"href":"https:\/\/parapharmacieenligne.ma\/en\/wp-json\/wp\/v2\/types\/product"}],"replies":[{"embeddable":true,"href":"https:\/\/parapharmacieenligne.ma\/en\/wp-json\/wp\/v2\/comments?post=10035"}],"version-history":[{"count":1,"href":"https:\/\/parapharmacieenligne.ma\/en\/wp-json\/wp\/v2\/product\/10035\/revisions"}],"predecessor-version":[{"id":10104,"href":"https:\/\/parapharmacieenligne.ma\/en\/wp-json\/wp\/v2\/product\/10035\/revisions\/10104"}],"wp:featuredmedia":[{"embeddable":true,"href":"https:\/\/parapharmacieenligne.ma\/en\/wp-json\/wp\/v2\/media\/10103"}],"wp:attachment":[{"href":"https:\/\/parapharmacieenligne.ma\/en\/wp-json\/wp\/v2\/media?parent=10035"}],"wp:term":[{"taxonomy":"product_cat","embeddable":true,"href":"https:\/\/parapharmacieenligne.ma\/en\/wp-json\/wp\/v2\/product_cat?post=10035"},{"taxonomy":"product_tag","embeddable":true,"href":"https:\/\/parapharmacieenligne.ma\/en\/wp-json\/wp\/v2\/product_tag?post=10035"},{"taxonomy":"yith_product_brand","embeddable":true,"href":"https:\/\/parapharmacieenligne.ma\/en\/wp-json\/wp\/v2\/yith_product_brand?post=10035"}],"curies":[{"name":"wp","href":"https:\/\/api.w.org\/{rel}","templated":true}]}}