{"id":10037,"date":"2026-01-26T17:13:59","date_gmt":"2026-01-26T16:13:59","guid":{"rendered":"https:\/\/parapharmacieenligne.ma\/?post_type=product&#038;p=10037"},"modified":"2026-01-26T17:17:19","modified_gmt":"2026-01-26T16:17:19","slug":"uriage-bariesun-creme-minerale-spf50-50-ml","status":"publish","type":"product","link":"https:\/\/parapharmacieenligne.ma\/en\/product\/uriage-bariesun-creme-minerale-spf50-50-ml\/","title":{"rendered":"Uriage \u2013 Bari\u00e9sun \u2013 Cr\u00e8me Min\u00e9rale SPF50+ \u2013 50 ml"},"content":{"rendered":"<div aria-labelledby=\"tab-title-description\" class=\"woocommerce-Tabs-panel woocommerce-Tabs-panel--description panel entry-content wc-tab\" id=\"tab-description\" role=\"tabpanel\" style=\"\">\n<h2>Description<\/h2>\n<p>Probl\u00e9matique sp\u00e9cifique<br \/>\n Tous types de peaux<br \/>\n Peaux Intol\u00e9rantes et allergiques aux filtres chimiques, aux parfums et conservateurs<br \/>\n Jeunes enfants \/ Peaux atopiques<\/p>\n<p>B\u00e9n\u00e9fice produit<br \/>\n Sp\u00e9cialement con\u00e7ue pour les peaux intol\u00e9rantes et les peaux les plus fragiles, cette cr\u00e8me non grasse p\u00e9n\u00e8tre rapidement et garantit un maximum de s\u00e9curit\u00e9 et de tol\u00e9rance. R\u00e9sistante \u00e0 l\u2019eau, la peau est prot\u00e9g\u00e9e du soleil.<\/p>\n<p>Assure une tr\u00e8s haute protection<br \/>\n Gr\u00e2ce \u00e0 un complexe photoprotecteur 100% min\u00e9ral, la peau sensible est prot\u00e9g\u00e9e contre les UVA-UVB.<\/p>\n<p>Pr\u00e9vient du dess\u00e8chement cutan\u00e9<br \/>\n Les actifs d\u2019Aquaspongines et l\u2019Eau Thermale d\u2019Uriage assurent une protection intense contre le dess\u00e8chement.<\/p>\n<p>Caract\u00e9ristiques<br \/>\n Eau Thermale d\u2019Uriage \u2014 Complexe 100 % min\u00e9ral anti UVA-UVB \u2014 Aquaspongines \u2014 Vitamine C stabilis\u00e9e et E \u2014 Test\u00e9 sous contr\u00f4le dermatologique \u2014 Non com\u00e9dog\u00e8ne \u2014 Non parfum\u00e9 \u2014 Sans alcool<\/p>\n<p>Conseil d\u2019utilisation<br \/>\n Avant l\u2019exposition, appliquer une dose g\u00e9n\u00e9reuse et homog\u00e8ne pour bien couvrir la zone expos\u00e9e au soleil.<br \/>\n Renouveler l\u2019application fr\u00e9quemment, surtout apr\u00e8s avoir transpir\u00e9, nag\u00e9 ou s\u2019\u00eatre essuy\u00e9.<br \/>\n M\u00eame bien prot\u00e9g\u00e9, r\u00e9duire au maximum l\u2019exposition.<br \/>\n Ne pas exposer les b\u00e9b\u00e9s et les jeunes enfants directement au soleil.<br \/>\n Eviter le contact avec les textiles fragiles.<\/p>\n<\/p><\/div>","protected":false},"excerpt":{"rendered":"<p>Highlights:TR\u00c8S HAUTE PROTECTION SOLAIRE0% filtre chimique0% conservateur0% parfum<\/p>","protected":false},"featured_media":10107,"comment_status":"open","ping_status":"closed","template":"","meta":[],"product_cat":[86],"product_tag":[],"yith_product_brand":[133],"class_list":{"0":"post-10037","1":"product","2":"type-product","3":"status-publish","4":"has-post-thumbnail","6":"product_cat-protection-solaire","7":"yith_product_brand-uriage","9":"first","10":"instock","11":"sale","12":"shipping-taxable","13":"purchasable","14":"product-type-simple"},"_links":{"self":[{"href":"https:\/\/parapharmacieenligne.ma\/en\/wp-json\/wp\/v2\/product\/10037","targetHints":{"allow":["GET"]}}],"collection":[{"href":"https:\/\/parapharmacieenligne.ma\/en\/wp-json\/wp\/v2\/product"}],"about":[{"href":"https:\/\/parapharmacieenligne.ma\/en\/wp-json\/wp\/v2\/types\/product"}],"replies":[{"embeddable":true,"href":"https:\/\/parapharmacieenligne.ma\/en\/wp-json\/wp\/v2\/comments?post=10037"}],"version-history":[{"count":1,"href":"https:\/\/parapharmacieenligne.ma\/en\/wp-json\/wp\/v2\/product\/10037\/revisions"}],"predecessor-version":[{"id":10108,"href":"https:\/\/parapharmacieenligne.ma\/en\/wp-json\/wp\/v2\/product\/10037\/revisions\/10108"}],"wp:featuredmedia":[{"embeddable":true,"href":"https:\/\/parapharmacieenligne.ma\/en\/wp-json\/wp\/v2\/media\/10107"}],"wp:attachment":[{"href":"https:\/\/parapharmacieenligne.ma\/en\/wp-json\/wp\/v2\/media?parent=10037"}],"wp:term":[{"taxonomy":"product_cat","embeddable":true,"href":"https:\/\/parapharmacieenligne.ma\/en\/wp-json\/wp\/v2\/product_cat?post=10037"},{"taxonomy":"product_tag","embeddable":true,"href":"https:\/\/parapharmacieenligne.ma\/en\/wp-json\/wp\/v2\/product_tag?post=10037"},{"taxonomy":"yith_product_brand","embeddable":true,"href":"https:\/\/parapharmacieenligne.ma\/en\/wp-json\/wp\/v2\/yith_product_brand?post=10037"}],"curies":[{"name":"wp","href":"https:\/\/api.w.org\/{rel}","templated":true}]}}