{"id":10047,"date":"2026-01-26T17:14:30","date_gmt":"2026-01-26T16:14:30","guid":{"rendered":"https:\/\/parapharmacieenligne.ma\/?post_type=product&#038;p=10047"},"modified":"2026-01-26T17:17:38","modified_gmt":"2026-01-26T16:17:38","slug":"uriage-hyseac-r-40-ml","status":"publish","type":"product","link":"https:\/\/parapharmacieenligne.ma\/en\/product\/uriage-hyseac-r-40-ml\/","title":{"rendered":"Uriage \u2013 Hys\u00e9ac \u2013 R \u2013 40 ml"},"content":{"rendered":"<div aria-labelledby=\"tab-title-description\" class=\"woocommerce-Tabs-panel woocommerce-Tabs-panel--description panel entry-content wc-tab\" id=\"tab-description\" role=\"tabpanel\" style=\"\">\n<h2>Description<\/h2>\n<p>Probl\u00e9matique sp\u00e9cifique<br \/>\n Peaux grasses et acn\u00e9iques irrit\u00e9es et d\u00e9structur\u00e9es par des traitements m\u00e9dicamenteux<\/p>\n<p>B\u00e9n\u00e9fice produit<br \/>\n HYS\u00c9AC R est l\u2019alli\u00e9 id\u00e9al des peaux dess\u00e9ch\u00e9es par les traitements en apportant du confort imm\u00e9diat et durable.<\/p>\n<p>Apaise imm\u00e9diatement<br \/>\n Sa formule enrichie au TLR2 REGUL (brevet Uriage) et \u00e0 l\u2019extrait de figuier de Barbarie, renforce la performance apaisante du produit et apporte du confort imm\u00e9diat.<\/p>\n<p>Restaure la barri\u00e8re cutan\u00e9e<br \/>\n Gr\u00e2ce au complexe brevet\u00e9 Cerasterol-2F, ce soin aide \u00e0 renforcer la barri\u00e8re cutan\u00e9e tout en respectant sa physiologie naturelle.<\/p>\n<p>Hydrate<\/p>\n<p>Caract\u00e9ristiques<br \/>\n Eau Thermale d\u2019Uriage \u2014 Cerasterol-2F \u2014 TLR2-REGUL \u2014 Extrait de Figuier de Barbarie \u2014 Test\u00e9 sous contr\u00f4le dermatologique \u2014 Non com\u00e9dog\u00e8ne<\/p>\n<p>Conseil d\u2019utilisation<br \/>\n Appliquer matin et\/ou soir sur une peau parfaitement nettoy\u00e9e et s\u00e9ch\u00e9e.<br \/>\n Eviter le contact avec les yeux.<br \/>\n Test\u00e9 sur peaux \u00e0 tendance acn\u00e9ique.<br \/>\n Usage quotidien<br \/>\n Avis d\u00e9pos\u00e9s<\/p>\n<\/p><\/div>","protected":false},"excerpt":{"rendered":"<p>Highlights:Soin Restructurant Apaisant Hydratant<\/p>","protected":false},"featured_media":10111,"comment_status":"open","ping_status":"closed","template":"","meta":[],"product_cat":[83],"product_tag":[],"yith_product_brand":[133],"class_list":{"0":"post-10047","1":"product","2":"type-product","3":"status-publish","4":"has-post-thumbnail","6":"product_cat-soins-visage","7":"yith_product_brand-uriage","9":"first","10":"instock","11":"sale","12":"shipping-taxable","13":"purchasable","14":"product-type-simple"},"_links":{"self":[{"href":"https:\/\/parapharmacieenligne.ma\/en\/wp-json\/wp\/v2\/product\/10047","targetHints":{"allow":["GET"]}}],"collection":[{"href":"https:\/\/parapharmacieenligne.ma\/en\/wp-json\/wp\/v2\/product"}],"about":[{"href":"https:\/\/parapharmacieenligne.ma\/en\/wp-json\/wp\/v2\/types\/product"}],"replies":[{"embeddable":true,"href":"https:\/\/parapharmacieenligne.ma\/en\/wp-json\/wp\/v2\/comments?post=10047"}],"version-history":[{"count":1,"href":"https:\/\/parapharmacieenligne.ma\/en\/wp-json\/wp\/v2\/product\/10047\/revisions"}],"predecessor-version":[{"id":10112,"href":"https:\/\/parapharmacieenligne.ma\/en\/wp-json\/wp\/v2\/product\/10047\/revisions\/10112"}],"wp:featuredmedia":[{"embeddable":true,"href":"https:\/\/parapharmacieenligne.ma\/en\/wp-json\/wp\/v2\/media\/10111"}],"wp:attachment":[{"href":"https:\/\/parapharmacieenligne.ma\/en\/wp-json\/wp\/v2\/media?parent=10047"}],"wp:term":[{"taxonomy":"product_cat","embeddable":true,"href":"https:\/\/parapharmacieenligne.ma\/en\/wp-json\/wp\/v2\/product_cat?post=10047"},{"taxonomy":"product_tag","embeddable":true,"href":"https:\/\/parapharmacieenligne.ma\/en\/wp-json\/wp\/v2\/product_tag?post=10047"},{"taxonomy":"yith_product_brand","embeddable":true,"href":"https:\/\/parapharmacieenligne.ma\/en\/wp-json\/wp\/v2\/yith_product_brand?post=10047"}],"curies":[{"name":"wp","href":"https:\/\/api.w.org\/{rel}","templated":true}]}}