{"id":10048,"date":"2026-01-26T17:14:31","date_gmt":"2026-01-26T16:14:31","guid":{"rendered":"https:\/\/parapharmacieenligne.ma\/?post_type=product&#038;p=10048"},"modified":"2026-01-26T17:17:43","modified_gmt":"2026-01-26T16:17:43","slug":"uriage-bebe-1er-soin-peri-oral-30-ml","status":"publish","type":"product","link":"https:\/\/parapharmacieenligne.ma\/en\/product\/uriage-bebe-1er-soin-peri-oral-30-ml\/","title":{"rendered":"Uriage B\u00e9b\u00e9 \u2013 1er Soin P\u00e9ri-Oral \u2013 30 ml"},"content":{"rendered":"<div aria-labelledby=\"tab-title-description\" class=\"woocommerce-Tabs-panel woocommerce-Tabs-panel--description panel entry-content wc-tab\" id=\"tab-description\" role=\"tabpanel\" style=\"\">\n<h2>Description<\/h2>\n<p>Probl\u00e9matique sp\u00e9cifique<br \/>\n Tous types de peaux<\/p>\n<p>B\u00e9n\u00e9fice produit<br \/>\n Le 1er Soin P\u00e9ri-Oral enrichi en Eau Thermale d\u2019Uriage associ\u00e9e au complexe brevet\u00e9 TLR2-Regul apaise les irritations et calme les rougeurs du contour de la bouche.<\/p>\n<p>Apaise<br \/>\n La technologie brevet\u00e9e TLR2-Regul et l\u2019Eau Thermale d\u2019Uriage apaisent l\u2019inconfort d\u00e9clench\u00e9 par les micro-organismes.<\/p>\n<p>Assainit<br \/>\n Le Gluconate de cuivre et de zinc limitent la flore bact\u00e9rienne.<\/p>\n<p>R\u00e9pare<br \/>\n Ses actifs r\u00e9parent la barri\u00e8re de la peau et lui redonnent confort et souplesse. De plus, le soin constitue une protection<\/p>\n<p>Caract\u00e9ristiques<br \/>\n Cr\u00e8me purifiante, apaisante et r\u00e9paratrice \u2014 Petites irritations, rougeurs du contour de la bouche et des l\u00e8vres \u2014 Irritations dues au pouce ou \u00e0 la sucette \u2014 Ger\u00e7ures, dartres.<\/p>\n<p>Conseil d\u2019utilisation<br \/>\n Appliquer 2 ou 3 fois par jour sur la zone irrit\u00e9e, apr\u00e8s que la peau ait \u00e9t\u00e9 nettoy\u00e9e et soigneusement s\u00e9ch\u00e9e.<\/p>\n<\/p><\/div>","protected":false},"excerpt":{"rendered":"<p>Highlights:Cr\u00e8me R\u00e9paratrice, Irritations du contour de la bouche, dartres, perl\u00e8chesIrritations dues au pouce ou \u00e0 la sucette<\/p>","protected":false},"featured_media":10113,"comment_status":"open","ping_status":"closed","template":"","meta":[],"product_cat":[87],"product_tag":[],"yith_product_brand":[133],"class_list":{"0":"post-10048","1":"product","2":"type-product","3":"status-publish","4":"has-post-thumbnail","6":"product_cat-bebe-et-maman","7":"yith_product_brand-uriage","9":"first","10":"instock","11":"sale","12":"shipping-taxable","13":"purchasable","14":"product-type-simple"},"_links":{"self":[{"href":"https:\/\/parapharmacieenligne.ma\/en\/wp-json\/wp\/v2\/product\/10048","targetHints":{"allow":["GET"]}}],"collection":[{"href":"https:\/\/parapharmacieenligne.ma\/en\/wp-json\/wp\/v2\/product"}],"about":[{"href":"https:\/\/parapharmacieenligne.ma\/en\/wp-json\/wp\/v2\/types\/product"}],"replies":[{"embeddable":true,"href":"https:\/\/parapharmacieenligne.ma\/en\/wp-json\/wp\/v2\/comments?post=10048"}],"version-history":[{"count":1,"href":"https:\/\/parapharmacieenligne.ma\/en\/wp-json\/wp\/v2\/product\/10048\/revisions"}],"predecessor-version":[{"id":10114,"href":"https:\/\/parapharmacieenligne.ma\/en\/wp-json\/wp\/v2\/product\/10048\/revisions\/10114"}],"wp:featuredmedia":[{"embeddable":true,"href":"https:\/\/parapharmacieenligne.ma\/en\/wp-json\/wp\/v2\/media\/10113"}],"wp:attachment":[{"href":"https:\/\/parapharmacieenligne.ma\/en\/wp-json\/wp\/v2\/media?parent=10048"}],"wp:term":[{"taxonomy":"product_cat","embeddable":true,"href":"https:\/\/parapharmacieenligne.ma\/en\/wp-json\/wp\/v2\/product_cat?post=10048"},{"taxonomy":"product_tag","embeddable":true,"href":"https:\/\/parapharmacieenligne.ma\/en\/wp-json\/wp\/v2\/product_tag?post=10048"},{"taxonomy":"yith_product_brand","embeddable":true,"href":"https:\/\/parapharmacieenligne.ma\/en\/wp-json\/wp\/v2\/yith_product_brand?post=10048"}],"curies":[{"name":"wp","href":"https:\/\/api.w.org\/{rel}","templated":true}]}}