{"id":10062,"date":"2026-01-26T17:15:02","date_gmt":"2026-01-26T16:15:02","guid":{"rendered":"https:\/\/parapharmacieenligne.ma\/?post_type=product&#038;p=10062"},"modified":"2026-01-26T17:18:13","modified_gmt":"2026-01-26T16:18:13","slug":"uriage-eau-micellaire-thermale-peaux-intolerantes-250-ml","status":"publish","type":"product","link":"https:\/\/parapharmacieenligne.ma\/en\/product\/uriage-eau-micellaire-thermale-peaux-intolerantes-250-ml\/","title":{"rendered":"Uriage Eau Micellaire Thermale \u2013 Peaux Intol\u00e9rantes \u2013 250 ml"},"content":{"rendered":"<div aria-labelledby=\"tab-title-description\" class=\"woocommerce-Tabs-panel woocommerce-Tabs-panel--description panel entry-content wc-tab\" id=\"tab-description\" role=\"tabpanel\" style=\"\">\n<h2>Description<\/h2>\n<p>Probl\u00e9matique sp\u00e9cifique<br \/>\n Soins peaux d\u00e9shydrat\u00e9s<\/p>\n<p>B\u00e9n\u00e9fice produit<br \/>\n Les Eaux Micellaires Thermales d\u2019Uriage sont parfaitement adapt\u00e9es au d\u00e9maquillage de toutes les peaux gr\u00e2ce aux propri\u00e9t\u00e9s uniques de l\u2019Eau Thermale d\u2019Uriage. Leurs tensioactifs non ioniques doux, constitutifs des micelles, agissent comme des aimants capturant efficacement le maquillage et les impuret\u00e9s.<\/p>\n<p>D\u00e9maquille et nettoie<br \/>\n Cette eau micellaire aux tensioactifs non ioniques doux \u00e9limine en douceur toutes les impuret\u00e9s de la peau. Sans parfum, elle est sp\u00e9cialement formul\u00e9e pour les peaux les plus intol\u00e9rantes.<\/p>\n<p>Apaise<br \/>\n Enrichie en glyc\u00e9rine pour son pouvoir apaisant et hydratant.<\/p>\n<p>Pr\u00e9serve du dess\u00e8chement<br \/>\n Enrichie en Eau Thermale d\u2019Uriage hydratante<\/p>\n<p>Caract\u00e9ristiques<br \/>\n Eau Thermale d\u2019Uriage \u2014 Glyc\u00e9rine \u2014 Tensioactifs non ioniques doux \u2014 Non parfum\u00e9 \u2014 Test\u00e9 sous contr\u00f4le dermatologique \u2014 Test\u00e9e ophtalmologiquement<\/p>\n<p>Conseil d\u2019utilisation<br \/>\n Imbibez un coton d\u2019Eau Micellaire Thermale et passez d\u00e9licatement sur le visage, les yeux et le cou pour nettoyer, sans rin\u00e7age.<br \/>\n Parfaire le d\u00e9maquillage des yeux avec le D\u00e9maquillant Yeux Waterproof.<br \/>\n Vaporisez de l\u2019Eau Thermale d\u2019Uriage sur l\u2019ensemble du visage et laissez p\u00e9n\u00e9trer.<br \/>\n Ne pas s\u00e9cher.<br \/>\n Terminez en appliquant votre soin quotidien.<\/p>\n<\/p><\/div>","protected":false},"excerpt":{"rendered":"<p>Highlights:Eau Micellaire Nettoyante \u2013 Sans Parfum<\/p>","protected":false},"featured_media":10121,"comment_status":"open","ping_status":"closed","template":"","meta":[],"product_cat":[83],"product_tag":[],"yith_product_brand":[133],"class_list":{"0":"post-10062","1":"product","2":"type-product","3":"status-publish","4":"has-post-thumbnail","6":"product_cat-soins-visage","7":"yith_product_brand-uriage","9":"first","10":"instock","11":"sale","12":"shipping-taxable","13":"purchasable","14":"product-type-simple"},"_links":{"self":[{"href":"https:\/\/parapharmacieenligne.ma\/en\/wp-json\/wp\/v2\/product\/10062","targetHints":{"allow":["GET"]}}],"collection":[{"href":"https:\/\/parapharmacieenligne.ma\/en\/wp-json\/wp\/v2\/product"}],"about":[{"href":"https:\/\/parapharmacieenligne.ma\/en\/wp-json\/wp\/v2\/types\/product"}],"replies":[{"embeddable":true,"href":"https:\/\/parapharmacieenligne.ma\/en\/wp-json\/wp\/v2\/comments?post=10062"}],"version-history":[{"count":1,"href":"https:\/\/parapharmacieenligne.ma\/en\/wp-json\/wp\/v2\/product\/10062\/revisions"}],"predecessor-version":[{"id":10122,"href":"https:\/\/parapharmacieenligne.ma\/en\/wp-json\/wp\/v2\/product\/10062\/revisions\/10122"}],"wp:featuredmedia":[{"embeddable":true,"href":"https:\/\/parapharmacieenligne.ma\/en\/wp-json\/wp\/v2\/media\/10121"}],"wp:attachment":[{"href":"https:\/\/parapharmacieenligne.ma\/en\/wp-json\/wp\/v2\/media?parent=10062"}],"wp:term":[{"taxonomy":"product_cat","embeddable":true,"href":"https:\/\/parapharmacieenligne.ma\/en\/wp-json\/wp\/v2\/product_cat?post=10062"},{"taxonomy":"product_tag","embeddable":true,"href":"https:\/\/parapharmacieenligne.ma\/en\/wp-json\/wp\/v2\/product_tag?post=10062"},{"taxonomy":"yith_product_brand","embeddable":true,"href":"https:\/\/parapharmacieenligne.ma\/en\/wp-json\/wp\/v2\/yith_product_brand?post=10062"}],"curies":[{"name":"wp","href":"https:\/\/api.w.org\/{rel}","templated":true}]}}