{"id":10063,"date":"2026-01-26T17:15:02","date_gmt":"2026-01-26T16:15:02","guid":{"rendered":"https:\/\/parapharmacieenligne.ma\/?post_type=product&#038;p=10063"},"modified":"2026-01-26T17:18:18","modified_gmt":"2026-01-26T16:18:18","slug":"uriage-gel-deau-nettoyant-200-ml","status":"publish","type":"product","link":"https:\/\/parapharmacieenligne.ma\/en\/product\/uriage-gel-deau-nettoyant-200-ml\/","title":{"rendered":"Uriage \u2013 Gel d\u2019Eau Nettoyant \u2013 200 ml"},"content":{"rendered":"<div aria-labelledby=\"tab-title-description\" class=\"woocommerce-Tabs-panel woocommerce-Tabs-panel--description panel entry-content wc-tab\" id=\"tab-description\" role=\"tabpanel\" style=\"\">\n<h2>Description<\/h2>\n<p>Probl\u00e9matique sp\u00e9cifique<br \/>\n Peaux normales \u00e0 mixtes<\/p>\n<p>B\u00e9n\u00e9fice produit<br \/>\n Le Gel d\u2019Eau Nettoyant nettoie et purifie la peau en douceur tout en respectant le pH physiologique. Ses agents surgras et hydratants associ\u00e9s \u00e0 l\u2019Eau Thermale d\u2019Uriage font place \u00e0 une peau nette, fra\u00eeche et apais\u00e9e. Sa texture Gel moussante permet un nettoyage en douceur. Sans tiraillements.<\/p>\n<p>Nettoie et d\u00e9maquille<br \/>\n Sa base lavante douce sans savon \u00e9limine les impuret\u00e9s sans agresser la peau, et d\u00e9maquille m\u00eame le maquillage waterproof.<\/p>\n<p>Pr\u00e9serve du dess\u00e8chement<br \/>\n Ses agents surgras am\u00e9liorent le confort cutan\u00e9.<\/p>\n<p>Prot\u00e8ge<br \/>\n Enrichi en Eau Thermale d\u2019Uriage, le Gel d\u2019Eau Nettoyant apaise et adoucit la peau.<\/p>\n<p>Caract\u00e9ristiques<br \/>\n Eau Thermale d\u2019Uriage \u2014 Base lavante sans savon \u2014 Agents hydratants \u2014 pH Physiologique \u2014 Sans savon \u2014 Test\u00e9 sous contr\u00f4le dermatologique \u2014 Test\u00e9 ophtalmologiquement<\/p>\n<p>Conseil d\u2019utilisation<br \/>\n Faire mousser une noisette de gel dans les mains et appliquer sur le visage humidifi\u00e9.<br \/>\n Rincer \u00e0 l\u2019eau claire.<br \/>\n \u00c0 utiliser matin et soir.<\/p>\n<\/p><\/div>","protected":false},"excerpt":{"rendered":"<p>Highlights:Gel nettoyant doux<\/p>","protected":false},"featured_media":10123,"comment_status":"open","ping_status":"closed","template":"","meta":[],"product_cat":[83],"product_tag":[],"yith_product_brand":[133],"class_list":{"0":"post-10063","1":"product","2":"type-product","3":"status-publish","4":"has-post-thumbnail","6":"product_cat-soins-visage","7":"yith_product_brand-uriage","9":"first","10":"instock","11":"sale","12":"shipping-taxable","13":"purchasable","14":"product-type-simple"},"_links":{"self":[{"href":"https:\/\/parapharmacieenligne.ma\/en\/wp-json\/wp\/v2\/product\/10063","targetHints":{"allow":["GET"]}}],"collection":[{"href":"https:\/\/parapharmacieenligne.ma\/en\/wp-json\/wp\/v2\/product"}],"about":[{"href":"https:\/\/parapharmacieenligne.ma\/en\/wp-json\/wp\/v2\/types\/product"}],"replies":[{"embeddable":true,"href":"https:\/\/parapharmacieenligne.ma\/en\/wp-json\/wp\/v2\/comments?post=10063"}],"version-history":[{"count":1,"href":"https:\/\/parapharmacieenligne.ma\/en\/wp-json\/wp\/v2\/product\/10063\/revisions"}],"predecessor-version":[{"id":10124,"href":"https:\/\/parapharmacieenligne.ma\/en\/wp-json\/wp\/v2\/product\/10063\/revisions\/10124"}],"wp:featuredmedia":[{"embeddable":true,"href":"https:\/\/parapharmacieenligne.ma\/en\/wp-json\/wp\/v2\/media\/10123"}],"wp:attachment":[{"href":"https:\/\/parapharmacieenligne.ma\/en\/wp-json\/wp\/v2\/media?parent=10063"}],"wp:term":[{"taxonomy":"product_cat","embeddable":true,"href":"https:\/\/parapharmacieenligne.ma\/en\/wp-json\/wp\/v2\/product_cat?post=10063"},{"taxonomy":"product_tag","embeddable":true,"href":"https:\/\/parapharmacieenligne.ma\/en\/wp-json\/wp\/v2\/product_tag?post=10063"},{"taxonomy":"yith_product_brand","embeddable":true,"href":"https:\/\/parapharmacieenligne.ma\/en\/wp-json\/wp\/v2\/yith_product_brand?post=10063"}],"curies":[{"name":"wp","href":"https:\/\/api.w.org\/{rel}","templated":true}]}}