{"id":10065,"date":"2026-01-26T17:15:03","date_gmt":"2026-01-26T16:15:03","guid":{"rendered":"https:\/\/parapharmacieenligne.ma\/?post_type=product&#038;p=10065"},"modified":"2026-01-26T17:18:34","modified_gmt":"2026-01-26T16:18:34","slug":"uriage-creme-gommante-corps-200-ml","status":"publish","type":"product","link":"https:\/\/parapharmacieenligne.ma\/en\/product\/uriage-creme-gommante-corps-200-ml\/","title":{"rendered":"Uriage \u2013 Cr\u00e8me gommante corps \u2013 200 ml"},"content":{"rendered":"<div aria-labelledby=\"tab-title-description\" class=\"woocommerce-Tabs-panel woocommerce-Tabs-panel--description panel entry-content wc-tab\" id=\"tab-description\" role=\"tabpanel\" style=\"\">\n<h2>Description<\/h2>\n<p>Probl\u00e9matique sp\u00e9cifique<br \/>\n Soins peaux sensibles, Soins peaux normales \u00e0 s\u00e8ches<\/p>\n<p>B\u00e9n\u00e9fice produit<br \/>\n La Cr\u00e8me Gommante Corps offre une double-action exfoliante en associant Gluconolactone et micro-billes de Silice pour un gommage haute tol\u00e9rance et efficace. D\u00e9couvrez l\u2019\u00e9quilibre parfait entre plaisir et technologie de cette cr\u00e8me onctueuse effet peau neuve.<\/p>\n<p>Exfolie<br \/>\n Technologie exfoliante 2 en 1, chimique et m\u00e9canique permet d\u2019\u00e9liminer les cellules mortes sans agression laissant place \u00e0 une peau douce et tonifi\u00e9e.<\/p>\n<p>Adoucit<br \/>\n Texture cr\u00e8me cocooning et parfum floral \u2013 frais assurent confort et plaisir d\u2019utilisation pour toutes les peaux, m\u00eame sensibles.<\/p>\n<p>Hydrate<br \/>\n L\u2019Eau Thermale d\u2019Uriage contenue dans la Cr\u00e8me Gommante Corps lui conf\u00e8re un pouvoir apaisant, hydratant et protecteur.<\/p>\n<p>Caract\u00e9ristiques<br \/>\n Eau Thermale d\u2019Uriage \u2014 Gluconolactone \u2013 Haute tol\u00e9rance \u2014 Micro-billes de Silice \u2014 Test\u00e9 dermatologiquement<\/p>\n<p>Conseil d\u2019utilisation<br \/>\n Appliquer 1 \u00e0 2 fois par semaine sur une peau humide<br \/>\n Masser d\u00e9licatement en effectuant des mouvements circulaires puis rincer.<\/p>\n<\/p><\/div>","protected":false},"excerpt":{"rendered":"<p>Highlights:Gommage corps<\/p>","protected":false},"featured_media":10127,"comment_status":"open","ping_status":"closed","template":"","meta":[],"product_cat":[85],"product_tag":[],"yith_product_brand":[133],"class_list":{"0":"post-10065","1":"product","2":"type-product","3":"status-publish","4":"has-post-thumbnail","6":"product_cat-soins-corps","7":"yith_product_brand-uriage","9":"first","10":"instock","11":"sale","12":"shipping-taxable","13":"purchasable","14":"product-type-simple"},"_links":{"self":[{"href":"https:\/\/parapharmacieenligne.ma\/en\/wp-json\/wp\/v2\/product\/10065","targetHints":{"allow":["GET"]}}],"collection":[{"href":"https:\/\/parapharmacieenligne.ma\/en\/wp-json\/wp\/v2\/product"}],"about":[{"href":"https:\/\/parapharmacieenligne.ma\/en\/wp-json\/wp\/v2\/types\/product"}],"replies":[{"embeddable":true,"href":"https:\/\/parapharmacieenligne.ma\/en\/wp-json\/wp\/v2\/comments?post=10065"}],"version-history":[{"count":1,"href":"https:\/\/parapharmacieenligne.ma\/en\/wp-json\/wp\/v2\/product\/10065\/revisions"}],"predecessor-version":[{"id":10128,"href":"https:\/\/parapharmacieenligne.ma\/en\/wp-json\/wp\/v2\/product\/10065\/revisions\/10128"}],"wp:featuredmedia":[{"embeddable":true,"href":"https:\/\/parapharmacieenligne.ma\/en\/wp-json\/wp\/v2\/media\/10127"}],"wp:attachment":[{"href":"https:\/\/parapharmacieenligne.ma\/en\/wp-json\/wp\/v2\/media?parent=10065"}],"wp:term":[{"taxonomy":"product_cat","embeddable":true,"href":"https:\/\/parapharmacieenligne.ma\/en\/wp-json\/wp\/v2\/product_cat?post=10065"},{"taxonomy":"product_tag","embeddable":true,"href":"https:\/\/parapharmacieenligne.ma\/en\/wp-json\/wp\/v2\/product_tag?post=10065"},{"taxonomy":"yith_product_brand","embeddable":true,"href":"https:\/\/parapharmacieenligne.ma\/en\/wp-json\/wp\/v2\/yith_product_brand?post=10065"}],"curies":[{"name":"wp","href":"https:\/\/api.w.org\/{rel}","templated":true}]}}