{"id":10075,"date":"2026-01-26T17:15:35","date_gmt":"2026-01-26T16:15:35","guid":{"rendered":"https:\/\/parapharmacieenligne.ma\/?post_type=product&#038;p=10075"},"modified":"2026-01-26T17:18:46","modified_gmt":"2026-01-26T16:18:46","slug":"uriage-bebe-1ere-huile-lavante-200-ml","status":"publish","type":"product","link":"https:\/\/parapharmacieenligne.ma\/en\/product\/uriage-bebe-1ere-huile-lavante-200-ml\/","title":{"rendered":"Uriage B\u00e9b\u00e9 \u2013 1\u00e8re Huile lavante \u2013 200 ml"},"content":{"rendered":"<div aria-labelledby=\"tab-title-description\" class=\"woocommerce-Tabs-panel woocommerce-Tabs-panel--description panel entry-content wc-tab\" id=\"tab-description\" role=\"tabpanel\" style=\"\">\n<h2>Description<\/h2>\n<p>Probl\u00e9matique sp\u00e9cifique<br \/>\n Soins peaux normales \u00e0 s\u00e8ches<\/p>\n<p>B\u00e9n\u00e9fice produit<br \/>\n \u00c0 base d\u2019Eau thermale d\u2019Uriage, cette huile lavante onctueuse et agr\u00e9ablement parfum\u00e9e nettoie en douceur et pr\u00e9serve le film hydrolipidique.<\/p>\n<p>Nettoie<br \/>\n Sa base lavante extra-douce sans savon \u00e0 pH physiologique nettoie en douceur.<\/p>\n<p>Nourrit<br \/>\n Gr\u00e2ce \u00e0 sa texture huile, la 1\u00e8re Huile Lavante laisse la peau douce et souple.<\/p>\n<p>Prot\u00e8ge<br \/>\n L\u2019Eau Thermale d\u2019Uriage pr\u00e9sente dans la formule de ce soin, renforce la barri\u00e8re cutan\u00e9e et prot\u00e8ge les peaux les plus d\u00e9licates.<\/p>\n<p>Caract\u00e9ristiques<br \/>\n Nettoie et hydrate en un seul geste \u2014 Laisse un film protecteur \u2014 Mousse fine et cr\u00e9meuse, rin\u00e7age facile \u2014 Parfum doudou<\/p>\n<p>Conseil d\u2019utilisation<br \/>\n Emulsionner \u00e0 l\u2019eau une dose par de l\u00e9gers massages sur une peau mouill\u00e9e.<br \/>\n Rincer et s\u00e9cher sans frotter.<br \/>\n \u00c0 utiliser au quotidien pour maintenir une peau nourrie, douce et souple.<\/p>\n<\/p><\/div>","protected":false},"excerpt":{"rendered":"<p>Highlights:Huile nettoyante protectrice<\/p>","protected":false},"featured_media":10131,"comment_status":"open","ping_status":"closed","template":"","meta":[],"product_cat":[87],"product_tag":[],"yith_product_brand":[133],"class_list":{"0":"post-10075","1":"product","2":"type-product","3":"status-publish","4":"has-post-thumbnail","6":"product_cat-bebe-et-maman","7":"yith_product_brand-uriage","9":"first","10":"instock","11":"sale","12":"shipping-taxable","13":"purchasable","14":"product-type-simple"},"_links":{"self":[{"href":"https:\/\/parapharmacieenligne.ma\/en\/wp-json\/wp\/v2\/product\/10075","targetHints":{"allow":["GET"]}}],"collection":[{"href":"https:\/\/parapharmacieenligne.ma\/en\/wp-json\/wp\/v2\/product"}],"about":[{"href":"https:\/\/parapharmacieenligne.ma\/en\/wp-json\/wp\/v2\/types\/product"}],"replies":[{"embeddable":true,"href":"https:\/\/parapharmacieenligne.ma\/en\/wp-json\/wp\/v2\/comments?post=10075"}],"version-history":[{"count":1,"href":"https:\/\/parapharmacieenligne.ma\/en\/wp-json\/wp\/v2\/product\/10075\/revisions"}],"predecessor-version":[{"id":10132,"href":"https:\/\/parapharmacieenligne.ma\/en\/wp-json\/wp\/v2\/product\/10075\/revisions\/10132"}],"wp:featuredmedia":[{"embeddable":true,"href":"https:\/\/parapharmacieenligne.ma\/en\/wp-json\/wp\/v2\/media\/10131"}],"wp:attachment":[{"href":"https:\/\/parapharmacieenligne.ma\/en\/wp-json\/wp\/v2\/media?parent=10075"}],"wp:term":[{"taxonomy":"product_cat","embeddable":true,"href":"https:\/\/parapharmacieenligne.ma\/en\/wp-json\/wp\/v2\/product_cat?post=10075"},{"taxonomy":"product_tag","embeddable":true,"href":"https:\/\/parapharmacieenligne.ma\/en\/wp-json\/wp\/v2\/product_tag?post=10075"},{"taxonomy":"yith_product_brand","embeddable":true,"href":"https:\/\/parapharmacieenligne.ma\/en\/wp-json\/wp\/v2\/yith_product_brand?post=10075"}],"curies":[{"name":"wp","href":"https:\/\/api.w.org\/{rel}","templated":true}]}}