{"id":10076,"date":"2026-01-26T17:15:36","date_gmt":"2026-01-26T16:15:36","guid":{"rendered":"https:\/\/parapharmacieenligne.ma\/?post_type=product&#038;p=10076"},"modified":"2026-01-26T17:18:50","modified_gmt":"2026-01-26T16:18:50","slug":"uriage-bebe-1ere-creme-hydratante-40-ml","status":"publish","type":"product","link":"https:\/\/parapharmacieenligne.ma\/en\/product\/uriage-bebe-1ere-creme-hydratante-40-ml\/","title":{"rendered":"Uriage B\u00e9b\u00e9 \u2013 1\u00e8re Cr\u00e8me Hydratante \u2013 40 ml"},"content":{"rendered":"<div aria-labelledby=\"tab-title-description\" class=\"woocommerce-Tabs-panel woocommerce-Tabs-panel--description panel entry-content wc-tab\" id=\"tab-description\" role=\"tabpanel\" style=\"\">\n<h2>Description<\/h2>\n<p>Hydrate<br \/>\n 1\u00e8re Cr\u00e8me hydrate de fa\u00e7on optimale la peau sensible de l\u2019enfant gr\u00e2ce \u00e0 l\u2019Eau Thermale d\u2019Uriage et \u00e0 la Glyc\u00e9rine.<\/p>\n<p>Prot\u00e8ge<br \/>\n Elle associe tous les bienfaits de l\u2019Eau Thermale d\u2019Uriage, de la glyc\u00e9rine et de l\u2019eau de bleuet \u00e0 un actif protecteur original qui renforcent les d\u00e9fenses naturelles de la peau vis-\u00e0-vis des agressions ext\u00e9rieures.<\/p>\n<p>CONSEILS D\u2019UTILISATION<\/p>\n<p>Appliquer matin et\/ou soir sur une peau parfaitement propre et s\u00e8che.<\/p>\n<\/p><\/div>","protected":false},"excerpt":{"rendered":"<p>Highlights:Cr\u00e8me Hydra-Protectrice<\/p>","protected":false},"featured_media":10133,"comment_status":"open","ping_status":"closed","template":"","meta":[],"product_cat":[87],"product_tag":[],"yith_product_brand":[133],"class_list":{"0":"post-10076","1":"product","2":"type-product","3":"status-publish","4":"has-post-thumbnail","6":"product_cat-bebe-et-maman","7":"yith_product_brand-uriage","9":"first","10":"instock","11":"sale","12":"shipping-taxable","13":"purchasable","14":"product-type-simple"},"_links":{"self":[{"href":"https:\/\/parapharmacieenligne.ma\/en\/wp-json\/wp\/v2\/product\/10076","targetHints":{"allow":["GET"]}}],"collection":[{"href":"https:\/\/parapharmacieenligne.ma\/en\/wp-json\/wp\/v2\/product"}],"about":[{"href":"https:\/\/parapharmacieenligne.ma\/en\/wp-json\/wp\/v2\/types\/product"}],"replies":[{"embeddable":true,"href":"https:\/\/parapharmacieenligne.ma\/en\/wp-json\/wp\/v2\/comments?post=10076"}],"version-history":[{"count":1,"href":"https:\/\/parapharmacieenligne.ma\/en\/wp-json\/wp\/v2\/product\/10076\/revisions"}],"predecessor-version":[{"id":10134,"href":"https:\/\/parapharmacieenligne.ma\/en\/wp-json\/wp\/v2\/product\/10076\/revisions\/10134"}],"wp:featuredmedia":[{"embeddable":true,"href":"https:\/\/parapharmacieenligne.ma\/en\/wp-json\/wp\/v2\/media\/10133"}],"wp:attachment":[{"href":"https:\/\/parapharmacieenligne.ma\/en\/wp-json\/wp\/v2\/media?parent=10076"}],"wp:term":[{"taxonomy":"product_cat","embeddable":true,"href":"https:\/\/parapharmacieenligne.ma\/en\/wp-json\/wp\/v2\/product_cat?post=10076"},{"taxonomy":"product_tag","embeddable":true,"href":"https:\/\/parapharmacieenligne.ma\/en\/wp-json\/wp\/v2\/product_tag?post=10076"},{"taxonomy":"yith_product_brand","embeddable":true,"href":"https:\/\/parapharmacieenligne.ma\/en\/wp-json\/wp\/v2\/yith_product_brand?post=10076"}],"curies":[{"name":"wp","href":"https:\/\/api.w.org\/{rel}","templated":true}]}}