{"id":10182,"date":"2026-01-26T17:37:31","date_gmt":"2026-01-26T16:37:31","guid":{"rendered":"https:\/\/parapharmacieenligne.ma\/?post_type=product&#038;p=10182"},"modified":"2026-01-26T17:37:43","modified_gmt":"2026-01-26T16:37:43","slug":"a-derma-biology-ac-global-soin-matifiant-40ml","status":"publish","type":"product","link":"https:\/\/parapharmacieenligne.ma\/en\/product\/a-derma-biology-ac-global-soin-matifiant-40ml\/","title":{"rendered":"A-derma Biology AC Global Soin Matifiant 40ml"},"content":{"rendered":"<div aria-labelledby=\"tab-title-description\" class=\"woocommerce-Tabs-panel woocommerce-Tabs-panel--description panel entry-content wc-tab\" id=\"tab-description\" role=\"tabpanel\" style=\"\">\n<h2>Description<\/h2>\n<div class=\"block-content\">\n<p>Ce soin dermatologique matifiant complet destin\u00e9 aux peaux \u00e0 tendances acn\u00e9iques cible les boutons et les points noirs, d\u00e8s 9 ans. Cette cr\u00e8me hydratante anti-imperfections est efficace \u00e0 la fois contre les marques rouges et les brunes.<br \/>\n Elle pr\u00e9vient la r\u00e9cidive* en r\u00e9\u00e9quilibrant le microbiome et r\u00e9duit l\u2019exc\u00e8s de s\u00e9bum. Efficace sur les marques, elle d\u00e9sincruste les pores et matifie \u00e9galement la peau. Avec un fini mat, non collant, non gras, et un l\u00e9ger parfum v\u00e9g\u00e9tal, Biology AC Global s\u2019applique le matin et\/ou soir sur l\u2019ensemble du visage et\/ou dos.<br \/>\n Test\u00e9 en association avec les principaux traitements topiques et oraux des peaux \u00e0 tendance acn\u00e9iques, ce soin adapt\u00e9 aux pr\u00e9-adolescents, aux adolescents et aux adultes compose \u00e9galement une bonne base de maquillage.<br \/>\n Sa formulation \u00e0 la pointe de l\u2019innovation \u00e0 base de 99% d\u2019ingr\u00e9dients d\u2019origine naturelle contient de l\u2019Avoine Rhealba\u00ae issue de l\u2019agriculture biologique, et prot\u00e8ge la barri\u00e8re cutan\u00e9e de la pollution.<br \/>\n Info Vegan : sans ingr\u00e9dient d\u2019origine animale.<\/p>\n<\/p><\/div>\n<div class=\"block-content has-heading\">\n<div class=\"block-content-heading\">\n<h3 class=\"\" id=\"\">Avantage<\/h3>\n<\/p><\/div>\n<p>Cette cr\u00e8me hydratante anti-imperfections agit \u00e9galement sur les marques rouges et brunes, r\u00e9duit l\u2019exc\u00e8s de s\u00e9bum et pr\u00e9vient la r\u00e9cidive*<\/p>\n<div class=\"block-content-heading\">\n<h3 class=\"\" id=\"\">B\u00e9n\u00e9fices<\/h3>\n<\/p><\/div>\n<p>\u2022 EFFICACE sur les boutons, les marques et les points noirs.<br \/>\n \u2022 REEQUILIBRE le microbiome.<br \/>\n \u2022 DERMATOLOGIQUE et certifi\u00e9 BIO : issu de la dermatologie v\u00e9g\u00e9tale 99% d\u2019ingr\u00e9dients d\u2019origine naturelle.<\/p>\n<\/p><\/div>\n<\/p><\/div>","protected":false},"excerpt":{"rendered":"<p>Highlights:Soin matifiant anti-imperfections complet, d\u00e8s 9 ans. Cible les boutons et les points noirs. Action anti-marques.<\/p>","protected":false},"featured_media":10198,"comment_status":"open","ping_status":"closed","template":"","meta":[],"product_cat":[83],"product_tag":[],"yith_product_brand":[135],"class_list":{"0":"post-10182","1":"product","2":"type-product","3":"status-publish","4":"has-post-thumbnail","6":"product_cat-soins-visage","7":"yith_product_brand-a-derma","9":"first","10":"instock","11":"sale","12":"shipping-taxable","13":"purchasable","14":"product-type-simple"},"_links":{"self":[{"href":"https:\/\/parapharmacieenligne.ma\/en\/wp-json\/wp\/v2\/product\/10182","targetHints":{"allow":["GET"]}}],"collection":[{"href":"https:\/\/parapharmacieenligne.ma\/en\/wp-json\/wp\/v2\/product"}],"about":[{"href":"https:\/\/parapharmacieenligne.ma\/en\/wp-json\/wp\/v2\/types\/product"}],"replies":[{"embeddable":true,"href":"https:\/\/parapharmacieenligne.ma\/en\/wp-json\/wp\/v2\/comments?post=10182"}],"version-history":[{"count":1,"href":"https:\/\/parapharmacieenligne.ma\/en\/wp-json\/wp\/v2\/product\/10182\/revisions"}],"predecessor-version":[{"id":10199,"href":"https:\/\/parapharmacieenligne.ma\/en\/wp-json\/wp\/v2\/product\/10182\/revisions\/10199"}],"wp:featuredmedia":[{"embeddable":true,"href":"https:\/\/parapharmacieenligne.ma\/en\/wp-json\/wp\/v2\/media\/10198"}],"wp:attachment":[{"href":"https:\/\/parapharmacieenligne.ma\/en\/wp-json\/wp\/v2\/media?parent=10182"}],"wp:term":[{"taxonomy":"product_cat","embeddable":true,"href":"https:\/\/parapharmacieenligne.ma\/en\/wp-json\/wp\/v2\/product_cat?post=10182"},{"taxonomy":"product_tag","embeddable":true,"href":"https:\/\/parapharmacieenligne.ma\/en\/wp-json\/wp\/v2\/product_tag?post=10182"},{"taxonomy":"yith_product_brand","embeddable":true,"href":"https:\/\/parapharmacieenligne.ma\/en\/wp-json\/wp\/v2\/yith_product_brand?post=10182"}],"curies":[{"name":"wp","href":"https:\/\/api.w.org\/{rel}","templated":true}]}}