{"id":10194,"date":"2026-01-26T17:37:36","date_gmt":"2026-01-26T16:37:36","guid":{"rendered":"https:\/\/parapharmacieenligne.ma\/?post_type=product&#038;p=10194"},"modified":"2026-01-26T17:38:47","modified_gmt":"2026-01-26T16:38:47","slug":"a-derma-cytelium-spray-assechant-apaisant-spray-assechant-cytelium-100-ml","status":"publish","type":"product","link":"https:\/\/parapharmacieenligne.ma\/en\/product\/a-derma-cytelium-spray-assechant-apaisant-spray-assechant-cytelium-100-ml\/","title":{"rendered":"A-DERMA \u2014 CYTELIUM SPRAY ASS\u00c9CHANT APAISANT \u2014 Spray ass\u00e9chant \u2014 CYTELIUM 100 ml"},"content":{"rendered":"<div aria-labelledby=\"tab-title-description\" class=\"woocommerce-Tabs-panel woocommerce-Tabs-panel--description panel entry-content wc-tab\" id=\"tab-description\" role=\"tabpanel\" style=\"\">\n<h2>Description<\/h2>\n<div>Il ass\u00e8che et apaise sans colorer la peau, les plis, les zones intimes externes, l\u2019\u00e9piderme fessier et les zones fragilis\u00e9es sujettes \u00e0 mac\u00e9ration, d\u00e8s la premi\u00e8re application. Une formule sans parfum, d\u2019origine naturelle et haute tol\u00e9rance adapt\u00e9e \u00e0 toute la famille, qui fait de CYTELIUM Spray ass\u00e9chant le plus pl\u00e9biscit\u00e9 des produits ass\u00e9chants vendus en pharmacie.*Avoine Rhealba\u00ae issu de l\u2019agriculture biologique.Info Vegan : sans ingr\u00e9dient d\u2019origine animale.* IQVIA \u2013 Pharmatrend International \u2013 March\u00e9 83H1 PROD. BEAUTE PR REST. PEAU en lotions et sprays \u2013 en Pharmacie en Allemagne, Autriche, Belgique, Espagne, France, Gr\u00e8ce, Italie, Pologne, Portugal, Slovaquie, Suisse et R\u00e9publique Tch\u00e8que \u2013 Ann\u00e9e 2019 \u2013 en volume et valeur<\/div>\n<h4>Bienfaits :<\/h4>\n<div>\u2022 ASS\u00c8CHE les peaux irrit\u00e9es sujettes \u00e0 mac\u00e9ration \u2013 Spray ass\u00e9chant.<br \/>\n \u2022 APAISE imm\u00e9diatement les zones irrit\u00e9es sujettes \u00e0 mac\u00e9ration.<br \/>\n \u2022 RESPECTE la peau gr\u00e2ce \u00e0 sa formule minimaliste, naturelle et haute tol\u00e9rance.<\/div>\n<h4>Conseils d\u2019utilisations :<\/h4>\n<div>Nettoyer et assainir la zone irrit\u00e9e avant application. Agiter le flacon.<br \/>\n Appliquer 2 \u00e0 3 fois par jour.<br \/>\n Ne pas vaporiser vers les yeux.<\/div>\n<div>\n<h4>Ingredients :<\/h4>\n<p>WATER (AQUA). ZINC OXIDE. HYDROGENATED STARCH HYDROLYSATE. ACRYLATES\/VINYL ISODECANOATE CROSSPOLYMER. AVENA SATIVA (OAT) LEAF\/STEM EXTRACT (AVENA SATIVA LEAF\/STEM EXTRACT). BENZYL ALCOHOL. SODIUM HYDROXIDE<\/p>\n<\/p><\/div>\n<div id=\"gtx-trans\" style=\"position: absolute; left: -100px; top: -19.1285px;\">\n<div class=\"gtx-trans-icon\"><\/div>\n<\/p><\/div>\n<\/p><\/div>","protected":false},"excerpt":{"rendered":"<p>Highlights:Ce spray a la texture aqueuse et l\u00e9g\u00e8re, compos\u00e9e de seulement sept ingr\u00e9dients \u00e0 99 % d\u2019origine naturelle.<\/p>","protected":false},"featured_media":10222,"comment_status":"open","ping_status":"closed","template":"","meta":[],"product_cat":[85],"product_tag":[],"yith_product_brand":[135],"class_list":{"0":"post-10194","1":"product","2":"type-product","3":"status-publish","4":"has-post-thumbnail","6":"product_cat-soins-corps","7":"yith_product_brand-a-derma","9":"first","10":"instock","11":"sale","12":"shipping-taxable","13":"purchasable","14":"product-type-simple"},"_links":{"self":[{"href":"https:\/\/parapharmacieenligne.ma\/en\/wp-json\/wp\/v2\/product\/10194","targetHints":{"allow":["GET"]}}],"collection":[{"href":"https:\/\/parapharmacieenligne.ma\/en\/wp-json\/wp\/v2\/product"}],"about":[{"href":"https:\/\/parapharmacieenligne.ma\/en\/wp-json\/wp\/v2\/types\/product"}],"replies":[{"embeddable":true,"href":"https:\/\/parapharmacieenligne.ma\/en\/wp-json\/wp\/v2\/comments?post=10194"}],"version-history":[{"count":1,"href":"https:\/\/parapharmacieenligne.ma\/en\/wp-json\/wp\/v2\/product\/10194\/revisions"}],"predecessor-version":[{"id":10223,"href":"https:\/\/parapharmacieenligne.ma\/en\/wp-json\/wp\/v2\/product\/10194\/revisions\/10223"}],"wp:featuredmedia":[{"embeddable":true,"href":"https:\/\/parapharmacieenligne.ma\/en\/wp-json\/wp\/v2\/media\/10222"}],"wp:attachment":[{"href":"https:\/\/parapharmacieenligne.ma\/en\/wp-json\/wp\/v2\/media?parent=10194"}],"wp:term":[{"taxonomy":"product_cat","embeddable":true,"href":"https:\/\/parapharmacieenligne.ma\/en\/wp-json\/wp\/v2\/product_cat?post=10194"},{"taxonomy":"product_tag","embeddable":true,"href":"https:\/\/parapharmacieenligne.ma\/en\/wp-json\/wp\/v2\/product_tag?post=10194"},{"taxonomy":"yith_product_brand","embeddable":true,"href":"https:\/\/parapharmacieenligne.ma\/en\/wp-json\/wp\/v2\/yith_product_brand?post=10194"}],"curies":[{"name":"wp","href":"https:\/\/api.w.org\/{rel}","templated":true}]}}