{"id":10251,"date":"2026-01-27T11:51:15","date_gmt":"2026-01-27T10:51:15","guid":{"rendered":"https:\/\/parapharmacieenligne.ma\/?post_type=product&#038;p=10251"},"modified":"2026-01-27T11:51:33","modified_gmt":"2026-01-27T10:51:33","slug":"vertu-plus-levure-de-bierre-200-comprimes","status":"publish","type":"product","link":"https:\/\/parapharmacieenligne.ma\/en\/product\/vertu-plus-levure-de-bierre-200-comprimes\/","title":{"rendered":"Vertu Plus Levure de Bierre 200 Comprimes"},"content":{"rendered":"<div aria-labelledby=\"tab-title-description\" class=\"woocommerce-Tabs-panel woocommerce-Tabs-panel--description panel entry-content wc-tab\" id=\"tab-description\" role=\"tabpanel\" style=\"\">\n<h2>Description<\/h2>\n<div class=\"flex max-w-full flex-col flex-grow\">\n<div class=\"min-h-8 text-message flex w-full flex-col items-end gap-2 whitespace-normal break-words [.text-message+&amp;]:mt-5\" data-message-author-role=\"assistant\" data-message-id=\"ec696748-10f4-4758-88e6-6013bb998d91\" dir=\"auto\">\n<div class=\"flex w-full flex-col gap-1 empty:hidden first:pt-[3px]\">\n<div class=\"markdown prose w-full break-words dark:prose-invert light\">\n<p>Vertu Plus Levure de Bi\u00e8re est formul\u00e9 \u00e0 partir de levure de bi\u00e8re, un superaliment naturellement riche en vitamines B, en prot\u00e9ines et en min\u00e9raux essentiels tels que le zinc, le fer et le magn\u00e9sium. Ce compl\u00e9ment est id\u00e9al pour ceux qui souhaitent renforcer leurs cheveux, am\u00e9liorer l\u2019apparence de leur peau et fortifier leurs ongles. En plus de ses bienfaits cosm\u00e9tiques, la levure de bi\u00e8re soutient \u00e9galement une bonne digestion et \u00e9quilibre la flore intestinale gr\u00e2ce \u00e0 sa richesse en probiotiques. Ce produit est parfait pour une cure revitalisante. Chaque bo\u00eete contient 200 comprim\u00e9s, faciles \u00e0 int\u00e9grer dans une routine quotidienne pour un soutien complet de la sant\u00e9 et de la beaut\u00e9.<\/p>\n<\/p><\/div>\n<\/p><\/div>\n<\/p><\/div>\n<\/p><\/div>\n<\/p><\/div>\n","protected":false},"excerpt":{"rendered":"<p>Highlights:Vertu Plus Levure de Bi\u00e8re \u2013 200 Comprim\u00e9s est un compl\u00e9ment alimentaire naturel riche en vitamines B, en min\u00e9raux et en prot\u00e9ines, con\u00e7u pour am\u00e9liorer la sant\u00e9 des cheveux, de la peau et des ongles, tout en favorisant la digestion.<\/p>","protected":false},"featured_media":10282,"comment_status":"open","ping_status":"closed","template":"","meta":[],"product_cat":[92],"product_tag":[],"yith_product_brand":[137],"class_list":{"0":"post-10251","1":"product","2":"type-product","3":"status-publish","4":"has-post-thumbnail","6":"product_cat-complements-alimentaires","7":"yith_product_brand-vertu-plus","9":"first","10":"instock","11":"sale","12":"shipping-taxable","13":"purchasable","14":"product-type-simple"},"_links":{"self":[{"href":"https:\/\/parapharmacieenligne.ma\/en\/wp-json\/wp\/v2\/product\/10251","targetHints":{"allow":["GET"]}}],"collection":[{"href":"https:\/\/parapharmacieenligne.ma\/en\/wp-json\/wp\/v2\/product"}],"about":[{"href":"https:\/\/parapharmacieenligne.ma\/en\/wp-json\/wp\/v2\/types\/product"}],"replies":[{"embeddable":true,"href":"https:\/\/parapharmacieenligne.ma\/en\/wp-json\/wp\/v2\/comments?post=10251"}],"version-history":[{"count":1,"href":"https:\/\/parapharmacieenligne.ma\/en\/wp-json\/wp\/v2\/product\/10251\/revisions"}],"predecessor-version":[{"id":10283,"href":"https:\/\/parapharmacieenligne.ma\/en\/wp-json\/wp\/v2\/product\/10251\/revisions\/10283"}],"wp:featuredmedia":[{"embeddable":true,"href":"https:\/\/parapharmacieenligne.ma\/en\/wp-json\/wp\/v2\/media\/10282"}],"wp:attachment":[{"href":"https:\/\/parapharmacieenligne.ma\/en\/wp-json\/wp\/v2\/media?parent=10251"}],"wp:term":[{"taxonomy":"product_cat","embeddable":true,"href":"https:\/\/parapharmacieenligne.ma\/en\/wp-json\/wp\/v2\/product_cat?post=10251"},{"taxonomy":"product_tag","embeddable":true,"href":"https:\/\/parapharmacieenligne.ma\/en\/wp-json\/wp\/v2\/product_tag?post=10251"},{"taxonomy":"yith_product_brand","embeddable":true,"href":"https:\/\/parapharmacieenligne.ma\/en\/wp-json\/wp\/v2\/yith_product_brand?post=10251"}],"curies":[{"name":"wp","href":"https:\/\/api.w.org\/{rel}","templated":true}]}}