{"id":10255,"date":"2026-01-27T11:51:17","date_gmt":"2026-01-27T10:51:17","guid":{"rendered":"https:\/\/parapharmacieenligne.ma\/?post_type=product&#038;p=10255"},"modified":"2026-01-27T11:51:54","modified_gmt":"2026-01-27T10:51:54","slug":"vertu-plus-zinc-for-60-gelules","status":"publish","type":"product","link":"https:\/\/parapharmacieenligne.ma\/en\/product\/vertu-plus-zinc-for-60-gelules\/","title":{"rendered":"Vertu Plus Zinc For 60 g\u00e9lules"},"content":{"rendered":"<div aria-labelledby=\"tab-title-description\" class=\"woocommerce-Tabs-panel woocommerce-Tabs-panel--description panel entry-content wc-tab\" id=\"tab-description\" role=\"tabpanel\">\n<h2>Description<\/h2>\n<p>Le Zinc est un Oligo-\u00e9l\u00e9ment indispensable au fonctionnement de l\u2019organisme. Il est n\u00e9cessaire \u00e0 l\u2019activit\u00e9 de plusieurs centaines d\u2019enzymes, au m\u00e9tabolisme des prot\u00e9ines, et \u00e0 la stabilisation des membranes cellulaires.<\/p>\n<p>Il entre dans la lutte contre le vieillissement et stimule le syst\u00e8me immunitaire.<\/p>\n<ul>\n<li>Aide au support du syst\u00e8me immunitaire.<\/li>\n<li>Est utilis\u00e9 pour la division cellulaire.<\/li>\n<li>Aide \u00e0 reparer les radicaux libres.<\/li>\n<li>Aide \u00e0 gu\u00e9rir les blessures.<\/li>\n<li>Aide \u00e0 construire et maintenir un cartilage fort.<\/li>\n<li>Abaisse le taux de cholest\u00e9rol.<\/li>\n<li>Est bon pour la souplesse des muscles.<\/li>\n<li>Assure une bonne protection de la prostate.<\/li>\n<\/ul><\/div>","protected":false},"excerpt":{"rendered":"<p>Highlights:1 \u00e0 2 g\u00e9lules \u00e0 prendre avant les repas avec un grand verre d\u2019eau.A prendre au moins 2 heures avant ou apr\u00e8s les compl\u00e9ments alimentaires contenant du fer ou du calcium. A \u00e9viter en cas de grossesse ou allaitement.<\/p>","protected":false},"featured_media":10290,"comment_status":"open","ping_status":"closed","template":"","meta":[],"product_cat":[92],"product_tag":[],"yith_product_brand":[137],"class_list":{"0":"post-10255","1":"product","2":"type-product","3":"status-publish","4":"has-post-thumbnail","6":"product_cat-complements-alimentaires","7":"yith_product_brand-vertu-plus","9":"first","10":"instock","11":"sale","12":"shipping-taxable","13":"purchasable","14":"product-type-simple"},"_links":{"self":[{"href":"https:\/\/parapharmacieenligne.ma\/en\/wp-json\/wp\/v2\/product\/10255","targetHints":{"allow":["GET"]}}],"collection":[{"href":"https:\/\/parapharmacieenligne.ma\/en\/wp-json\/wp\/v2\/product"}],"about":[{"href":"https:\/\/parapharmacieenligne.ma\/en\/wp-json\/wp\/v2\/types\/product"}],"replies":[{"embeddable":true,"href":"https:\/\/parapharmacieenligne.ma\/en\/wp-json\/wp\/v2\/comments?post=10255"}],"version-history":[{"count":1,"href":"https:\/\/parapharmacieenligne.ma\/en\/wp-json\/wp\/v2\/product\/10255\/revisions"}],"predecessor-version":[{"id":10291,"href":"https:\/\/parapharmacieenligne.ma\/en\/wp-json\/wp\/v2\/product\/10255\/revisions\/10291"}],"wp:featuredmedia":[{"embeddable":true,"href":"https:\/\/parapharmacieenligne.ma\/en\/wp-json\/wp\/v2\/media\/10290"}],"wp:attachment":[{"href":"https:\/\/parapharmacieenligne.ma\/en\/wp-json\/wp\/v2\/media?parent=10255"}],"wp:term":[{"taxonomy":"product_cat","embeddable":true,"href":"https:\/\/parapharmacieenligne.ma\/en\/wp-json\/wp\/v2\/product_cat?post=10255"},{"taxonomy":"product_tag","embeddable":true,"href":"https:\/\/parapharmacieenligne.ma\/en\/wp-json\/wp\/v2\/product_tag?post=10255"},{"taxonomy":"yith_product_brand","embeddable":true,"href":"https:\/\/parapharmacieenligne.ma\/en\/wp-json\/wp\/v2\/yith_product_brand?post=10255"}],"curies":[{"name":"wp","href":"https:\/\/api.w.org\/{rel}","templated":true}]}}