{"id":10261,"date":"2026-01-27T11:51:19","date_gmt":"2026-01-27T10:51:19","guid":{"rendered":"https:\/\/parapharmacieenligne.ma\/?post_type=product&#038;p=10261"},"modified":"2026-01-27T11:52:26","modified_gmt":"2026-01-27T10:52:26","slug":"vertu-plus-focus-90-gelules","status":"publish","type":"product","link":"https:\/\/parapharmacieenligne.ma\/en\/product\/vertu-plus-focus-90-gelules\/","title":{"rendered":"VERTU PLUS FOCUS 90 GELULES"},"content":{"rendered":"<div aria-labelledby=\"tab-title-description\" class=\"woocommerce-Tabs-panel woocommerce-Tabs-panel--description panel entry-content wc-tab\" id=\"tab-description\" role=\"tabpanel\" style=\"\">\n<h2>Description<\/h2>\n<p>\u2022 Favoriser la perte de poids gr\u00e2ce \u00e0 la richesse en fibres.<br \/>\n \u2022 Stimuler la glande thyro\u00efde (Hypothyro\u00efdie).<br \/>\n \u2022 Effet Coupe faim naturel.<br \/>\n \u2022 Favoriser la digestion et le transir intestinal.<br \/>\n \u2022 R\u00e9parer les carences en vitamines et oligo-\u00e9l\u00e9ments.<br \/>\n \u2022 Anti-ob\u00e9sit\u00e9.<br \/>\n \u2022 Anti-fatigue, Anti-inflammatoire.<\/p>\n<\/p><\/div>","protected":false},"excerpt":{"rendered":"<p>Highlights:Ce produit est compos\u00e9 de Fernblock\u00ae, le m\u00e9lange exclusif de White Tech Complex consiste \u00e0 contr\u00f4ler et bloquer l\u2019enzyme principale qui est responsable de la production de m\u00e9lanine.<\/p>","protected":false},"featured_media":10302,"comment_status":"open","ping_status":"closed","template":"","meta":[],"product_cat":[92],"product_tag":[],"yith_product_brand":[137],"class_list":{"0":"post-10261","1":"product","2":"type-product","3":"status-publish","4":"has-post-thumbnail","6":"product_cat-complements-alimentaires","7":"yith_product_brand-vertu-plus","9":"first","10":"instock","11":"sale","12":"shipping-taxable","13":"purchasable","14":"product-type-simple"},"_links":{"self":[{"href":"https:\/\/parapharmacieenligne.ma\/en\/wp-json\/wp\/v2\/product\/10261","targetHints":{"allow":["GET"]}}],"collection":[{"href":"https:\/\/parapharmacieenligne.ma\/en\/wp-json\/wp\/v2\/product"}],"about":[{"href":"https:\/\/parapharmacieenligne.ma\/en\/wp-json\/wp\/v2\/types\/product"}],"replies":[{"embeddable":true,"href":"https:\/\/parapharmacieenligne.ma\/en\/wp-json\/wp\/v2\/comments?post=10261"}],"version-history":[{"count":1,"href":"https:\/\/parapharmacieenligne.ma\/en\/wp-json\/wp\/v2\/product\/10261\/revisions"}],"predecessor-version":[{"id":10303,"href":"https:\/\/parapharmacieenligne.ma\/en\/wp-json\/wp\/v2\/product\/10261\/revisions\/10303"}],"wp:featuredmedia":[{"embeddable":true,"href":"https:\/\/parapharmacieenligne.ma\/en\/wp-json\/wp\/v2\/media\/10302"}],"wp:attachment":[{"href":"https:\/\/parapharmacieenligne.ma\/en\/wp-json\/wp\/v2\/media?parent=10261"}],"wp:term":[{"taxonomy":"product_cat","embeddable":true,"href":"https:\/\/parapharmacieenligne.ma\/en\/wp-json\/wp\/v2\/product_cat?post=10261"},{"taxonomy":"product_tag","embeddable":true,"href":"https:\/\/parapharmacieenligne.ma\/en\/wp-json\/wp\/v2\/product_tag?post=10261"},{"taxonomy":"yith_product_brand","embeddable":true,"href":"https:\/\/parapharmacieenligne.ma\/en\/wp-json\/wp\/v2\/yith_product_brand?post=10261"}],"curies":[{"name":"wp","href":"https:\/\/api.w.org\/{rel}","templated":true}]}}