{"id":10265,"date":"2026-01-27T11:51:21","date_gmt":"2026-01-27T10:51:21","guid":{"rendered":"https:\/\/parapharmacieenligne.ma\/?post_type=product&#038;p=10265"},"modified":"2026-01-27T11:52:37","modified_gmt":"2026-01-27T10:52:37","slug":"vertu-plus-spiruline-200-comprimes","status":"publish","type":"product","link":"https:\/\/parapharmacieenligne.ma\/en\/product\/vertu-plus-spiruline-200-comprimes\/","title":{"rendered":"Vertu Plus Spiruline 200 Comprim\u00e9s"},"content":{"rendered":"<div aria-labelledby=\"tab-title-description\" class=\"woocommerce-Tabs-panel woocommerce-Tabs-panel--description panel entry-content wc-tab\" id=\"tab-description\" role=\"tabpanel\" style=\"\">\n<h2>Description<\/h2>\n<div>\n<p id=\"indications-de-la-spiruline\">La spiruline a de nombreuses vertus pour la sant\u00e9. En effet, cette micro-algue permet de :<\/p>\n<\/p><\/div>\n<div>\n<ul>\n<li>traiter l\u2019hypercholest\u00e9rol\u00e9mie ;<\/li>\n<li>traiter la rhinite allergique ;<\/li>\n<li>traiter le diab\u00e8te ;<\/li>\n<li>stimuler le syst\u00e8me immunitaire ;<\/li>\n<li>favoriser la perte de poids<\/li>\n<\/ul><\/div>\n<\/p><\/div>","protected":false},"excerpt":{"rendered":"<p>Highlights:La spiruline est une algue spiral\u00e9e qui existe depuis 3 milliards d\u2019ann\u00e9es. Faible en calorie, elle contient une grande quantit\u00e9 de prot\u00e9ines, d\u2019antioxydants (carot\u00e9no\u00efdes, phycocyanine) et d\u2019acide gamma-linol\u00e9nique (issu de la famille des om\u00e9ga-6).<\/p>","protected":false},"featured_media":10310,"comment_status":"open","ping_status":"closed","template":"","meta":[],"product_cat":[92],"product_tag":[],"yith_product_brand":[137],"class_list":{"0":"post-10265","1":"product","2":"type-product","3":"status-publish","4":"has-post-thumbnail","6":"product_cat-complements-alimentaires","7":"yith_product_brand-vertu-plus","9":"first","10":"instock","11":"sale","12":"shipping-taxable","13":"purchasable","14":"product-type-simple"},"_links":{"self":[{"href":"https:\/\/parapharmacieenligne.ma\/en\/wp-json\/wp\/v2\/product\/10265","targetHints":{"allow":["GET"]}}],"collection":[{"href":"https:\/\/parapharmacieenligne.ma\/en\/wp-json\/wp\/v2\/product"}],"about":[{"href":"https:\/\/parapharmacieenligne.ma\/en\/wp-json\/wp\/v2\/types\/product"}],"replies":[{"embeddable":true,"href":"https:\/\/parapharmacieenligne.ma\/en\/wp-json\/wp\/v2\/comments?post=10265"}],"version-history":[{"count":1,"href":"https:\/\/parapharmacieenligne.ma\/en\/wp-json\/wp\/v2\/product\/10265\/revisions"}],"predecessor-version":[{"id":10311,"href":"https:\/\/parapharmacieenligne.ma\/en\/wp-json\/wp\/v2\/product\/10265\/revisions\/10311"}],"wp:featuredmedia":[{"embeddable":true,"href":"https:\/\/parapharmacieenligne.ma\/en\/wp-json\/wp\/v2\/media\/10310"}],"wp:attachment":[{"href":"https:\/\/parapharmacieenligne.ma\/en\/wp-json\/wp\/v2\/media?parent=10265"}],"wp:term":[{"taxonomy":"product_cat","embeddable":true,"href":"https:\/\/parapharmacieenligne.ma\/en\/wp-json\/wp\/v2\/product_cat?post=10265"},{"taxonomy":"product_tag","embeddable":true,"href":"https:\/\/parapharmacieenligne.ma\/en\/wp-json\/wp\/v2\/product_tag?post=10265"},{"taxonomy":"yith_product_brand","embeddable":true,"href":"https:\/\/parapharmacieenligne.ma\/en\/wp-json\/wp\/v2\/yith_product_brand?post=10265"}],"curies":[{"name":"wp","href":"https:\/\/api.w.org\/{rel}","templated":true}]}}