{"id":10273,"date":"2026-01-27T11:51:24","date_gmt":"2026-01-27T10:51:24","guid":{"rendered":"https:\/\/parapharmacieenligne.ma\/?post_type=product&#038;p=10273"},"modified":"2026-01-27T11:53:13","modified_gmt":"2026-01-27T10:53:13","slug":"vertu-plus-huile-de-foie-de-morue-500mg-90-capsules","status":"publish","type":"product","link":"https:\/\/parapharmacieenligne.ma\/en\/product\/vertu-plus-huile-de-foie-de-morue-500mg-90-capsules\/","title":{"rendered":"Vertu Plus Huile de foie de morue 500mg 90 capsules"},"content":{"rendered":"<div aria-labelledby=\"tab-title-description\" class=\"woocommerce-Tabs-panel woocommerce-Tabs-panel--description panel entry-content wc-tab\" id=\"tab-description\" role=\"tabpanel\" style=\"\">\n<h2>Description<\/h2>\n<p>L\u2019huile de foie de foie de morue est un suppl\u00e9ment nutritionnel qui est utilis\u00e9 depuis de nombreuses ann\u00e9es en raison de sa richesse naturelle en vitamine D, en vitamine A, vitamine E, et en Om\u00e9ga 3.<\/p>\n<p>Cette composition nutritionnelle exceptionnelle lui conf\u00e8re les bienfaits \u00e0 plusieurs niveaux: croissance, maintien du capital osseux, sant\u00e9 des dents, protection de peau, protection cardiovasculaire, pr\u00e9vention du d\u00e9clin cognitif, immunit\u00e9, confort articulaire, bien-\u00eatre \u00e9motionnel.<\/p>\n<\/p><\/div>","protected":false},"excerpt":{"rendered":"<p>Highlights:Fort\u00e9 Pharma TurboDraine Minceur 500 ml est une d\u00e9licieuse boisson minceur drainante, au go\u00fbt th\u00e9-p\u00eache, \u00e0 boire tout au long de la journ\u00e9e.<\/p>","protected":false},"featured_media":10326,"comment_status":"open","ping_status":"closed","template":"","meta":[],"product_cat":[92],"product_tag":[],"yith_product_brand":[137],"class_list":{"0":"post-10273","1":"product","2":"type-product","3":"status-publish","4":"has-post-thumbnail","6":"product_cat-complements-alimentaires","7":"yith_product_brand-vertu-plus","9":"first","10":"instock","11":"sale","12":"shipping-taxable","13":"purchasable","14":"product-type-simple"},"_links":{"self":[{"href":"https:\/\/parapharmacieenligne.ma\/en\/wp-json\/wp\/v2\/product\/10273","targetHints":{"allow":["GET"]}}],"collection":[{"href":"https:\/\/parapharmacieenligne.ma\/en\/wp-json\/wp\/v2\/product"}],"about":[{"href":"https:\/\/parapharmacieenligne.ma\/en\/wp-json\/wp\/v2\/types\/product"}],"replies":[{"embeddable":true,"href":"https:\/\/parapharmacieenligne.ma\/en\/wp-json\/wp\/v2\/comments?post=10273"}],"version-history":[{"count":1,"href":"https:\/\/parapharmacieenligne.ma\/en\/wp-json\/wp\/v2\/product\/10273\/revisions"}],"predecessor-version":[{"id":10327,"href":"https:\/\/parapharmacieenligne.ma\/en\/wp-json\/wp\/v2\/product\/10273\/revisions\/10327"}],"wp:featuredmedia":[{"embeddable":true,"href":"https:\/\/parapharmacieenligne.ma\/en\/wp-json\/wp\/v2\/media\/10326"}],"wp:attachment":[{"href":"https:\/\/parapharmacieenligne.ma\/en\/wp-json\/wp\/v2\/media?parent=10273"}],"wp:term":[{"taxonomy":"product_cat","embeddable":true,"href":"https:\/\/parapharmacieenligne.ma\/en\/wp-json\/wp\/v2\/product_cat?post=10273"},{"taxonomy":"product_tag","embeddable":true,"href":"https:\/\/parapharmacieenligne.ma\/en\/wp-json\/wp\/v2\/product_tag?post=10273"},{"taxonomy":"yith_product_brand","embeddable":true,"href":"https:\/\/parapharmacieenligne.ma\/en\/wp-json\/wp\/v2\/yith_product_brand?post=10273"}],"curies":[{"name":"wp","href":"https:\/\/api.w.org\/{rel}","templated":true}]}}