{"id":10279,"date":"2026-01-27T11:51:26","date_gmt":"2026-01-27T10:51:26","guid":{"rendered":"https:\/\/parapharmacieenligne.ma\/?post_type=product&#038;p=10279"},"modified":"2026-01-27T11:53:48","modified_gmt":"2026-01-27T10:53:48","slug":"vertu-plus-vitamine-c-500-mg-60-gelules","status":"publish","type":"product","link":"https:\/\/parapharmacieenligne.ma\/en\/product\/vertu-plus-vitamine-c-500-mg-60-gelules\/","title":{"rendered":"VERTU PLUS VITAMINE C 500 MG 60 GELULES"},"content":{"rendered":"<div aria-labelledby=\"tab-title-description\" class=\"woocommerce-Tabs-panel woocommerce-Tabs-panel--description panel entry-content wc-tab\" id=\"tab-description\" role=\"tabpanel\" style=\"\">\n<h2>Description<\/h2>\n<p>La vitamine c contribue au bon fonctionnement du syst\u00e8me immunitaire et a r\u00e9duire la fatigue un des r\u00f4les importants<\/p>\n<p>de la vitamine C est son effet antioxydant qui prot\u00e8ge les cellules contre les dommages infliges par le stress oxydant.<\/p>\n<\/p><\/div>","protected":false},"excerpt":{"rendered":"<p>Highlights:Notre compl\u00e9ment alimentaire Extrait de p\u00e9pins de pamplemousse est indiqu\u00e9 pour maintenir le fonctionnement normal du syst\u00e8me immunitaire.<\/p>","protected":false},"featured_media":10338,"comment_status":"open","ping_status":"closed","template":"","meta":[],"product_cat":[92],"product_tag":[],"yith_product_brand":[137],"class_list":{"0":"post-10279","1":"product","2":"type-product","3":"status-publish","4":"has-post-thumbnail","6":"product_cat-complements-alimentaires","7":"yith_product_brand-vertu-plus","9":"first","10":"instock","11":"sale","12":"shipping-taxable","13":"purchasable","14":"product-type-simple"},"_links":{"self":[{"href":"https:\/\/parapharmacieenligne.ma\/en\/wp-json\/wp\/v2\/product\/10279","targetHints":{"allow":["GET"]}}],"collection":[{"href":"https:\/\/parapharmacieenligne.ma\/en\/wp-json\/wp\/v2\/product"}],"about":[{"href":"https:\/\/parapharmacieenligne.ma\/en\/wp-json\/wp\/v2\/types\/product"}],"replies":[{"embeddable":true,"href":"https:\/\/parapharmacieenligne.ma\/en\/wp-json\/wp\/v2\/comments?post=10279"}],"version-history":[{"count":1,"href":"https:\/\/parapharmacieenligne.ma\/en\/wp-json\/wp\/v2\/product\/10279\/revisions"}],"predecessor-version":[{"id":10339,"href":"https:\/\/parapharmacieenligne.ma\/en\/wp-json\/wp\/v2\/product\/10279\/revisions\/10339"}],"wp:featuredmedia":[{"embeddable":true,"href":"https:\/\/parapharmacieenligne.ma\/en\/wp-json\/wp\/v2\/media\/10338"}],"wp:attachment":[{"href":"https:\/\/parapharmacieenligne.ma\/en\/wp-json\/wp\/v2\/media?parent=10279"}],"wp:term":[{"taxonomy":"product_cat","embeddable":true,"href":"https:\/\/parapharmacieenligne.ma\/en\/wp-json\/wp\/v2\/product_cat?post=10279"},{"taxonomy":"product_tag","embeddable":true,"href":"https:\/\/parapharmacieenligne.ma\/en\/wp-json\/wp\/v2\/product_tag?post=10279"},{"taxonomy":"yith_product_brand","embeddable":true,"href":"https:\/\/parapharmacieenligne.ma\/en\/wp-json\/wp\/v2\/yith_product_brand?post=10279"}],"curies":[{"name":"wp","href":"https:\/\/api.w.org\/{rel}","templated":true}]}}