{"id":10341,"date":"2026-01-27T12:22:33","date_gmt":"2026-01-27T11:22:33","guid":{"rendered":"https:\/\/parapharmacieenligne.ma\/?post_type=product&#038;p=10341"},"modified":"2026-01-27T12:22:54","modified_gmt":"2026-01-27T11:22:54","slug":"ziaja-natural-care-gel-intime-400ml","status":"publish","type":"product","link":"https:\/\/parapharmacieenligne.ma\/en\/product\/ziaja-natural-care-gel-intime-400ml\/","title":{"rendered":"Ziaja Natural Care Gel Intime 400ml"},"content":{"rendered":"<div aria-labelledby=\"tab-title-description\" class=\"woocommerce-Tabs-panel woocommerce-Tabs-panel--description panel entry-content wc-tab\" id=\"tab-description\" role=\"tabpanel\" style=\"\">\n<h2>Description<\/h2>\n<\/p>\n<p><strong>Conseils d\u2019Utilisation :<\/strong><br \/>\n Appliquez une petite quantit\u00e9 de gel sur vos mains humides avec de l\u2019eau. Rincez soigneusement apr\u00e8s le lavage. Convient \u00e9galement aux filles de plus de 3 ans.<\/p>\n<p><strong>Ingr\u00e9dients Principaux et Bienfaits :<\/strong><\/p>\n<ul>\n<li><strong>Inuline :<\/strong> Aide \u00e0 hydrater et \u00e0 apaiser la peau.<\/li>\n<li><strong>Acide Lactique :<\/strong> Favorise l\u2019hydratation et le maintien du pH naturel.<\/li>\n<li><strong>Emollients d\u00e9riv\u00e9s d\u2019acides gras et d\u2019acides lactiques :<\/strong> Adoucissent la peau tout en fournissant une sensation de confort.<\/li>\n<\/ul>\n<p><strong>Liste des Ingr\u00e9dients :<\/strong><br \/>\n Aqua (Eau), Cocamidopropyl Beta\u00efne, Sodium Lauroyl Sarcosinate, Coco-Glucoside, Olivamphoac\u00e9tate de Sodium, Inuline, Fructose, Maltooligosyl Glucoside, Hydrolysat d\u2019Amidon Hydrog\u00e9n\u00e9, Distearate de Glycol, Lactate de C12-13 Alkyle, Laureth-4, PEG-120 Dioleate de Glucose Methyl\u00e9, Benzoate de Sodium, Parfum (Fragrance), Acide Lactique. (Liste mise \u00e0 jour en 2022-05)<\/p>\n<\/p><\/div>","protected":false},"excerpt":{"rendered":"<p>Highlights:Ce gel nettoyant doux est sp\u00e9cialement formul\u00e9 pour nettoyer, rafra\u00eechir et prendre soin de la peau d\u00e9licate de la zone intime. Il respecte le pH naturel de cette zone sensible.<\/p>","protected":false},"featured_media":10371,"comment_status":"open","ping_status":"closed","template":"","meta":[],"product_cat":[85],"product_tag":[],"yith_product_brand":[138],"class_list":{"0":"post-10341","1":"product","2":"type-product","3":"status-publish","4":"has-post-thumbnail","6":"product_cat-soins-corps","7":"yith_product_brand-ziaja","9":"first","10":"instock","11":"sale","12":"shipping-taxable","13":"purchasable","14":"product-type-simple"},"_links":{"self":[{"href":"https:\/\/parapharmacieenligne.ma\/en\/wp-json\/wp\/v2\/product\/10341","targetHints":{"allow":["GET"]}}],"collection":[{"href":"https:\/\/parapharmacieenligne.ma\/en\/wp-json\/wp\/v2\/product"}],"about":[{"href":"https:\/\/parapharmacieenligne.ma\/en\/wp-json\/wp\/v2\/types\/product"}],"replies":[{"embeddable":true,"href":"https:\/\/parapharmacieenligne.ma\/en\/wp-json\/wp\/v2\/comments?post=10341"}],"version-history":[{"count":1,"href":"https:\/\/parapharmacieenligne.ma\/en\/wp-json\/wp\/v2\/product\/10341\/revisions"}],"predecessor-version":[{"id":10372,"href":"https:\/\/parapharmacieenligne.ma\/en\/wp-json\/wp\/v2\/product\/10341\/revisions\/10372"}],"wp:featuredmedia":[{"embeddable":true,"href":"https:\/\/parapharmacieenligne.ma\/en\/wp-json\/wp\/v2\/media\/10371"}],"wp:attachment":[{"href":"https:\/\/parapharmacieenligne.ma\/en\/wp-json\/wp\/v2\/media?parent=10341"}],"wp:term":[{"taxonomy":"product_cat","embeddable":true,"href":"https:\/\/parapharmacieenligne.ma\/en\/wp-json\/wp\/v2\/product_cat?post=10341"},{"taxonomy":"product_tag","embeddable":true,"href":"https:\/\/parapharmacieenligne.ma\/en\/wp-json\/wp\/v2\/product_tag?post=10341"},{"taxonomy":"yith_product_brand","embeddable":true,"href":"https:\/\/parapharmacieenligne.ma\/en\/wp-json\/wp\/v2\/yith_product_brand?post=10341"}],"curies":[{"name":"wp","href":"https:\/\/api.w.org\/{rel}","templated":true}]}}