{"id":10342,"date":"2026-01-27T12:22:34","date_gmt":"2026-01-27T11:22:34","guid":{"rendered":"https:\/\/parapharmacieenligne.ma\/?post_type=product&#038;p=10342"},"modified":"2026-01-27T12:22:58","modified_gmt":"2026-01-27T11:22:58","slug":"ziaja-natural-care-gel-de-douche-400ml","status":"publish","type":"product","link":"https:\/\/parapharmacieenligne.ma\/en\/product\/ziaja-natural-care-gel-de-douche-400ml\/","title":{"rendered":"Ziaja Natural Care Gel De Douche 400ml"},"content":{"rendered":"<div aria-labelledby=\"tab-title-description\" class=\"woocommerce-Tabs-panel woocommerce-Tabs-panel--description panel entry-content wc-tab\" id=\"tab-description\" role=\"tabpanel\" style=\"\">\n<h2>Description<\/h2>\n<\/p>\n<p><strong>Conseils d\u2019Utilisation :<\/strong><br \/>\n Appliquez le gel sur la peau humide, massez d\u00e9licatement, puis rincez abondamment \u00e0 l\u2019eau.<\/p>\n<p><strong>Ingr\u00e9dients Principaux et Bienfaits :<\/strong><\/p>\n<ul>\n<li><strong>Glyc\u00e9rine :<\/strong> Hydrate et adoucit la peau, am\u00e9liorant sa texture.<\/li>\n<li><strong>Acide Lactobionique :<\/strong> Un exfoliant doux qui aide \u00e0 am\u00e9liorer l\u2019hydratation et l\u2019apparence de la peau.<\/li>\n<li><strong>Beta\u00efne :<\/strong> Un agent hydratant qui aide \u00e0 apaiser la peau et \u00e0 r\u00e9duire les irritations.<\/li>\n<\/ul>\n<p><strong>Liste des Ingr\u00e9dients :<\/strong><br \/>\n Aqua (Eau), Sulfate d\u2019Ammonium Lauryle, Cocamidopropyl Beta\u00efne, Glucoside de D\u00e9cyle, Glyc\u00e9rine, Distearate de Glycol, Laureth-4, Olivamphoac\u00e9tate de Sodium, Chlorure de Sodium, Benzoate de Sodium, Parfum (Fragrance), Acide Lactique. (Liste mise \u00e0 jour en 2022-05)<\/p>\n<\/p><\/div>","protected":false},"excerpt":{"rendered":"<p>Highlights:Ce gel nettoyant doux purifie et rafra\u00eechit la peau tout en laissant un parfum agr\u00e9able. Sa formule est con\u00e7ue pour respecter le pH naturel de la peau, la rendant douce au toucher.<\/p>","protected":false},"featured_media":10373,"comment_status":"open","ping_status":"closed","template":"","meta":[],"product_cat":[85],"product_tag":[],"yith_product_brand":[138],"class_list":{"0":"post-10342","1":"product","2":"type-product","3":"status-publish","4":"has-post-thumbnail","6":"product_cat-soins-corps","7":"yith_product_brand-ziaja","9":"first","10":"instock","11":"sale","12":"shipping-taxable","13":"purchasable","14":"product-type-simple"},"_links":{"self":[{"href":"https:\/\/parapharmacieenligne.ma\/en\/wp-json\/wp\/v2\/product\/10342","targetHints":{"allow":["GET"]}}],"collection":[{"href":"https:\/\/parapharmacieenligne.ma\/en\/wp-json\/wp\/v2\/product"}],"about":[{"href":"https:\/\/parapharmacieenligne.ma\/en\/wp-json\/wp\/v2\/types\/product"}],"replies":[{"embeddable":true,"href":"https:\/\/parapharmacieenligne.ma\/en\/wp-json\/wp\/v2\/comments?post=10342"}],"version-history":[{"count":1,"href":"https:\/\/parapharmacieenligne.ma\/en\/wp-json\/wp\/v2\/product\/10342\/revisions"}],"predecessor-version":[{"id":10374,"href":"https:\/\/parapharmacieenligne.ma\/en\/wp-json\/wp\/v2\/product\/10342\/revisions\/10374"}],"wp:featuredmedia":[{"embeddable":true,"href":"https:\/\/parapharmacieenligne.ma\/en\/wp-json\/wp\/v2\/media\/10373"}],"wp:attachment":[{"href":"https:\/\/parapharmacieenligne.ma\/en\/wp-json\/wp\/v2\/media?parent=10342"}],"wp:term":[{"taxonomy":"product_cat","embeddable":true,"href":"https:\/\/parapharmacieenligne.ma\/en\/wp-json\/wp\/v2\/product_cat?post=10342"},{"taxonomy":"product_tag","embeddable":true,"href":"https:\/\/parapharmacieenligne.ma\/en\/wp-json\/wp\/v2\/product_tag?post=10342"},{"taxonomy":"yith_product_brand","embeddable":true,"href":"https:\/\/parapharmacieenligne.ma\/en\/wp-json\/wp\/v2\/yith_product_brand?post=10342"}],"curies":[{"name":"wp","href":"https:\/\/api.w.org\/{rel}","templated":true}]}}