{"id":10344,"date":"2026-01-27T12:22:37","date_gmt":"2026-01-27T11:22:37","guid":{"rendered":"https:\/\/parapharmacieenligne.ma\/?post_type=product&#038;p=10344"},"modified":"2026-01-27T12:23:06","modified_gmt":"2026-01-27T11:23:06","slug":"ziaja-natural-care-gel-nettoyant-190ml","status":"publish","type":"product","link":"https:\/\/parapharmacieenligne.ma\/en\/product\/ziaja-natural-care-gel-nettoyant-190ml\/","title":{"rendered":"Ziaja Natural Care Gel Nettoyant 190ml"},"content":{"rendered":"<div aria-labelledby=\"tab-title-description\" class=\"woocommerce-Tabs-panel woocommerce-Tabs-panel--description panel entry-content wc-tab\" id=\"tab-description\" role=\"tabpanel\" style=\"\">\n<h2>Description<\/h2>\n<\/p>\n<p><strong>Conseils d\u2019Utilisation :<\/strong><br \/>\n Appliquer le gel sur la peau humide. Masser avec des mouvements circulaires en \u00e9vitant le contour des yeux. Rincer \u00e0 l\u2019eau ti\u00e8de.<\/p>\n<p><strong>Ingr\u00e9dients Principaux et Bienfaits :<\/strong><\/p>\n<ul>\n<li><strong>Acide Lactique :<\/strong> Exfolie doucement la peau tout en am\u00e9liorant son hydratation.<\/li>\n<li><strong>Coco-Glucosides :<\/strong> Agents nettoyants doux qui aident \u00e0 \u00e9liminer les impuret\u00e9s sans irriter la peau.<\/li>\n<li><strong>Emollients d\u2019Acide Lactique et d\u2019Alcools Gras :<\/strong> Aident \u00e0 adoucir et hydrater la peau, la rendant plus lisse et \u00e9clatante.<\/li>\n<\/ul>\n<p><strong>Liste des Ingr\u00e9dients :<\/strong><br \/>\n Aqua (Eau), Cocamidopropyl Betaine, Disodium Laureth Sulfosuccinate, Coco-Glucoside, Glyc\u00e9rine, Undecylenamidopropyl Betaine, Sodium Olivamphoacetate, Laureth-2, Lactate de C12-13, PEG-120 Methyl Glucose Dioleate, Benzoate de Sodium, Parfum (Fragrance), Acide Lactique. (Liste actualis\u00e9e en 2022-04)<\/p>\n<\/p><\/div>","protected":false},"excerpt":{"rendered":"<p>Highlights:Ce gel nettoyant \u00e9limine en douceur le s\u00e9bum et les impuret\u00e9s, tout en \u00e9tant parfait pour tous les types de peau, y compris les peaux sensibles.<\/p>","protected":false},"featured_media":10377,"comment_status":"open","ping_status":"closed","template":"","meta":[],"product_cat":[83],"product_tag":[],"yith_product_brand":[138],"class_list":{"0":"post-10344","1":"product","2":"type-product","3":"status-publish","4":"has-post-thumbnail","6":"product_cat-soins-visage","7":"yith_product_brand-ziaja","9":"first","10":"instock","11":"sale","12":"shipping-taxable","13":"purchasable","14":"product-type-simple"},"_links":{"self":[{"href":"https:\/\/parapharmacieenligne.ma\/en\/wp-json\/wp\/v2\/product\/10344","targetHints":{"allow":["GET"]}}],"collection":[{"href":"https:\/\/parapharmacieenligne.ma\/en\/wp-json\/wp\/v2\/product"}],"about":[{"href":"https:\/\/parapharmacieenligne.ma\/en\/wp-json\/wp\/v2\/types\/product"}],"replies":[{"embeddable":true,"href":"https:\/\/parapharmacieenligne.ma\/en\/wp-json\/wp\/v2\/comments?post=10344"}],"version-history":[{"count":1,"href":"https:\/\/parapharmacieenligne.ma\/en\/wp-json\/wp\/v2\/product\/10344\/revisions"}],"predecessor-version":[{"id":10378,"href":"https:\/\/parapharmacieenligne.ma\/en\/wp-json\/wp\/v2\/product\/10344\/revisions\/10378"}],"wp:featuredmedia":[{"embeddable":true,"href":"https:\/\/parapharmacieenligne.ma\/en\/wp-json\/wp\/v2\/media\/10377"}],"wp:attachment":[{"href":"https:\/\/parapharmacieenligne.ma\/en\/wp-json\/wp\/v2\/media?parent=10344"}],"wp:term":[{"taxonomy":"product_cat","embeddable":true,"href":"https:\/\/parapharmacieenligne.ma\/en\/wp-json\/wp\/v2\/product_cat?post=10344"},{"taxonomy":"product_tag","embeddable":true,"href":"https:\/\/parapharmacieenligne.ma\/en\/wp-json\/wp\/v2\/product_tag?post=10344"},{"taxonomy":"yith_product_brand","embeddable":true,"href":"https:\/\/parapharmacieenligne.ma\/en\/wp-json\/wp\/v2\/yith_product_brand?post=10344"}],"curies":[{"name":"wp","href":"https:\/\/api.w.org\/{rel}","templated":true}]}}