{"id":10345,"date":"2026-01-27T12:22:37","date_gmt":"2026-01-27T11:22:37","guid":{"rendered":"https:\/\/parapharmacieenligne.ma\/?post_type=product&#038;p=10345"},"modified":"2026-01-27T12:23:13","modified_gmt":"2026-01-27T11:23:13","slug":"ziaja-natural-care-baume-corporel-200ml","status":"publish","type":"product","link":"https:\/\/parapharmacieenligne.ma\/en\/product\/ziaja-natural-care-baume-corporel-200ml\/","title":{"rendered":"Ziaja Natural Care Baume Corporel 200ml"},"content":{"rendered":"<div aria-labelledby=\"tab-title-description\" class=\"woocommerce-Tabs-panel woocommerce-Tabs-panel--description panel entry-content wc-tab\" id=\"tab-description\" role=\"tabpanel\" style=\"\">\n<h2>Description<\/h2>\n<div class=\"flex max-w-full flex-col flex-grow\">\n<div class=\"min-h-8 text-message flex w-full flex-col items-end gap-2 whitespace-normal break-words [.text-message+&amp;]:mt-5\" data-message-author-role=\"assistant\" data-message-id=\"4e85336a-1196-4ba8-abdf-682542a641f7\" data-message-model-slug=\"gpt-4o-mini\" dir=\"auto\">\n<div class=\"flex w-full flex-col gap-1 empty:hidden first:pt-[3px]\">\n<div class=\"markdown prose w-full break-words dark:prose-invert light\">\n<p><strong>Conseils d\u2019Utilisation :<\/strong><br \/>\n Appliquer sur une peau propre et s\u00e8che, puis masser doucement jusqu\u2019\u00e0 absorption compl\u00e8te.<\/p>\n<p><strong>Ingr\u00e9dients Principaux et Bienfaits :<\/strong><\/p>\n<ul>\n<li><strong>Huile de Canola :<\/strong> Nourrit et hydrate la peau en profondeur.<\/li>\n<li><strong>Glyc\u00e9rine :<\/strong> Retient l\u2019humidit\u00e9, laissant la peau douce et souple.<\/li>\n<li><strong>Huile d\u2019Olive :<\/strong> Riche en antioxydants, elle aide \u00e0 prot\u00e9ger et adoucir la peau.<\/li>\n<li><strong>Beurre de Karit\u00e9 :<\/strong> Apporte une hydratation intense et apaise les irritations.<\/li>\n<\/ul>\n<p><strong>Liste des Ingr\u00e9dients :<\/strong><br \/>\n Aqua (Eau), Octyldodecanol, Triglyc\u00e9ride Caprylique\/Caprique, Glyceryl Stearate Citrate, Butyrospermum Parkii (Beurre de Karit\u00e9), Glyc\u00e9rine, Alcool C\u00e9tylique, Huile de Canola, Huile de Fruit d\u2019Olea Europaea (Olive), Xanthan Gum, Hydroxyacetophenone, Benzoate de Sodium, Carbomer, Parfum (Fragrance), Terpineol, Citral, Limon\u00e8ne, Hydroxyde de Sodium. (Liste actualis\u00e9e en 2024-08<\/p>\n<\/p><\/div>\n<\/p><\/div>\n<\/p><\/div>\n<\/p><\/div>\n<\/p><\/div>\n","protected":false},"excerpt":{"rendered":"<p>Highlights:Cette cr\u00e8me hydrate efficacement et lisse la peau s\u00e8che. Elle apaise \u00e9galement les irritations apr\u00e8s l\u2019\u00e9pilation et l\u2019exposition au soleil.<\/p>","protected":false},"featured_media":10379,"comment_status":"open","ping_status":"closed","template":"","meta":[],"product_cat":[85],"product_tag":[],"yith_product_brand":[138],"class_list":{"0":"post-10345","1":"product","2":"type-product","3":"status-publish","4":"has-post-thumbnail","6":"product_cat-soins-corps","7":"yith_product_brand-ziaja","9":"first","10":"instock","11":"sale","12":"shipping-taxable","13":"purchasable","14":"product-type-simple"},"_links":{"self":[{"href":"https:\/\/parapharmacieenligne.ma\/en\/wp-json\/wp\/v2\/product\/10345","targetHints":{"allow":["GET"]}}],"collection":[{"href":"https:\/\/parapharmacieenligne.ma\/en\/wp-json\/wp\/v2\/product"}],"about":[{"href":"https:\/\/parapharmacieenligne.ma\/en\/wp-json\/wp\/v2\/types\/product"}],"replies":[{"embeddable":true,"href":"https:\/\/parapharmacieenligne.ma\/en\/wp-json\/wp\/v2\/comments?post=10345"}],"version-history":[{"count":1,"href":"https:\/\/parapharmacieenligne.ma\/en\/wp-json\/wp\/v2\/product\/10345\/revisions"}],"predecessor-version":[{"id":10380,"href":"https:\/\/parapharmacieenligne.ma\/en\/wp-json\/wp\/v2\/product\/10345\/revisions\/10380"}],"wp:featuredmedia":[{"embeddable":true,"href":"https:\/\/parapharmacieenligne.ma\/en\/wp-json\/wp\/v2\/media\/10379"}],"wp:attachment":[{"href":"https:\/\/parapharmacieenligne.ma\/en\/wp-json\/wp\/v2\/media?parent=10345"}],"wp:term":[{"taxonomy":"product_cat","embeddable":true,"href":"https:\/\/parapharmacieenligne.ma\/en\/wp-json\/wp\/v2\/product_cat?post=10345"},{"taxonomy":"product_tag","embeddable":true,"href":"https:\/\/parapharmacieenligne.ma\/en\/wp-json\/wp\/v2\/product_tag?post=10345"},{"taxonomy":"yith_product_brand","embeddable":true,"href":"https:\/\/parapharmacieenligne.ma\/en\/wp-json\/wp\/v2\/yith_product_brand?post=10345"}],"curies":[{"name":"wp","href":"https:\/\/api.w.org\/{rel}","templated":true}]}}