{"id":10348,"date":"2026-01-27T12:22:38","date_gmt":"2026-01-27T11:22:38","guid":{"rendered":"https:\/\/parapharmacieenligne.ma\/?post_type=product&#038;p=10348"},"modified":"2026-01-27T12:23:39","modified_gmt":"2026-01-27T11:23:39","slug":"ziaja-natural-care-anti-perspirant-60ml","status":"publish","type":"product","link":"https:\/\/parapharmacieenligne.ma\/en\/product\/ziaja-natural-care-anti-perspirant-60ml\/","title":{"rendered":"Ziaja Natural Care Anti-Perspirant 60ml"},"content":{"rendered":"<div aria-labelledby=\"tab-title-description\" class=\"woocommerce-Tabs-panel woocommerce-Tabs-panel--description panel entry-content wc-tab\" id=\"tab-description\" role=\"tabpanel\" style=\"\">\n<h2>Description<\/h2>\n<\/p>\n<p><strong>Conseils d\u2019Utilisation :<\/strong><br \/>\n Bien agiter avant utilisation. Appliquer sur une peau s\u00e8che sous les bras et laisser s\u00e9cher.<\/p>\n<p><strong>Ingr\u00e9dients Principaux et Bienfaits :<\/strong><\/p>\n<ul>\n<li><strong>Acide Lactique :<\/strong> Aide \u00e0 maintenir le pH de la peau et contribue \u00e0 la neutralisation des odeurs.<\/li>\n<li><strong>Huile d\u2019Olive :<\/strong> Connue pour ses propri\u00e9t\u00e9s hydratantes et nourrissantes.<\/li>\n<\/ul>\n<p><strong>Liste des Ingr\u00e9dients :<\/strong><br \/>\n Aqua (Eau), Sulfate de Magn\u00e9sium, Citrate de Tri\u00e9thyle, Caprate de Polyglyc\u00e9ryl-2, Glyc\u00e9rine, St\u00e9arate de Glyc\u00e9ryle Citrate, Kaolin, Huile de Canola, Huile de Fruit d\u2019Olea Europaea (Olive), Hydroxy\u00e9thylcellulose, Benzoate de Sodium, Parfum (Fragrance), Citral, Limon\u00e8ne, Acide Lactique. (Liste actualis\u00e9e en 2022-05)<\/p>\n<\/p><\/div>","protected":false},"excerpt":{"rendered":"<p>Highlights:Ce produit s\u2019active en cas de transpiration accrue, neutralisant les odeurs d\u00e9sagr\u00e9ables pour une sensation de fra\u00eecheur durable.<\/p>","protected":false},"featured_media":10390,"comment_status":"open","ping_status":"closed","template":"","meta":[],"product_cat":[85],"product_tag":[],"yith_product_brand":[138],"class_list":{"0":"post-10348","1":"product","2":"type-product","3":"status-publish","4":"has-post-thumbnail","6":"product_cat-soins-corps","7":"yith_product_brand-ziaja","9":"first","10":"instock","11":"sale","12":"shipping-taxable","13":"purchasable","14":"product-type-simple"},"_links":{"self":[{"href":"https:\/\/parapharmacieenligne.ma\/en\/wp-json\/wp\/v2\/product\/10348","targetHints":{"allow":["GET"]}}],"collection":[{"href":"https:\/\/parapharmacieenligne.ma\/en\/wp-json\/wp\/v2\/product"}],"about":[{"href":"https:\/\/parapharmacieenligne.ma\/en\/wp-json\/wp\/v2\/types\/product"}],"replies":[{"embeddable":true,"href":"https:\/\/parapharmacieenligne.ma\/en\/wp-json\/wp\/v2\/comments?post=10348"}],"version-history":[{"count":1,"href":"https:\/\/parapharmacieenligne.ma\/en\/wp-json\/wp\/v2\/product\/10348\/revisions"}],"predecessor-version":[{"id":10391,"href":"https:\/\/parapharmacieenligne.ma\/en\/wp-json\/wp\/v2\/product\/10348\/revisions\/10391"}],"wp:featuredmedia":[{"embeddable":true,"href":"https:\/\/parapharmacieenligne.ma\/en\/wp-json\/wp\/v2\/media\/10390"}],"wp:attachment":[{"href":"https:\/\/parapharmacieenligne.ma\/en\/wp-json\/wp\/v2\/media?parent=10348"}],"wp:term":[{"taxonomy":"product_cat","embeddable":true,"href":"https:\/\/parapharmacieenligne.ma\/en\/wp-json\/wp\/v2\/product_cat?post=10348"},{"taxonomy":"product_tag","embeddable":true,"href":"https:\/\/parapharmacieenligne.ma\/en\/wp-json\/wp\/v2\/product_tag?post=10348"},{"taxonomy":"yith_product_brand","embeddable":true,"href":"https:\/\/parapharmacieenligne.ma\/en\/wp-json\/wp\/v2\/yith_product_brand?post=10348"}],"curies":[{"name":"wp","href":"https:\/\/api.w.org\/{rel}","templated":true}]}}