{"id":10353,"date":"2026-01-27T12:22:40","date_gmt":"2026-01-27T11:22:40","guid":{"rendered":"https:\/\/parapharmacieenligne.ma\/?post_type=product&#038;p=10353"},"modified":"2026-01-27T12:24:06","modified_gmt":"2026-01-27T11:24:06","slug":"ziaja-med-physioderm-baume-corporel-400ml","status":"publish","type":"product","link":"https:\/\/parapharmacieenligne.ma\/en\/product\/ziaja-med-physioderm-baume-corporel-400ml\/","title":{"rendered":"Ziaja Med Physioderm Baume Corporel 400ml"},"content":{"rendered":"<div aria-labelledby=\"tab-title-description\" class=\"woocommerce-Tabs-panel woocommerce-Tabs-panel--description panel entry-content wc-tab\" id=\"tab-description\" role=\"tabpanel\">\n<h2>Description<\/h2>\n<div class=\"description\">\n<p><span>Emulsion riche et hydratante \u00e0 base de phospholipides, recommand\u00e9e pour les peaux allergiques, atopiques, d\u00e9shydrat\u00e9es \u00e0 fonction barri\u00e8re perturb\u00e9e. <\/span><\/p>\n<p><span>Reconstitue la carence en composants physiologiques de la peau. <\/span><\/p>\n<p><span>Hydrate intens\u00e9ment et r\u00e9duit la perte d\u2019eau trans\u00e9pidermique. <\/span><\/p>\n<p><span>Apaise visiblement les irritations. Ne perturbe pas la continuit\u00e9 de la couche lipidique de l\u2019\u00e9piderme. <\/span><\/p>\n<\/p><\/div>\n<div class=\"product-info leaf-heading leaf-heading-up\">\n<div class=\"info-box\"><\/div>\n<\/p><\/div>\n<\/p><\/div>","protected":false},"excerpt":{"rendered":"<p>Highlights:Emulsion riche et hydratante \u00e0 base de phospholipides, recommand\u00e9e pour les peaux allergiques, atopiques, d\u00e9shydrat\u00e9es \u00e0 fonction barri\u00e8re perturb\u00e9e.<\/p>","protected":false},"featured_media":10405,"comment_status":"open","ping_status":"closed","template":"","meta":[],"product_cat":[85],"product_tag":[],"yith_product_brand":[138],"class_list":{"0":"post-10353","1":"product","2":"type-product","3":"status-publish","4":"has-post-thumbnail","6":"product_cat-soins-corps","7":"yith_product_brand-ziaja","9":"first","10":"instock","11":"sale","12":"shipping-taxable","13":"purchasable","14":"product-type-simple"},"_links":{"self":[{"href":"https:\/\/parapharmacieenligne.ma\/en\/wp-json\/wp\/v2\/product\/10353","targetHints":{"allow":["GET"]}}],"collection":[{"href":"https:\/\/parapharmacieenligne.ma\/en\/wp-json\/wp\/v2\/product"}],"about":[{"href":"https:\/\/parapharmacieenligne.ma\/en\/wp-json\/wp\/v2\/types\/product"}],"replies":[{"embeddable":true,"href":"https:\/\/parapharmacieenligne.ma\/en\/wp-json\/wp\/v2\/comments?post=10353"}],"version-history":[{"count":1,"href":"https:\/\/parapharmacieenligne.ma\/en\/wp-json\/wp\/v2\/product\/10353\/revisions"}],"predecessor-version":[{"id":10406,"href":"https:\/\/parapharmacieenligne.ma\/en\/wp-json\/wp\/v2\/product\/10353\/revisions\/10406"}],"wp:featuredmedia":[{"embeddable":true,"href":"https:\/\/parapharmacieenligne.ma\/en\/wp-json\/wp\/v2\/media\/10405"}],"wp:attachment":[{"href":"https:\/\/parapharmacieenligne.ma\/en\/wp-json\/wp\/v2\/media?parent=10353"}],"wp:term":[{"taxonomy":"product_cat","embeddable":true,"href":"https:\/\/parapharmacieenligne.ma\/en\/wp-json\/wp\/v2\/product_cat?post=10353"},{"taxonomy":"product_tag","embeddable":true,"href":"https:\/\/parapharmacieenligne.ma\/en\/wp-json\/wp\/v2\/product_tag?post=10353"},{"taxonomy":"yith_product_brand","embeddable":true,"href":"https:\/\/parapharmacieenligne.ma\/en\/wp-json\/wp\/v2\/yith_product_brand?post=10353"}],"curies":[{"name":"wp","href":"https:\/\/api.w.org\/{rel}","templated":true}]}}