{"id":10355,"date":"2026-01-27T12:22:40","date_gmt":"2026-01-27T11:22:40","guid":{"rendered":"https:\/\/parapharmacieenligne.ma\/?post_type=product&#038;p=10355"},"modified":"2026-01-27T12:24:30","modified_gmt":"2026-01-27T11:24:30","slug":"ziaja-med-atopique-lotion-pour-le-corps-400ml","status":"publish","type":"product","link":"https:\/\/parapharmacieenligne.ma\/en\/product\/ziaja-med-atopique-lotion-pour-le-corps-400ml\/","title":{"rendered":"Ziaja Med Atopique Lotion Pour Le Corps 400ml"},"content":{"rendered":"<div aria-labelledby=\"tab-title-description\" class=\"woocommerce-Tabs-panel woocommerce-Tabs-panel--description panel entry-content wc-tab\" id=\"tab-description\" role=\"tabpanel\">\n<h2>Description<\/h2>\n<\/p>\n<p>Recommand\u00e9 pour les peaux atopiques sujettes aux irritations, fortes d\u00e9mangeaisons et hypersensibles aux allerg\u00e8nes. Restaure la barri\u00e8re hydrolipidique naturelle de l\u2019\u00e9piderme.<\/p>\n<p>Adoucit, hydrate et r\u00e9duit le dess\u00e8chement de la peau.<\/p>\n<p>Apaise les irritations cutan\u00e9es et pr\u00e9vient leur r\u00e9apparition. R\u00e9duit les d\u00e9mangeaisons, les br\u00fblures et les rougeurs.<\/p>\n<p>Ne contient que les composants essentiels de la formulation.<\/p>\n<\/p><\/div>","protected":false},"excerpt":{"rendered":"<p>Highlights:Lotion nourrissante pour le corps aux propri\u00e9t\u00e9s apaisantes, protectrices et hydratantes.<\/p>","protected":false},"featured_media":10413,"comment_status":"open","ping_status":"closed","template":"","meta":[],"product_cat":[85],"product_tag":[],"yith_product_brand":[138],"class_list":{"0":"post-10355","1":"product","2":"type-product","3":"status-publish","4":"has-post-thumbnail","6":"product_cat-soins-corps","7":"yith_product_brand-ziaja","9":"first","10":"instock","11":"sale","12":"shipping-taxable","13":"purchasable","14":"product-type-simple"},"_links":{"self":[{"href":"https:\/\/parapharmacieenligne.ma\/en\/wp-json\/wp\/v2\/product\/10355","targetHints":{"allow":["GET"]}}],"collection":[{"href":"https:\/\/parapharmacieenligne.ma\/en\/wp-json\/wp\/v2\/product"}],"about":[{"href":"https:\/\/parapharmacieenligne.ma\/en\/wp-json\/wp\/v2\/types\/product"}],"replies":[{"embeddable":true,"href":"https:\/\/parapharmacieenligne.ma\/en\/wp-json\/wp\/v2\/comments?post=10355"}],"version-history":[{"count":1,"href":"https:\/\/parapharmacieenligne.ma\/en\/wp-json\/wp\/v2\/product\/10355\/revisions"}],"predecessor-version":[{"id":10414,"href":"https:\/\/parapharmacieenligne.ma\/en\/wp-json\/wp\/v2\/product\/10355\/revisions\/10414"}],"wp:featuredmedia":[{"embeddable":true,"href":"https:\/\/parapharmacieenligne.ma\/en\/wp-json\/wp\/v2\/media\/10413"}],"wp:attachment":[{"href":"https:\/\/parapharmacieenligne.ma\/en\/wp-json\/wp\/v2\/media?parent=10355"}],"wp:term":[{"taxonomy":"product_cat","embeddable":true,"href":"https:\/\/parapharmacieenligne.ma\/en\/wp-json\/wp\/v2\/product_cat?post=10355"},{"taxonomy":"product_tag","embeddable":true,"href":"https:\/\/parapharmacieenligne.ma\/en\/wp-json\/wp\/v2\/product_tag?post=10355"},{"taxonomy":"yith_product_brand","embeddable":true,"href":"https:\/\/parapharmacieenligne.ma\/en\/wp-json\/wp\/v2\/yith_product_brand?post=10355"}],"curies":[{"name":"wp","href":"https:\/\/api.w.org\/{rel}","templated":true}]}}