{"id":10357,"date":"2026-01-27T12:22:41","date_gmt":"2026-01-27T11:22:41","guid":{"rendered":"https:\/\/parapharmacieenligne.ma\/?post_type=product&#038;p=10357"},"modified":"2026-01-27T12:24:40","modified_gmt":"2026-01-27T11:24:40","slug":"ziaja-cashmere-proteins-velvet-shine-serum-50ml","status":"publish","type":"product","link":"https:\/\/parapharmacieenligne.ma\/en\/product\/ziaja-cashmere-proteins-velvet-shine-serum-50ml\/","title":{"rendered":"Ziaja Cashmere Proteins Velvet Shine Serum 50Ml"},"content":{"rendered":"<div aria-labelledby=\"tab-title-description\" class=\"woocommerce-Tabs-panel woocommerce-Tabs-panel--description panel entry-content wc-tab\" id=\"tab-description\" role=\"tabpanel\" style=\"\">\n<h2>Description<\/h2>\n<p><span>\u00c9talez 1 \u00e0 2 doses de s\u00e9rum sur vos mains et massez sur cheveux humides ou secs, en particulier sur les pointes. <\/span><span>Ne pas rincer<\/span><\/p>\n<p><span>INGR\u00c9DIENTS PRINCIPAUX<\/span><br \/>\n <span>prot\u00e9ines de cachemire, huile d\u2019amarante<\/span><\/p>\n<div>\n<div class=\"summary__title\">\n<h2 class=\"h4 accordion__title\"><span>ingr\u00e9dients<\/span><\/h2>\n<\/p><\/div>\n<\/p><\/div>\n<div class=\"accordion__content rte\" id=\"ProductAccordion-collapsible-row-1-template--14773809545258__main\">\n<p><span class=\"metafield-multi_line_text_field\"><span>Dim\u00e9thicone, dim\u00e9thiconol, isohexad\u00e9cane, laurate d\u2019hexyle, trim\u00e9thicone de ph\u00e9nyle, myristate d\u2019isopropyle, huile de Prunus Amygdalus Dulcis (amande douce), huile de graines d\u2019amaranthus Cruentus, k\u00e9ratine hydrolys\u00e9e, parfum (parfum), linalol<\/span><\/span><\/p>\n<\/p><\/div>\n<\/p><\/div>","protected":false},"excerpt":{"rendered":"<p>Highlights:Fournit de la luminosit\u00e9 et une brillance d\u2019apparence naturelle. Laisse les cheveux parfaitement lisses. Prot\u00e8ge et hydrate les pointes fourchues. Facilite le peignage des cheveux mouill\u00e9s ou secs.<\/p>","protected":false},"featured_media":10417,"comment_status":"open","ping_status":"closed","template":"","meta":[],"product_cat":[84],"product_tag":[],"yith_product_brand":[138],"class_list":{"0":"post-10357","1":"product","2":"type-product","3":"status-publish","4":"has-post-thumbnail","6":"product_cat-soins-cheveux","7":"yith_product_brand-ziaja","9":"first","10":"instock","11":"sale","12":"shipping-taxable","13":"purchasable","14":"product-type-simple"},"_links":{"self":[{"href":"https:\/\/parapharmacieenligne.ma\/en\/wp-json\/wp\/v2\/product\/10357","targetHints":{"allow":["GET"]}}],"collection":[{"href":"https:\/\/parapharmacieenligne.ma\/en\/wp-json\/wp\/v2\/product"}],"about":[{"href":"https:\/\/parapharmacieenligne.ma\/en\/wp-json\/wp\/v2\/types\/product"}],"replies":[{"embeddable":true,"href":"https:\/\/parapharmacieenligne.ma\/en\/wp-json\/wp\/v2\/comments?post=10357"}],"version-history":[{"count":1,"href":"https:\/\/parapharmacieenligne.ma\/en\/wp-json\/wp\/v2\/product\/10357\/revisions"}],"predecessor-version":[{"id":10418,"href":"https:\/\/parapharmacieenligne.ma\/en\/wp-json\/wp\/v2\/product\/10357\/revisions\/10418"}],"wp:featuredmedia":[{"embeddable":true,"href":"https:\/\/parapharmacieenligne.ma\/en\/wp-json\/wp\/v2\/media\/10417"}],"wp:attachment":[{"href":"https:\/\/parapharmacieenligne.ma\/en\/wp-json\/wp\/v2\/media?parent=10357"}],"wp:term":[{"taxonomy":"product_cat","embeddable":true,"href":"https:\/\/parapharmacieenligne.ma\/en\/wp-json\/wp\/v2\/product_cat?post=10357"},{"taxonomy":"product_tag","embeddable":true,"href":"https:\/\/parapharmacieenligne.ma\/en\/wp-json\/wp\/v2\/product_tag?post=10357"},{"taxonomy":"yith_product_brand","embeddable":true,"href":"https:\/\/parapharmacieenligne.ma\/en\/wp-json\/wp\/v2\/yith_product_brand?post=10357"}],"curies":[{"name":"wp","href":"https:\/\/api.w.org\/{rel}","templated":true}]}}