{"id":10358,"date":"2026-01-27T12:22:41","date_gmt":"2026-01-27T11:22:41","guid":{"rendered":"https:\/\/parapharmacieenligne.ma\/?post_type=product&#038;p=10358"},"modified":"2026-01-27T12:24:44","modified_gmt":"2026-01-27T11:24:44","slug":"ziaja-manuka-tree-creme-de-jour-pmg-50ml","status":"publish","type":"product","link":"https:\/\/parapharmacieenligne.ma\/en\/product\/ziaja-manuka-tree-creme-de-jour-pmg-50ml\/","title":{"rendered":"Ziaja Manuka Tree Creme de Jour PMG 50ml"},"content":{"rendered":"<div aria-labelledby=\"tab-title-description\" class=\"woocommerce-Tabs-panel woocommerce-Tabs-panel--description panel entry-content wc-tab\" id=\"tab-description\" role=\"tabpanel\" style=\"\">\n<h2>Description<\/h2>\n<p>Apaisez votre peau avec la cr\u00e8me de jour de la soci\u00e9t\u00e9 polonaise Ziaja. Sa formule est infus\u00e9e d\u2019extraits de feuilles de manuka et d\u2019algue Laminaria ochroleuca qui vous offrent une multitude de bienfaits. Le produit peut r\u00e9tablir l\u2019\u00e9quilibre naturel de la peau et diminuer l\u2019apparence des imperfections tout en revitalisant la peau. A l\u2019aide de ses composants, la cr\u00e8me est capable de contr\u00f4ler le fonctionnement des glandes s\u00e9bac\u00e9es et d\u2019hydrater avec soin l\u2019\u00e9piderme. L\u2019extrait de feuilles de manuka procure des effets anti-microbiens, apaisants et nourrissants.<\/p>\n<p><strong>Conseils d\u2019utilisation :<\/strong><\/p>\n<p>Appliquer la cr\u00e8me sur la peau nettoy\u00e9e et tapoter doucement pour faciliter l\u2019absorption. Utiliser la journ\u00e9e. Le produit convient \u00e0 un usage quotidien.<\/p>\n<\/p><\/div>","protected":false},"excerpt":{"rendered":"<p>Highlights:Cr\u00e8me l\u00e9g\u00e8re hydratante-normalisante pour le soin quotidien des peaux grasses et mixtes.<\/p>","protected":false},"featured_media":10419,"comment_status":"open","ping_status":"closed","template":"","meta":[],"product_cat":[83],"product_tag":[],"yith_product_brand":[138],"class_list":{"0":"post-10358","1":"product","2":"type-product","3":"status-publish","4":"has-post-thumbnail","6":"product_cat-soins-visage","7":"yith_product_brand-ziaja","9":"first","10":"instock","11":"sale","12":"shipping-taxable","13":"purchasable","14":"product-type-simple"},"_links":{"self":[{"href":"https:\/\/parapharmacieenligne.ma\/en\/wp-json\/wp\/v2\/product\/10358","targetHints":{"allow":["GET"]}}],"collection":[{"href":"https:\/\/parapharmacieenligne.ma\/en\/wp-json\/wp\/v2\/product"}],"about":[{"href":"https:\/\/parapharmacieenligne.ma\/en\/wp-json\/wp\/v2\/types\/product"}],"replies":[{"embeddable":true,"href":"https:\/\/parapharmacieenligne.ma\/en\/wp-json\/wp\/v2\/comments?post=10358"}],"version-history":[{"count":1,"href":"https:\/\/parapharmacieenligne.ma\/en\/wp-json\/wp\/v2\/product\/10358\/revisions"}],"predecessor-version":[{"id":10420,"href":"https:\/\/parapharmacieenligne.ma\/en\/wp-json\/wp\/v2\/product\/10358\/revisions\/10420"}],"wp:featuredmedia":[{"embeddable":true,"href":"https:\/\/parapharmacieenligne.ma\/en\/wp-json\/wp\/v2\/media\/10419"}],"wp:attachment":[{"href":"https:\/\/parapharmacieenligne.ma\/en\/wp-json\/wp\/v2\/media?parent=10358"}],"wp:term":[{"taxonomy":"product_cat","embeddable":true,"href":"https:\/\/parapharmacieenligne.ma\/en\/wp-json\/wp\/v2\/product_cat?post=10358"},{"taxonomy":"product_tag","embeddable":true,"href":"https:\/\/parapharmacieenligne.ma\/en\/wp-json\/wp\/v2\/product_tag?post=10358"},{"taxonomy":"yith_product_brand","embeddable":true,"href":"https:\/\/parapharmacieenligne.ma\/en\/wp-json\/wp\/v2\/yith_product_brand?post=10358"}],"curies":[{"name":"wp","href":"https:\/\/api.w.org\/{rel}","templated":true}]}}