{"id":10368,"date":"2026-01-27T12:22:48","date_gmt":"2026-01-27T11:22:48","guid":{"rendered":"https:\/\/parapharmacieenligne.ma\/?post_type=product&#038;p=10368"},"modified":"2026-01-27T12:25:57","modified_gmt":"2026-01-27T11:25:57","slug":"ziaja-elegance-deodorant-creme-anti-transpirante-60ml","status":"publish","type":"product","link":"https:\/\/parapharmacieenligne.ma\/en\/product\/ziaja-elegance-deodorant-creme-anti-transpirante-60ml\/","title":{"rendered":"Ziaja Elegance D\u00e9odorant Cr\u00e8me Anti-Transpirante \u2013 60ml"},"content":{"rendered":"<div aria-labelledby=\"tab-title-description\" class=\"woocommerce-Tabs-panel woocommerce-Tabs-panel--description panel entry-content wc-tab\" id=\"tab-description\" role=\"tabpanel\" style=\"\">\n<h2>Description<\/h2>\n<p>Inhibe les processus de transpiration. R\u00e9gule l\u2019activit\u00e9 des glandes sudoripares, ce qui entra\u00eene une r\u00e9duction de la quantit\u00e9 de sueur. A un parfum d\u00e9licat de note de fleur de coton blanc. La combinaison d\u2019ingr\u00e9dients cr\u00e9e un parfum unique rappelant le satin doux, le cachemire et la soie.<\/p>\n<p><strong>Conseils d\u2019utilisation :<\/strong><\/p>\n<p>Appliquer sur une peau propre et s\u00e8che au niveau des aisselles. Laisser jusqu\u2019\u00e0 absorption.<\/p>\n<\/p><\/div>","protected":false},"excerpt":{"rendered":"<p>Highlights:A un parfum d\u00e9licat de note de fleur de coton blanc.<\/p>","protected":false},"featured_media":10450,"comment_status":"open","ping_status":"closed","template":"","meta":[],"product_cat":[85],"product_tag":[],"yith_product_brand":[138],"class_list":{"0":"post-10368","1":"product","2":"type-product","3":"status-publish","4":"has-post-thumbnail","6":"product_cat-soins-corps","7":"yith_product_brand-ziaja","9":"first","10":"instock","11":"sale","12":"shipping-taxable","13":"purchasable","14":"product-type-simple"},"_links":{"self":[{"href":"https:\/\/parapharmacieenligne.ma\/en\/wp-json\/wp\/v2\/product\/10368","targetHints":{"allow":["GET"]}}],"collection":[{"href":"https:\/\/parapharmacieenligne.ma\/en\/wp-json\/wp\/v2\/product"}],"about":[{"href":"https:\/\/parapharmacieenligne.ma\/en\/wp-json\/wp\/v2\/types\/product"}],"replies":[{"embeddable":true,"href":"https:\/\/parapharmacieenligne.ma\/en\/wp-json\/wp\/v2\/comments?post=10368"}],"version-history":[{"count":1,"href":"https:\/\/parapharmacieenligne.ma\/en\/wp-json\/wp\/v2\/product\/10368\/revisions"}],"predecessor-version":[{"id":10451,"href":"https:\/\/parapharmacieenligne.ma\/en\/wp-json\/wp\/v2\/product\/10368\/revisions\/10451"}],"wp:featuredmedia":[{"embeddable":true,"href":"https:\/\/parapharmacieenligne.ma\/en\/wp-json\/wp\/v2\/media\/10450"}],"wp:attachment":[{"href":"https:\/\/parapharmacieenligne.ma\/en\/wp-json\/wp\/v2\/media?parent=10368"}],"wp:term":[{"taxonomy":"product_cat","embeddable":true,"href":"https:\/\/parapharmacieenligne.ma\/en\/wp-json\/wp\/v2\/product_cat?post=10368"},{"taxonomy":"product_tag","embeddable":true,"href":"https:\/\/parapharmacieenligne.ma\/en\/wp-json\/wp\/v2\/product_tag?post=10368"},{"taxonomy":"yith_product_brand","embeddable":true,"href":"https:\/\/parapharmacieenligne.ma\/en\/wp-json\/wp\/v2\/yith_product_brand?post=10368"}],"curies":[{"name":"wp","href":"https:\/\/api.w.org\/{rel}","templated":true}]}}