{"id":10370,"date":"2026-01-27T12:22:50","date_gmt":"2026-01-27T11:22:50","guid":{"rendered":"https:\/\/parapharmacieenligne.ma\/?post_type=product&#038;p=10370"},"modified":"2026-01-27T12:26:07","modified_gmt":"2026-01-27T11:26:07","slug":"ziaja-baume-a-levres-hydratant-a-lorange","status":"publish","type":"product","link":"https:\/\/parapharmacieenligne.ma\/en\/product\/ziaja-baume-a-levres-hydratant-a-lorange\/","title":{"rendered":"ZIAJA Baume \u00e0 L\u00e8vres Hydratant \u00e0 l\u2019Orange"},"content":{"rendered":"<div aria-labelledby=\"tab-title-description\" class=\"woocommerce-Tabs-panel woocommerce-Tabs-panel--description panel entry-content wc-tab\" id=\"tab-description\" role=\"tabpanel\" style=\"\">\n<h2>Description<\/h2>\n<div class=\"std\">Riche en huiles nutritives, vitamine E et beurre d\u2019orange, ce baume r\u00e9parateur lisse et repulpe les l\u00e8vres en laissant un joli fini glossy et un agr\u00e9able parfum d\u2019agrumes. Sa formule nourrissante assure le confort et la souplesse des l\u00e8vres tout en les prot\u00e9geant efficacement contre les ger\u00e7ures.<\/div>\n<div class=\"std\">\n<p class=\"titleGridP\"><strong>CONSEILS D\u2019UTILISATION :<\/strong><\/p>\n<p>Appliquez sur vos l\u00e8vres aussi souvent que souhait\u00e9. Parfait comme base de rouge \u00e0 l\u00e8vres.<\/p>\n<\/div>\n<div class=\"std\">\n<p class=\"titleGridP\"><strong>COMPOSITION :<\/strong><\/p>\n<p>Paraffinum Liquidum (Mineral Oil), Cera Microcristallina (Microcrystalline Wax), Caprylic\/Capric Triglyceride, Prunus Amygdalus Dulcis (Sweet Almond) Oil, Citrus Aurantium Dulcis (Orange) Peel Oil, Citrus Aurantium Dulcis (Orange) Peel Wax, Hydrogenated Vegetable Oil, Propylene Glycol, Hydrogenated Castor Oil, Olea Europaea (Olive) Fruit Oil, Tocopheryl Acetate, PEG-8, Tocopherol, Ascorbyl Palmitate, Ascorbic Acid, Citric Acid, CI 15985 (FD&amp;C Yellow No. 6)<\/p>\n<\/div><\/div>","protected":false},"excerpt":{"rendered":"<p>Highlights:Aux huiles nutritives et au beurre d\u2019orangeLisse et repulpe les l\u00e8vresFini glossy incolore<\/p>","protected":false},"featured_media":10454,"comment_status":"open","ping_status":"closed","template":"","meta":[],"product_cat":[83],"product_tag":[],"yith_product_brand":[138],"class_list":{"0":"post-10370","1":"product","2":"type-product","3":"status-publish","4":"has-post-thumbnail","6":"product_cat-soins-visage","7":"yith_product_brand-ziaja","9":"first","10":"instock","11":"sale","12":"shipping-taxable","13":"purchasable","14":"product-type-simple"},"_links":{"self":[{"href":"https:\/\/parapharmacieenligne.ma\/en\/wp-json\/wp\/v2\/product\/10370","targetHints":{"allow":["GET"]}}],"collection":[{"href":"https:\/\/parapharmacieenligne.ma\/en\/wp-json\/wp\/v2\/product"}],"about":[{"href":"https:\/\/parapharmacieenligne.ma\/en\/wp-json\/wp\/v2\/types\/product"}],"replies":[{"embeddable":true,"href":"https:\/\/parapharmacieenligne.ma\/en\/wp-json\/wp\/v2\/comments?post=10370"}],"version-history":[{"count":1,"href":"https:\/\/parapharmacieenligne.ma\/en\/wp-json\/wp\/v2\/product\/10370\/revisions"}],"predecessor-version":[{"id":10455,"href":"https:\/\/parapharmacieenligne.ma\/en\/wp-json\/wp\/v2\/product\/10370\/revisions\/10455"}],"wp:featuredmedia":[{"embeddable":true,"href":"https:\/\/parapharmacieenligne.ma\/en\/wp-json\/wp\/v2\/media\/10454"}],"wp:attachment":[{"href":"https:\/\/parapharmacieenligne.ma\/en\/wp-json\/wp\/v2\/media?parent=10370"}],"wp:term":[{"taxonomy":"product_cat","embeddable":true,"href":"https:\/\/parapharmacieenligne.ma\/en\/wp-json\/wp\/v2\/product_cat?post=10370"},{"taxonomy":"product_tag","embeddable":true,"href":"https:\/\/parapharmacieenligne.ma\/en\/wp-json\/wp\/v2\/product_tag?post=10370"},{"taxonomy":"yith_product_brand","embeddable":true,"href":"https:\/\/parapharmacieenligne.ma\/en\/wp-json\/wp\/v2\/yith_product_brand?post=10370"}],"curies":[{"name":"wp","href":"https:\/\/api.w.org\/{rel}","templated":true}]}}