{"id":10384,"date":"2026-01-27T12:23:24","date_gmt":"2026-01-27T11:23:24","guid":{"rendered":"https:\/\/parapharmacieenligne.ma\/?post_type=product&#038;p=10384"},"modified":"2026-01-27T12:26:41","modified_gmt":"2026-01-27T11:26:41","slug":"ziaja-pack-gel-douche-olive-creme-mains","status":"publish","type":"product","link":"https:\/\/parapharmacieenligne.ma\/en\/product\/ziaja-pack-gel-douche-olive-creme-mains\/","title":{"rendered":"ZIAJA PACK GEL DOUCHE OLIVE CREME MAINS"},"content":{"rendered":"<div aria-labelledby=\"tab-title-description\" class=\"woocommerce-Tabs-panel woocommerce-Tabs-panel--description panel entry-content wc-tab\" id=\"tab-description\" role=\"tabpanel\" style=\"\">\n<h2>Description<\/h2>\n<p>Le gel douche Ziaja Olive Oil est un indispensable de votre hygi\u00e8ne corporelle. Il lave la peau du corps en toute d\u00e9licatesse et lui apporte l\u2019hydratation n\u00e9cessaire.<\/p>\n<p>La cr\u00e8me pour les mains \u00e0 l\u2019huile d\u2019olive Ziaja, qui contient de l\u2019huile d\u2019olive press\u00e9e \u00e0 froid, adoucit la peau, la prot\u00e8ge du dess\u00e8chement et pr\u00e9vient la casse des ongles ! La composition \u00e0 absorption rapide ne laisse aucune sensation collante. La taille de l\u2019emballage pratique est commod\u00e9ment incluse dans le sac. Test\u00e9 sous la supervision d\u2019un dermatologue. V\u00e9g\u00e9talien.<\/p>\n<\/p><\/div>","protected":false},"excerpt":{"rendered":"<p>Highlights:\u00e0 l\u2019achat de Ziaja Gel douche, vous recevez 1 Cr\u00e8me \u00e0 mainsOfferte<\/p>","protected":false},"featured_media":10467,"comment_status":"open","ping_status":"closed","template":"","meta":[],"product_cat":[85],"product_tag":[],"yith_product_brand":[138],"class_list":{"0":"post-10384","1":"product","2":"type-product","3":"status-publish","4":"has-post-thumbnail","6":"product_cat-soins-corps","7":"yith_product_brand-ziaja","9":"first","10":"instock","11":"sale","12":"shipping-taxable","13":"purchasable","14":"product-type-simple"},"_links":{"self":[{"href":"https:\/\/parapharmacieenligne.ma\/en\/wp-json\/wp\/v2\/product\/10384","targetHints":{"allow":["GET"]}}],"collection":[{"href":"https:\/\/parapharmacieenligne.ma\/en\/wp-json\/wp\/v2\/product"}],"about":[{"href":"https:\/\/parapharmacieenligne.ma\/en\/wp-json\/wp\/v2\/types\/product"}],"replies":[{"embeddable":true,"href":"https:\/\/parapharmacieenligne.ma\/en\/wp-json\/wp\/v2\/comments?post=10384"}],"version-history":[{"count":1,"href":"https:\/\/parapharmacieenligne.ma\/en\/wp-json\/wp\/v2\/product\/10384\/revisions"}],"predecessor-version":[{"id":10468,"href":"https:\/\/parapharmacieenligne.ma\/en\/wp-json\/wp\/v2\/product\/10384\/revisions\/10468"}],"wp:featuredmedia":[{"embeddable":true,"href":"https:\/\/parapharmacieenligne.ma\/en\/wp-json\/wp\/v2\/media\/10467"}],"wp:attachment":[{"href":"https:\/\/parapharmacieenligne.ma\/en\/wp-json\/wp\/v2\/media?parent=10384"}],"wp:term":[{"taxonomy":"product_cat","embeddable":true,"href":"https:\/\/parapharmacieenligne.ma\/en\/wp-json\/wp\/v2\/product_cat?post=10384"},{"taxonomy":"product_tag","embeddable":true,"href":"https:\/\/parapharmacieenligne.ma\/en\/wp-json\/wp\/v2\/product_tag?post=10384"},{"taxonomy":"yith_product_brand","embeddable":true,"href":"https:\/\/parapharmacieenligne.ma\/en\/wp-json\/wp\/v2\/yith_product_brand?post=10384"}],"curies":[{"name":"wp","href":"https:\/\/api.w.org\/{rel}","templated":true}]}}