{"id":10396,"date":"2026-01-27T12:23:52","date_gmt":"2026-01-27T11:23:52","guid":{"rendered":"https:\/\/parapharmacieenligne.ma\/?post_type=product&#038;p=10396"},"modified":"2026-01-27T12:27:01","modified_gmt":"2026-01-27T11:27:01","slug":"ziaja-apres-shampooing-a-lolive-naturel-200ml","status":"publish","type":"product","link":"https:\/\/parapharmacieenligne.ma\/en\/product\/ziaja-apres-shampooing-a-lolive-naturel-200ml\/","title":{"rendered":"Ziaja Apres Shampooing a l\u2019olive Naturel 200ml"},"content":{"rendered":"<div aria-labelledby=\"tab-title-description\" class=\"woocommerce-Tabs-panel woocommerce-Tabs-panel--description panel entry-content wc-tab\" id=\"tab-description\" role=\"tabpanel\" style=\"\">\n<h2>Description<\/h2>\n<div class=\"description\">\n<p><span>Conditionne toute la longueur des cheveux. R\u00e9duit l\u2019\u00e9lectricit\u00e9 statique et l\u2019enchev\u00eatrement. Assure douceur, douceur et brillance naturelles \u00e0 vos cheveux. Prot\u00e8ge les cheveux sur toute leur longueur, n\u2019alourdit pas les cheveux.<\/span><\/p>\n<\/p><\/div>\n<div class=\"product-info leaf-heading leaf-heading-up\">\n<div class=\"info-box\">\n<h4 class=\"box-title\"><span>COMMENT UTILISER<\/span><\/h4>\n<\/p>\n<p><span>Appliquez une petite quantit\u00e9 de revitalisant sur les cheveux fra\u00eechement lav\u00e9s. Rincez abondamment apr\u00e8s 3 \u00e0 5 minutes. Nous recommandons d\u2019utiliser le shampooing et le masque \u00e0 l\u2019huile d\u2019olive comme traitements compl\u00e9mentaires.<\/span><\/p>\n<\/p><\/div>\n<\/p><\/div>\n<\/p><\/div>","protected":false},"excerpt":{"rendered":"<p>Highlights:R\u00e9g\u00e9n\u00e8re la structure des cheveux perturb\u00e9s, en particulier secs, cassants, apr\u00e8s les traitements de coiffure.<\/p>","protected":false},"featured_media":10475,"comment_status":"open","ping_status":"closed","template":"","meta":[],"product_cat":[84],"product_tag":[],"yith_product_brand":[138],"class_list":{"0":"post-10396","1":"product","2":"type-product","3":"status-publish","4":"has-post-thumbnail","6":"product_cat-soins-cheveux","7":"yith_product_brand-ziaja","9":"first","10":"instock","11":"sale","12":"shipping-taxable","13":"purchasable","14":"product-type-simple"},"_links":{"self":[{"href":"https:\/\/parapharmacieenligne.ma\/en\/wp-json\/wp\/v2\/product\/10396","targetHints":{"allow":["GET"]}}],"collection":[{"href":"https:\/\/parapharmacieenligne.ma\/en\/wp-json\/wp\/v2\/product"}],"about":[{"href":"https:\/\/parapharmacieenligne.ma\/en\/wp-json\/wp\/v2\/types\/product"}],"replies":[{"embeddable":true,"href":"https:\/\/parapharmacieenligne.ma\/en\/wp-json\/wp\/v2\/comments?post=10396"}],"version-history":[{"count":1,"href":"https:\/\/parapharmacieenligne.ma\/en\/wp-json\/wp\/v2\/product\/10396\/revisions"}],"predecessor-version":[{"id":10476,"href":"https:\/\/parapharmacieenligne.ma\/en\/wp-json\/wp\/v2\/product\/10396\/revisions\/10476"}],"wp:featuredmedia":[{"embeddable":true,"href":"https:\/\/parapharmacieenligne.ma\/en\/wp-json\/wp\/v2\/media\/10475"}],"wp:attachment":[{"href":"https:\/\/parapharmacieenligne.ma\/en\/wp-json\/wp\/v2\/media?parent=10396"}],"wp:term":[{"taxonomy":"product_cat","embeddable":true,"href":"https:\/\/parapharmacieenligne.ma\/en\/wp-json\/wp\/v2\/product_cat?post=10396"},{"taxonomy":"product_tag","embeddable":true,"href":"https:\/\/parapharmacieenligne.ma\/en\/wp-json\/wp\/v2\/product_tag?post=10396"},{"taxonomy":"yith_product_brand","embeddable":true,"href":"https:\/\/parapharmacieenligne.ma\/en\/wp-json\/wp\/v2\/yith_product_brand?post=10396"}],"curies":[{"name":"wp","href":"https:\/\/api.w.org\/{rel}","templated":true}]}}