{"id":10398,"date":"2026-01-27T12:23:53","date_gmt":"2026-01-27T11:23:53","guid":{"rendered":"https:\/\/parapharmacieenligne.ma\/?post_type=product&#038;p=10398"},"modified":"2026-01-27T12:27:13","modified_gmt":"2026-01-27T11:27:13","slug":"ziaja-creme-de-pieds-hydratante-80ml","status":"publish","type":"product","link":"https:\/\/parapharmacieenligne.ma\/en\/product\/ziaja-creme-de-pieds-hydratante-80ml\/","title":{"rendered":"Ziaja Creme de Pieds Hydratante 80ml"},"content":{"rendered":"<div aria-labelledby=\"tab-title-description\" class=\"woocommerce-Tabs-panel woocommerce-Tabs-panel--description panel entry-content wc-tab\" id=\"tab-description\" role=\"tabpanel\" style=\"\">\n<h2>Description<\/h2>\n<div class=\"std\">Combinant des extraits v\u00e9g\u00e9taux, des peptides de fruits, du collag\u00e8ne et un trio d\u2019actifs aux puissantes propri\u00e9t\u00e9s hydratantes (Vitamine E, Provitamine B5, Ur\u00e9e), cette cr\u00e8me pour les pieds hydrate, nourrit et adoucit la peau sans laisser de sensation grasse ou collante. Sa texture fra\u00eeche p\u00e9n\u00e8tre rapidement et redonne instantan\u00e9ment confort et souplesse aux pieds secs.<\/div>\n<div class=\"std\">\n<p class=\"titleGridP\">COMPOSITION<\/p>\n<p>Aqua (Water), Cetearyl Glucoside, Cetearyl Alcohol, Hexyl Laurate, Glycerin, Elaeis Guineensis (Palm) Oil, Ceteareth-20, Caesalpinia Spinosa Gum, Dimethicone, Polyacrylamide, C13-14 Isoparaffin, Laureth-7, Panthenol, Urea, Lecithin, Hydrolyzed Lupine Protein, Tocopheryl Acetate, Sodium Polyacrylate, Phenoxyethanol, Methylparaben, Ethylparaben, Propylene Glycol, Diazolidinyl Urea, Cymbopogon Schoenanthus Oil, Citral, Geraniol, Limonene, Citric Acid.<\/p>\n<\/div>\n<div class=\"std\">\n<p class=\"titleGridP\">CONTENANCE<\/p>\n<\/p><\/div>\n<\/p><\/div>","protected":false},"excerpt":{"rendered":"<p>Highlights:Cr\u00e8me Pieds Hydratante<\/p>","protected":false},"featured_media":10479,"comment_status":"open","ping_status":"closed","template":"","meta":[],"product_cat":[85],"product_tag":[],"yith_product_brand":[138],"class_list":{"0":"post-10398","1":"product","2":"type-product","3":"status-publish","4":"has-post-thumbnail","6":"product_cat-soins-corps","7":"yith_product_brand-ziaja","9":"first","10":"instock","11":"sale","12":"shipping-taxable","13":"purchasable","14":"product-type-simple"},"_links":{"self":[{"href":"https:\/\/parapharmacieenligne.ma\/en\/wp-json\/wp\/v2\/product\/10398","targetHints":{"allow":["GET"]}}],"collection":[{"href":"https:\/\/parapharmacieenligne.ma\/en\/wp-json\/wp\/v2\/product"}],"about":[{"href":"https:\/\/parapharmacieenligne.ma\/en\/wp-json\/wp\/v2\/types\/product"}],"replies":[{"embeddable":true,"href":"https:\/\/parapharmacieenligne.ma\/en\/wp-json\/wp\/v2\/comments?post=10398"}],"version-history":[{"count":1,"href":"https:\/\/parapharmacieenligne.ma\/en\/wp-json\/wp\/v2\/product\/10398\/revisions"}],"predecessor-version":[{"id":10480,"href":"https:\/\/parapharmacieenligne.ma\/en\/wp-json\/wp\/v2\/product\/10398\/revisions\/10480"}],"wp:featuredmedia":[{"embeddable":true,"href":"https:\/\/parapharmacieenligne.ma\/en\/wp-json\/wp\/v2\/media\/10479"}],"wp:attachment":[{"href":"https:\/\/parapharmacieenligne.ma\/en\/wp-json\/wp\/v2\/media?parent=10398"}],"wp:term":[{"taxonomy":"product_cat","embeddable":true,"href":"https:\/\/parapharmacieenligne.ma\/en\/wp-json\/wp\/v2\/product_cat?post=10398"},{"taxonomy":"product_tag","embeddable":true,"href":"https:\/\/parapharmacieenligne.ma\/en\/wp-json\/wp\/v2\/product_tag?post=10398"},{"taxonomy":"yith_product_brand","embeddable":true,"href":"https:\/\/parapharmacieenligne.ma\/en\/wp-json\/wp\/v2\/yith_product_brand?post=10398"}],"curies":[{"name":"wp","href":"https:\/\/api.w.org\/{rel}","templated":true}]}}