{"id":10410,"date":"2026-01-27T12:24:21","date_gmt":"2026-01-27T11:24:21","guid":{"rendered":"https:\/\/parapharmacieenligne.ma\/?post_type=product&#038;p=10410"},"modified":"2026-01-27T12:27:46","modified_gmt":"2026-01-27T11:27:46","slug":"ziaja-lotion-hydratant-400ml-gel-douche-400ml-olive-naturel-pack","status":"publish","type":"product","link":"https:\/\/parapharmacieenligne.ma\/en\/product\/ziaja-lotion-hydratant-400ml-gel-douche-400ml-olive-naturel-pack\/","title":{"rendered":"Ziaja Lotion Hydratant 400ml + Gel douche 400ml Olive Naturel Pack"},"content":{"rendered":"<div aria-labelledby=\"tab-title-description\" class=\"woocommerce-Tabs-panel woocommerce-Tabs-panel--description panel entry-content wc-tab\" id=\"tab-description\" role=\"tabpanel\" style=\"\">\n<h2>Description<\/h2>\n<p>Lotion nourrissante de formulation d\u00e9licate, qui permet une application douce et une absorption rapide.<\/p>\n<ul>\n<li>Lotion pour le corps \u00e0 l\u2019olive.<\/li>\n<li>Hydrate intens\u00e9ment et lisse l\u2019\u00e9piderme.<\/li>\n<li>Aide \u00e0 maintenir un niveau d\u2019hydratation ad\u00e9quat.<\/li>\n<li>Convient aux peaux normales et s\u00e8ches.<\/li>\n<li>R\u00e9g\u00e9n\u00e8re la peau.<\/li>\n<li>Recommand\u00e9 pour les enfants \u00e2g\u00e9s de 6 mois et plus.<\/li>\n<\/ul><\/div>","protected":false},"excerpt":{"rendered":"<p>Highlights:Lotion pour le corps \u00e0 l\u2019olive.<\/p>","protected":false},"featured_media":10491,"comment_status":"open","ping_status":"closed","template":"","meta":[],"product_cat":[85],"product_tag":[],"yith_product_brand":[138],"class_list":{"0":"post-10410","1":"product","2":"type-product","3":"status-publish","4":"has-post-thumbnail","6":"product_cat-soins-corps","7":"yith_product_brand-ziaja","9":"first","10":"instock","11":"sale","12":"shipping-taxable","13":"purchasable","14":"product-type-simple"},"_links":{"self":[{"href":"https:\/\/parapharmacieenligne.ma\/en\/wp-json\/wp\/v2\/product\/10410","targetHints":{"allow":["GET"]}}],"collection":[{"href":"https:\/\/parapharmacieenligne.ma\/en\/wp-json\/wp\/v2\/product"}],"about":[{"href":"https:\/\/parapharmacieenligne.ma\/en\/wp-json\/wp\/v2\/types\/product"}],"replies":[{"embeddable":true,"href":"https:\/\/parapharmacieenligne.ma\/en\/wp-json\/wp\/v2\/comments?post=10410"}],"version-history":[{"count":1,"href":"https:\/\/parapharmacieenligne.ma\/en\/wp-json\/wp\/v2\/product\/10410\/revisions"}],"predecessor-version":[{"id":10492,"href":"https:\/\/parapharmacieenligne.ma\/en\/wp-json\/wp\/v2\/product\/10410\/revisions\/10492"}],"wp:featuredmedia":[{"embeddable":true,"href":"https:\/\/parapharmacieenligne.ma\/en\/wp-json\/wp\/v2\/media\/10491"}],"wp:attachment":[{"href":"https:\/\/parapharmacieenligne.ma\/en\/wp-json\/wp\/v2\/media?parent=10410"}],"wp:term":[{"taxonomy":"product_cat","embeddable":true,"href":"https:\/\/parapharmacieenligne.ma\/en\/wp-json\/wp\/v2\/product_cat?post=10410"},{"taxonomy":"product_tag","embeddable":true,"href":"https:\/\/parapharmacieenligne.ma\/en\/wp-json\/wp\/v2\/product_tag?post=10410"},{"taxonomy":"yith_product_brand","embeddable":true,"href":"https:\/\/parapharmacieenligne.ma\/en\/wp-json\/wp\/v2\/yith_product_brand?post=10410"}],"curies":[{"name":"wp","href":"https:\/\/api.w.org\/{rel}","templated":true}]}}