{"id":10411,"date":"2026-01-27T12:24:22","date_gmt":"2026-01-27T11:24:22","guid":{"rendered":"https:\/\/parapharmacieenligne.ma\/?post_type=product&#038;p=10411"},"modified":"2026-01-27T12:28:01","modified_gmt":"2026-01-27T11:28:01","slug":"ziaja-med-atopic-creme-hydratante-50ml","status":"publish","type":"product","link":"https:\/\/parapharmacieenligne.ma\/en\/product\/ziaja-med-atopic-creme-hydratante-50ml\/","title":{"rendered":"Ziaja Med Atopic Creme Hydratante 50ml"},"content":{"rendered":"<div aria-labelledby=\"tab-title-description\" class=\"woocommerce-Tabs-panel woocommerce-Tabs-panel--description panel entry-content wc-tab\" id=\"tab-description\" role=\"tabpanel\" style=\"\">\n<h2>Description<\/h2>\n<p>cr\u00e8me visage Ziaja Med Atopic Dermatitis Care offre \u00e0 votre visage le soin quotidien qu\u2019il m\u00e9rite vraiment.<\/p>\n<p><strong>Le produit :<\/strong><\/p>\n<ul>\n<li>apaise la peau irrit\u00e9e et rougie<\/li>\n<li>r\u00e9g\u00e9n\u00e8re la barri\u00e8re cutan\u00e9e<\/li>\n<li>hydrate intens\u00e9ment<\/li>\n<\/ul>\n<p><strong>Mode d\u2019emploi :<\/strong><br \/>\n Appliquez sur la peau pr\u00e9alablement nettoy\u00e9e et massez en faisant des mouvements circulaires. Appliquez sur le visage, le cou et le d\u00e9collet\u00e9.<\/p>\n<\/p><\/div>","protected":false},"excerpt":{"rendered":"<p>Highlights:cr\u00e8me apaisante pour peaux s\u00e8ches \u00e0 atopiques<\/p>","protected":false},"featured_media":10496,"comment_status":"open","ping_status":"closed","template":"","meta":[],"product_cat":[83],"product_tag":[],"yith_product_brand":[138],"class_list":{"0":"post-10411","1":"product","2":"type-product","3":"status-publish","4":"has-post-thumbnail","6":"product_cat-soins-visage","7":"yith_product_brand-ziaja","9":"first","10":"instock","11":"sale","12":"shipping-taxable","13":"purchasable","14":"product-type-simple"},"_links":{"self":[{"href":"https:\/\/parapharmacieenligne.ma\/en\/wp-json\/wp\/v2\/product\/10411","targetHints":{"allow":["GET"]}}],"collection":[{"href":"https:\/\/parapharmacieenligne.ma\/en\/wp-json\/wp\/v2\/product"}],"about":[{"href":"https:\/\/parapharmacieenligne.ma\/en\/wp-json\/wp\/v2\/types\/product"}],"replies":[{"embeddable":true,"href":"https:\/\/parapharmacieenligne.ma\/en\/wp-json\/wp\/v2\/comments?post=10411"}],"version-history":[{"count":1,"href":"https:\/\/parapharmacieenligne.ma\/en\/wp-json\/wp\/v2\/product\/10411\/revisions"}],"predecessor-version":[{"id":10497,"href":"https:\/\/parapharmacieenligne.ma\/en\/wp-json\/wp\/v2\/product\/10411\/revisions\/10497"}],"wp:featuredmedia":[{"embeddable":true,"href":"https:\/\/parapharmacieenligne.ma\/en\/wp-json\/wp\/v2\/media\/10496"}],"wp:attachment":[{"href":"https:\/\/parapharmacieenligne.ma\/en\/wp-json\/wp\/v2\/media?parent=10411"}],"wp:term":[{"taxonomy":"product_cat","embeddable":true,"href":"https:\/\/parapharmacieenligne.ma\/en\/wp-json\/wp\/v2\/product_cat?post=10411"},{"taxonomy":"product_tag","embeddable":true,"href":"https:\/\/parapharmacieenligne.ma\/en\/wp-json\/wp\/v2\/product_tag?post=10411"},{"taxonomy":"yith_product_brand","embeddable":true,"href":"https:\/\/parapharmacieenligne.ma\/en\/wp-json\/wp\/v2\/yith_product_brand?post=10411"}],"curies":[{"name":"wp","href":"https:\/\/api.w.org\/{rel}","templated":true}]}}