{"id":10412,"date":"2026-01-27T12:24:22","date_gmt":"2026-01-27T11:24:22","guid":{"rendered":"https:\/\/parapharmacieenligne.ma\/?post_type=product&#038;p=10412"},"modified":"2026-01-27T12:28:07","modified_gmt":"2026-01-27T11:28:07","slug":"ziaja-med-shampooing-apaisant-antipriritic-300ml","status":"publish","type":"product","link":"https:\/\/parapharmacieenligne.ma\/en\/product\/ziaja-med-shampooing-apaisant-antipriritic-300ml\/","title":{"rendered":"Ziaja Med Shampooing Apaisant Antipriritic 300ml"},"content":{"rendered":"<div aria-labelledby=\"tab-title-description\" class=\"woocommerce-Tabs-panel woocommerce-Tabs-panel--description panel entry-content wc-tab\" id=\"tab-description\" role=\"tabpanel\" style=\"\">\n<h2>Description<\/h2>\n<div class=\"description\">\n<div class=\"description\">\n<p>Contient du sirop de ma\u00efs et de l\u2019inuline \u2013 des substances \u00e0 l\u2019activit\u00e9 protectrice et anti-irritante prouv\u00e9e, des extraits d\u2019alo\u00e8s et de menthe.<\/p>\n<p>R\u00e9tablit l\u2019\u00e9quilibre naturel du cuir chevelu hypersensible.<\/p>\n<p>Agit en douceur et n\u2019endommage pas la barri\u00e8re protectrice naturelle de la peau.<\/p>\n<p>Fournit une hydratation, une douceur et une r\u00e9sistance durables aux cheveux.<\/p>\n<p>Emp\u00eache l\u2019enchev\u00eatrement. Recommand\u00e9 pour les personnes ayant des probl\u00e8mes d\u2019hypersensibilit\u00e9 du cuir chevelu et des d\u00e9mangeaisons.<\/p>\n<\/p><\/div>\n<div class=\"product-info leaf-heading leaf-heading-up\">\n<div class=\"info-box\">\n<div class=\"info-box\">\n<p>Appliquer sur cheveux humides. Massez uniform\u00e9ment jusqu\u2019\u00e0 ce que de la mousse se forme. Rincez abondamment. R\u00e9p\u00e9tez si n\u00e9cessaire. Pour un usage quotidien.<\/p>\n<\/p><\/div>\n<div class=\"info-box\"><\/div>\n<\/p><\/div>\n<\/p><\/div>\n<\/p><\/div>\n<\/p><\/div>","protected":false},"excerpt":{"rendered":"<p>Highlights:Convient \u00e0 tous les types de cheveux et aux d\u00e9mangeaisons du cuir chevelu.<\/p>","protected":false},"featured_media":10498,"comment_status":"open","ping_status":"closed","template":"","meta":[],"product_cat":[84],"product_tag":[],"yith_product_brand":[138],"class_list":{"0":"post-10412","1":"product","2":"type-product","3":"status-publish","4":"has-post-thumbnail","6":"product_cat-soins-cheveux","7":"yith_product_brand-ziaja","9":"first","10":"instock","11":"sale","12":"shipping-taxable","13":"purchasable","14":"product-type-simple"},"_links":{"self":[{"href":"https:\/\/parapharmacieenligne.ma\/en\/wp-json\/wp\/v2\/product\/10412","targetHints":{"allow":["GET"]}}],"collection":[{"href":"https:\/\/parapharmacieenligne.ma\/en\/wp-json\/wp\/v2\/product"}],"about":[{"href":"https:\/\/parapharmacieenligne.ma\/en\/wp-json\/wp\/v2\/types\/product"}],"replies":[{"embeddable":true,"href":"https:\/\/parapharmacieenligne.ma\/en\/wp-json\/wp\/v2\/comments?post=10412"}],"version-history":[{"count":1,"href":"https:\/\/parapharmacieenligne.ma\/en\/wp-json\/wp\/v2\/product\/10412\/revisions"}],"predecessor-version":[{"id":10499,"href":"https:\/\/parapharmacieenligne.ma\/en\/wp-json\/wp\/v2\/product\/10412\/revisions\/10499"}],"wp:featuredmedia":[{"embeddable":true,"href":"https:\/\/parapharmacieenligne.ma\/en\/wp-json\/wp\/v2\/media\/10498"}],"wp:attachment":[{"href":"https:\/\/parapharmacieenligne.ma\/en\/wp-json\/wp\/v2\/media?parent=10412"}],"wp:term":[{"taxonomy":"product_cat","embeddable":true,"href":"https:\/\/parapharmacieenligne.ma\/en\/wp-json\/wp\/v2\/product_cat?post=10412"},{"taxonomy":"product_tag","embeddable":true,"href":"https:\/\/parapharmacieenligne.ma\/en\/wp-json\/wp\/v2\/product_tag?post=10412"},{"taxonomy":"yith_product_brand","embeddable":true,"href":"https:\/\/parapharmacieenligne.ma\/en\/wp-json\/wp\/v2\/yith_product_brand?post=10412"}],"curies":[{"name":"wp","href":"https:\/\/api.w.org\/{rel}","templated":true}]}}