{"id":10421,"date":"2026-01-27T12:24:51","date_gmt":"2026-01-27T11:24:51","guid":{"rendered":"https:\/\/parapharmacieenligne.ma\/?post_type=product&#038;p=10421"},"modified":"2026-01-27T12:28:12","modified_gmt":"2026-01-27T11:28:12","slug":"ziaja-med-shampooing-apaisant-anti-pelliculaire-300ml","status":"publish","type":"product","link":"https:\/\/parapharmacieenligne.ma\/en\/product\/ziaja-med-shampooing-apaisant-anti-pelliculaire-300ml\/","title":{"rendered":"Ziaja Med Shampooing Apaisant Anti-Pelliculaire 300ml"},"content":{"rendered":"<div aria-labelledby=\"tab-title-description\" class=\"woocommerce-Tabs-panel woocommerce-Tabs-panel--description panel entry-content wc-tab\" id=\"tab-description\" role=\"tabpanel\" style=\"\">\n<h2>Description<\/h2>\n<div class=\"description\">\n<p><span>Contient de la piroctone olamine et du zinc \u2013 des ingr\u00e9dients \u00e0 l\u2019activit\u00e9 antipelliculaire prouv\u00e9e, des extraits de menthe et d\u2019\u00e9corce de saule. <\/span><\/p>\n<p><span>Sa base lavante innovante facilite l\u2019\u00e9limination des pellicules et normalise le processus de k\u00e9ratinisation de l\u2019\u00e9piderme. <\/span><\/p>\n<p><span>R\u00e9duit efficacement les causes et les sympt\u00f4mes des pellicules. R\u00e9duit les cheveux gras. Recommand\u00e9 pour les adolescents.<\/span><\/p>\n<\/p><\/div>\n<div class=\"product-info leaf-heading leaf-heading-up\">\n<div class=\"info-box\">\n<div class=\"info-box\">\n<p><span>Nettoyer le cuir chevelu et les cheveux \u00e0 l\u2019eau ti\u00e8de en massant du bout des doigts. <\/span><\/p>\n<p><span>Appliquer le shampooing sur les cheveux humides. Massez uniform\u00e9ment jusqu\u2019\u00e0 ce que la mousse se forme et laissez agir environ 5 minutes.<\/span><\/p>\n<p><span> Rincez abondamment et r\u00e9p\u00e9tez l\u2019application. Utiliser une fois par jour pendant 2 ou 3 jours pendant 2 \u00e0 4 semaines. <\/span><\/p>\n<p><span>Utiliser une \u00e0 deux fois par semaine en prophylaxie.<\/span><\/p>\n<\/p><\/div>\n<div class=\"info-box\"><\/div>\n<\/p><\/div>\n<\/p><\/div>\n<\/p><\/div>","protected":false},"excerpt":{"rendered":"<p>Highlights:Convient \u00e0 tous les types de cheveux avec des pellicules permanentes et chroniques.<\/p>","protected":false},"featured_media":10500,"comment_status":"open","ping_status":"closed","template":"","meta":[],"product_cat":[84],"product_tag":[],"yith_product_brand":[138],"class_list":{"0":"post-10421","1":"product","2":"type-product","3":"status-publish","4":"has-post-thumbnail","6":"product_cat-soins-cheveux","7":"yith_product_brand-ziaja","9":"first","10":"instock","11":"sale","12":"shipping-taxable","13":"purchasable","14":"product-type-simple"},"_links":{"self":[{"href":"https:\/\/parapharmacieenligne.ma\/en\/wp-json\/wp\/v2\/product\/10421","targetHints":{"allow":["GET"]}}],"collection":[{"href":"https:\/\/parapharmacieenligne.ma\/en\/wp-json\/wp\/v2\/product"}],"about":[{"href":"https:\/\/parapharmacieenligne.ma\/en\/wp-json\/wp\/v2\/types\/product"}],"replies":[{"embeddable":true,"href":"https:\/\/parapharmacieenligne.ma\/en\/wp-json\/wp\/v2\/comments?post=10421"}],"version-history":[{"count":1,"href":"https:\/\/parapharmacieenligne.ma\/en\/wp-json\/wp\/v2\/product\/10421\/revisions"}],"predecessor-version":[{"id":10501,"href":"https:\/\/parapharmacieenligne.ma\/en\/wp-json\/wp\/v2\/product\/10421\/revisions\/10501"}],"wp:featuredmedia":[{"embeddable":true,"href":"https:\/\/parapharmacieenligne.ma\/en\/wp-json\/wp\/v2\/media\/10500"}],"wp:attachment":[{"href":"https:\/\/parapharmacieenligne.ma\/en\/wp-json\/wp\/v2\/media?parent=10421"}],"wp:term":[{"taxonomy":"product_cat","embeddable":true,"href":"https:\/\/parapharmacieenligne.ma\/en\/wp-json\/wp\/v2\/product_cat?post=10421"},{"taxonomy":"product_tag","embeddable":true,"href":"https:\/\/parapharmacieenligne.ma\/en\/wp-json\/wp\/v2\/product_tag?post=10421"},{"taxonomy":"yith_product_brand","embeddable":true,"href":"https:\/\/parapharmacieenligne.ma\/en\/wp-json\/wp\/v2\/yith_product_brand?post=10421"}],"curies":[{"name":"wp","href":"https:\/\/api.w.org\/{rel}","templated":true}]}}