{"id":10424,"date":"2026-01-27T12:24:53","date_gmt":"2026-01-27T11:24:53","guid":{"rendered":"https:\/\/parapharmacieenligne.ma\/?post_type=product&#038;p=10424"},"modified":"2026-01-27T12:28:35","modified_gmt":"2026-01-27T11:28:35","slug":"ziaja-miniperefect-dentifrice-sensibibles-75ml","status":"publish","type":"product","link":"https:\/\/parapharmacieenligne.ma\/en\/product\/ziaja-miniperefect-dentifrice-sensibibles-75ml\/","title":{"rendered":"Ziaja Miniperefect Dentifrice Sensibibles 75ml"},"content":{"rendered":"<div aria-labelledby=\"tab-title-description\" class=\"woocommerce-Tabs-panel woocommerce-Tabs-panel--description panel entry-content wc-tab\" id=\"tab-description\" role=\"tabpanel\" style=\"\">\n<h2>Description<\/h2>\n<div class=\"description\">\n<div class=\"description\">\n<div class=\"description\">\n<p><span>Dentifrice pour dents sensibles Mintperfect au fluorure d\u2019amine, au fluorure de sodium, au nitrate de potassium et \u00e0 la b\u00e9ta\u00efne pour les dents sensibles. <\/span><\/p>\n<p><span>Renforce l\u2019\u00e9mail des dents, prot\u00e8ge les gencives et la dentine expos\u00e9e.<\/span><\/p>\n<p><span> Fournit une protection contre les acides, les bact\u00e9ries et les repas froids. <\/span><\/p>\n<p><span>La silice nettoie en profondeur la plaque et restaure la blancheur naturelle. L\u2019ar\u00f4me doux de menthe procure une agr\u00e9able sensation de fra\u00eecheur. Contient 0,12% de fluorure.<\/span><\/p>\n<\/p><\/div>\n<div class=\"product-info leaf-heading leaf-heading-up\">\n<div class=\"info-box\"><\/div>\n<\/p><\/div>\n<\/p><\/div>\n<\/p><\/div>\n<\/p><\/div>","protected":false},"excerpt":{"rendered":"<p>Highlights:Dentifrice pour dents sensibles Mintperfect au fluorure d\u2019amine, au fluorure de sodium, au nitrate de potassium et \u00e0 la b\u00e9ta\u00efne pour les dents sensibles.<\/p>","protected":false},"featured_media":10506,"comment_status":"open","ping_status":"closed","template":"","meta":[],"product_cat":[88],"product_tag":[],"yith_product_brand":[138],"class_list":{"0":"post-10424","1":"product","2":"type-product","3":"status-publish","4":"has-post-thumbnail","6":"product_cat-soins-bucco-dentaires","7":"yith_product_brand-ziaja","9":"first","10":"instock","11":"sale","12":"shipping-taxable","13":"purchasable","14":"product-type-simple"},"_links":{"self":[{"href":"https:\/\/parapharmacieenligne.ma\/en\/wp-json\/wp\/v2\/product\/10424","targetHints":{"allow":["GET"]}}],"collection":[{"href":"https:\/\/parapharmacieenligne.ma\/en\/wp-json\/wp\/v2\/product"}],"about":[{"href":"https:\/\/parapharmacieenligne.ma\/en\/wp-json\/wp\/v2\/types\/product"}],"replies":[{"embeddable":true,"href":"https:\/\/parapharmacieenligne.ma\/en\/wp-json\/wp\/v2\/comments?post=10424"}],"version-history":[{"count":1,"href":"https:\/\/parapharmacieenligne.ma\/en\/wp-json\/wp\/v2\/product\/10424\/revisions"}],"predecessor-version":[{"id":10507,"href":"https:\/\/parapharmacieenligne.ma\/en\/wp-json\/wp\/v2\/product\/10424\/revisions\/10507"}],"wp:featuredmedia":[{"embeddable":true,"href":"https:\/\/parapharmacieenligne.ma\/en\/wp-json\/wp\/v2\/media\/10506"}],"wp:attachment":[{"href":"https:\/\/parapharmacieenligne.ma\/en\/wp-json\/wp\/v2\/media?parent=10424"}],"wp:term":[{"taxonomy":"product_cat","embeddable":true,"href":"https:\/\/parapharmacieenligne.ma\/en\/wp-json\/wp\/v2\/product_cat?post=10424"},{"taxonomy":"product_tag","embeddable":true,"href":"https:\/\/parapharmacieenligne.ma\/en\/wp-json\/wp\/v2\/product_tag?post=10424"},{"taxonomy":"yith_product_brand","embeddable":true,"href":"https:\/\/parapharmacieenligne.ma\/en\/wp-json\/wp\/v2\/yith_product_brand?post=10424"}],"curies":[{"name":"wp","href":"https:\/\/api.w.org\/{rel}","templated":true}]}}