{"id":10433,"date":"2026-01-27T12:25:18","date_gmt":"2026-01-27T11:25:18","guid":{"rendered":"https:\/\/parapharmacieenligne.ma\/?post_type=product&#038;p=10433"},"modified":"2026-01-27T12:28:39","modified_gmt":"2026-01-27T11:28:39","slug":"ziaja-miniperefect-dentifrice-active-blancheur-75ml","status":"publish","type":"product","link":"https:\/\/parapharmacieenligne.ma\/en\/product\/ziaja-miniperefect-dentifrice-active-blancheur-75ml\/","title":{"rendered":"Ziaja Miniperefect Dentifrice Active Blancheur 75ml"},"content":{"rendered":"<div aria-labelledby=\"tab-title-description\" class=\"woocommerce-Tabs-panel woocommerce-Tabs-panel--description panel entry-content wc-tab\" id=\"tab-description\" role=\"tabpanel\" style=\"\">\n<h2>Description<\/h2>\n<div class=\"description\">\n<div class=\"description\">\n<p><span>Mintperfect dentifrice remin\u00e9ralisant actif avec \u00e9mail liquide \u2013 hydroxyapatite et fluorure de sodium. <\/span><\/p>\n<p><span>Nettoie efficacement les dents, scelle, prot\u00e8ge et lisse la surface des dents, durcit l\u2019\u00e9mail des dents. <\/span><\/p>\n<p><span>R\u00e9duit l\u2019irritation de la muqueuse des gencives et prot\u00e8ge contre les attaques acides et la carie dentaire. <\/span><\/p>\n<p><span>La silice nettoie en profondeur la plaque et restaure la blancheur naturelle. La combinaison de l\u2019ar\u00f4me de menthe et d\u2019eug\u00e9nol procure une agr\u00e9able sensation de fra\u00eecheur. Contient 0,15% de fluorure.<\/span><\/p>\n<\/p><\/div>\n<div class=\"product-info leaf-heading leaf-heading-up\">\n<div class=\"info-box\"><\/div>\n<\/p><\/div>\n<\/p><\/div>\n<\/p><\/div>","protected":false},"excerpt":{"rendered":"<p>Highlights:Nettoie efficacement les dents, scelle, prot\u00e8ge et lisse la surface des dents, durcit l\u2019\u00e9mail des dents.<\/p>","protected":false},"featured_media":10508,"comment_status":"open","ping_status":"closed","template":"","meta":[],"product_cat":[88],"product_tag":[],"yith_product_brand":[138],"class_list":{"0":"post-10433","1":"product","2":"type-product","3":"status-publish","4":"has-post-thumbnail","6":"product_cat-soins-bucco-dentaires","7":"yith_product_brand-ziaja","9":"first","10":"instock","11":"sale","12":"shipping-taxable","13":"purchasable","14":"product-type-simple"},"_links":{"self":[{"href":"https:\/\/parapharmacieenligne.ma\/en\/wp-json\/wp\/v2\/product\/10433","targetHints":{"allow":["GET"]}}],"collection":[{"href":"https:\/\/parapharmacieenligne.ma\/en\/wp-json\/wp\/v2\/product"}],"about":[{"href":"https:\/\/parapharmacieenligne.ma\/en\/wp-json\/wp\/v2\/types\/product"}],"replies":[{"embeddable":true,"href":"https:\/\/parapharmacieenligne.ma\/en\/wp-json\/wp\/v2\/comments?post=10433"}],"version-history":[{"count":1,"href":"https:\/\/parapharmacieenligne.ma\/en\/wp-json\/wp\/v2\/product\/10433\/revisions"}],"predecessor-version":[{"id":10509,"href":"https:\/\/parapharmacieenligne.ma\/en\/wp-json\/wp\/v2\/product\/10433\/revisions\/10509"}],"wp:featuredmedia":[{"embeddable":true,"href":"https:\/\/parapharmacieenligne.ma\/en\/wp-json\/wp\/v2\/media\/10508"}],"wp:attachment":[{"href":"https:\/\/parapharmacieenligne.ma\/en\/wp-json\/wp\/v2\/media?parent=10433"}],"wp:term":[{"taxonomy":"product_cat","embeddable":true,"href":"https:\/\/parapharmacieenligne.ma\/en\/wp-json\/wp\/v2\/product_cat?post=10433"},{"taxonomy":"product_tag","embeddable":true,"href":"https:\/\/parapharmacieenligne.ma\/en\/wp-json\/wp\/v2\/product_tag?post=10433"},{"taxonomy":"yith_product_brand","embeddable":true,"href":"https:\/\/parapharmacieenligne.ma\/en\/wp-json\/wp\/v2\/yith_product_brand?post=10433"}],"curies":[{"name":"wp","href":"https:\/\/api.w.org\/{rel}","templated":true}]}}