{"id":10459,"date":"2026-01-27T12:26:16","date_gmt":"2026-01-27T11:26:16","guid":{"rendered":"https:\/\/parapharmacieenligne.ma\/?post_type=product&#038;p=10459"},"modified":"2026-01-27T12:29:53","modified_gmt":"2026-01-27T11:29:53","slug":"ziaja-gel-nettoyant-a-lolive-naturel-200ml","status":"publish","type":"product","link":"https:\/\/parapharmacieenligne.ma\/en\/product\/ziaja-gel-nettoyant-a-lolive-naturel-200ml\/","title":{"rendered":"Ziaja Gel Nettoyant A l\u2019olive Naturel 200ml"},"content":{"rendered":"<div aria-labelledby=\"tab-title-description\" class=\"woocommerce-Tabs-panel woocommerce-Tabs-panel--description panel entry-content wc-tab\" id=\"tab-description\" role=\"tabpanel\" style=\"\">\n<h2>Description<\/h2>\n<div class=\"description\">\n<p><span>Hydrate et pr\u00e9vient la d\u00e9shydratation.<\/span><\/p>\n<p><span> Pr\u00e9pare la peau pour d\u2019autres traitements cosm\u00e9tiques.<\/span><\/p>\n<\/p><\/div>\n<div class=\"product-info leaf-heading leaf-heading-up\">\n<div class=\"info-box\">\n<div class=\"info-box\">\n<p><span>Appliquez une petite quantit\u00e9 de gel sur la peau humide. Utilisez ensuite de la cr\u00e8me \u00e0 l\u2019huile d\u2019olive.<\/span><\/p>\n<\/p><\/div>\n<div class=\"info-box\"><\/div>\n<\/p><\/div>\n<\/p><\/div>\n<\/p><\/div>","protected":false},"excerpt":{"rendered":"<p>Highlights:Nettoie la peau en douceur mais efficacement.<\/p>","protected":false},"featured_media":10528,"comment_status":"open","ping_status":"closed","template":"","meta":[],"product_cat":[85],"product_tag":[],"yith_product_brand":[138],"class_list":{"0":"post-10459","1":"product","2":"type-product","3":"status-publish","4":"has-post-thumbnail","6":"product_cat-soins-corps","7":"yith_product_brand-ziaja","9":"first","10":"instock","11":"sale","12":"shipping-taxable","13":"purchasable","14":"product-type-simple"},"_links":{"self":[{"href":"https:\/\/parapharmacieenligne.ma\/en\/wp-json\/wp\/v2\/product\/10459","targetHints":{"allow":["GET"]}}],"collection":[{"href":"https:\/\/parapharmacieenligne.ma\/en\/wp-json\/wp\/v2\/product"}],"about":[{"href":"https:\/\/parapharmacieenligne.ma\/en\/wp-json\/wp\/v2\/types\/product"}],"replies":[{"embeddable":true,"href":"https:\/\/parapharmacieenligne.ma\/en\/wp-json\/wp\/v2\/comments?post=10459"}],"version-history":[{"count":1,"href":"https:\/\/parapharmacieenligne.ma\/en\/wp-json\/wp\/v2\/product\/10459\/revisions"}],"predecessor-version":[{"id":10529,"href":"https:\/\/parapharmacieenligne.ma\/en\/wp-json\/wp\/v2\/product\/10459\/revisions\/10529"}],"wp:featuredmedia":[{"embeddable":true,"href":"https:\/\/parapharmacieenligne.ma\/en\/wp-json\/wp\/v2\/media\/10528"}],"wp:attachment":[{"href":"https:\/\/parapharmacieenligne.ma\/en\/wp-json\/wp\/v2\/media?parent=10459"}],"wp:term":[{"taxonomy":"product_cat","embeddable":true,"href":"https:\/\/parapharmacieenligne.ma\/en\/wp-json\/wp\/v2\/product_cat?post=10459"},{"taxonomy":"product_tag","embeddable":true,"href":"https:\/\/parapharmacieenligne.ma\/en\/wp-json\/wp\/v2\/product_tag?post=10459"},{"taxonomy":"yith_product_brand","embeddable":true,"href":"https:\/\/parapharmacieenligne.ma\/en\/wp-json\/wp\/v2\/yith_product_brand?post=10459"}],"curies":[{"name":"wp","href":"https:\/\/api.w.org\/{rel}","templated":true}]}}