{"id":10484,"date":"2026-01-27T12:27:19","date_gmt":"2026-01-27T11:27:19","guid":{"rendered":"https:\/\/parapharmacieenligne.ma\/?post_type=product&#038;p=10484"},"modified":"2026-01-27T12:30:50","modified_gmt":"2026-01-27T11:30:50","slug":"ziaja-sun-brulure-solaire-gel-apaisant-200ml","status":"publish","type":"product","link":"https:\/\/parapharmacieenligne.ma\/en\/product\/ziaja-sun-brulure-solaire-gel-apaisant-200ml\/","title":{"rendered":"Ziaja Sun Brulure Solaire Gel Apaisant 200ml"},"content":{"rendered":"<div aria-labelledby=\"tab-title-description\" class=\"woocommerce-Tabs-panel woocommerce-Tabs-panel--description panel entry-content wc-tab\" id=\"tab-description\" role=\"tabpanel\" style=\"\">\n<h2>Description<\/h2>\n<p>Apaise les irritations cutan\u00e9es caus\u00e9es par une exposition excessive au soleil ou par le bronzage en solarium.<\/p>\n<p>R\u00e9duit les effets d\u2019une protection insuffisante de la peau.<\/p>\n<p>Calme et prot\u00e8ge l\u2019\u00e9piderme. Soulage imm\u00e9diatement les peaux irrit\u00e9es.<\/p>\n<p>MODE D\u2019EMPLOI<br \/>\n Appliquez uniform\u00e9ment sur la peau apr\u00e8s chaque exposition au soleil.<br \/>\n Pour la protection pendant le bronzage, appliquer une lotion solaire ad\u00e9quate de la ligne Ziaja Sun.<\/p>\n<\/p><\/div>","protected":false},"excerpt":{"rendered":"<p>Highlights:R\u00e9duit les effets d\u2019une protection insuffisante de la peau.Calme et prot\u00e8ge l\u2019\u00e9piderme. Soulage imm\u00e9diatement les peaux irrit\u00e9es.<\/p>","protected":false},"featured_media":10546,"comment_status":"open","ping_status":"closed","template":"","meta":[],"product_cat":[85],"product_tag":[],"yith_product_brand":[138],"class_list":{"0":"post-10484","1":"product","2":"type-product","3":"status-publish","4":"has-post-thumbnail","6":"product_cat-soins-corps","7":"yith_product_brand-ziaja","9":"first","10":"instock","11":"sale","12":"shipping-taxable","13":"purchasable","14":"product-type-simple"},"_links":{"self":[{"href":"https:\/\/parapharmacieenligne.ma\/en\/wp-json\/wp\/v2\/product\/10484","targetHints":{"allow":["GET"]}}],"collection":[{"href":"https:\/\/parapharmacieenligne.ma\/en\/wp-json\/wp\/v2\/product"}],"about":[{"href":"https:\/\/parapharmacieenligne.ma\/en\/wp-json\/wp\/v2\/types\/product"}],"replies":[{"embeddable":true,"href":"https:\/\/parapharmacieenligne.ma\/en\/wp-json\/wp\/v2\/comments?post=10484"}],"version-history":[{"count":1,"href":"https:\/\/parapharmacieenligne.ma\/en\/wp-json\/wp\/v2\/product\/10484\/revisions"}],"predecessor-version":[{"id":10547,"href":"https:\/\/parapharmacieenligne.ma\/en\/wp-json\/wp\/v2\/product\/10484\/revisions\/10547"}],"wp:featuredmedia":[{"embeddable":true,"href":"https:\/\/parapharmacieenligne.ma\/en\/wp-json\/wp\/v2\/media\/10546"}],"wp:attachment":[{"href":"https:\/\/parapharmacieenligne.ma\/en\/wp-json\/wp\/v2\/media?parent=10484"}],"wp:term":[{"taxonomy":"product_cat","embeddable":true,"href":"https:\/\/parapharmacieenligne.ma\/en\/wp-json\/wp\/v2\/product_cat?post=10484"},{"taxonomy":"product_tag","embeddable":true,"href":"https:\/\/parapharmacieenligne.ma\/en\/wp-json\/wp\/v2\/product_tag?post=10484"},{"taxonomy":"yith_product_brand","embeddable":true,"href":"https:\/\/parapharmacieenligne.ma\/en\/wp-json\/wp\/v2\/yith_product_brand?post=10484"}],"curies":[{"name":"wp","href":"https:\/\/api.w.org\/{rel}","templated":true}]}}