{"id":10558,"date":"2026-01-27T12:48:19","date_gmt":"2026-01-27T11:48:19","guid":{"rendered":"https:\/\/parapharmacieenligne.ma\/?post_type=product&#038;p=10558"},"modified":"2026-01-27T12:48:46","modified_gmt":"2026-01-27T11:48:46","slug":"zenska-lait-corporel-eclaircissant-150ml","status":"publish","type":"product","link":"https:\/\/parapharmacieenligne.ma\/en\/product\/zenska-lait-corporel-eclaircissant-150ml\/","title":{"rendered":"ZENSKA LAIT CORPOREL \u00c9CLAIRCISSANT \u2013 150ml"},"content":{"rendered":"<div aria-labelledby=\"tab-title-description\" class=\"woocommerce-Tabs-panel woocommerce-Tabs-panel--description panel entry-content wc-tab\" id=\"tab-description\" role=\"tabpanel\" style=\"\">\n<h2>Description<\/h2>\n<p>De par sa formulation sp\u00e9cifique ce Lait Corporel favorise visiblement un \u00e9claircissement de la peau et permet de lutter contre les taches brunes dues au vieillissement et aux agressions climatiques. Il exerce une action exfoliante imm\u00e9diate gr\u00e2ce \u00e0 l\u2019effet de l\u2019Acide Salicylique mais \u00e9galement une action \u00e9claircissante de longue dur\u00e9e gr\u00e2ce \u00e0 l\u2019association de la Vitamine C \u00e0 un Complexe d\u2019actifs d\u2019une grande efficacit\u00e9. Une application r\u00e9guli\u00e8re permet d\u2019illuminer la peau et la rendre plus radieuse et \u00e9clatante de beaut\u00e9. Des extraits de plantes assurent un effet hydratant et adoucissant sur l\u2019\u00e9piderme pour une peau d\u2019apparence plus claire, ferme et un teint unifi\u00e9.<br \/>\n Quotidiennement appliquer g\u00e9n\u00e9reusement le Lait sur toutes les parties du corps \u00e0 traiter et masser jusqu\u2019\u00e0 compl\u00e8te absorption. Pour un r\u00e9sultat durable et optimal, appliquer une protection solaire sur les parties du corps expos\u00e9es au soleil.<\/p>\n<\/p><\/div>","protected":false},"excerpt":{"rendered":"<p>Highlights:TACHES BRUNESHYDRATATION INTENSEHOMOG\u00c9N\u00c9ISE LA PIGMENTATIONTOUS TYPES DE PEAUX<\/p>","protected":false},"featured_media":10572,"comment_status":"open","ping_status":"closed","template":"","meta":[],"product_cat":[85],"product_tag":[],"yith_product_brand":[139],"class_list":{"0":"post-10558","1":"product","2":"type-product","3":"status-publish","4":"has-post-thumbnail","6":"product_cat-soins-corps","7":"yith_product_brand-zenska","9":"first","10":"instock","11":"sale","12":"shipping-taxable","13":"purchasable","14":"product-type-simple"},"_links":{"self":[{"href":"https:\/\/parapharmacieenligne.ma\/en\/wp-json\/wp\/v2\/product\/10558","targetHints":{"allow":["GET"]}}],"collection":[{"href":"https:\/\/parapharmacieenligne.ma\/en\/wp-json\/wp\/v2\/product"}],"about":[{"href":"https:\/\/parapharmacieenligne.ma\/en\/wp-json\/wp\/v2\/types\/product"}],"replies":[{"embeddable":true,"href":"https:\/\/parapharmacieenligne.ma\/en\/wp-json\/wp\/v2\/comments?post=10558"}],"version-history":[{"count":1,"href":"https:\/\/parapharmacieenligne.ma\/en\/wp-json\/wp\/v2\/product\/10558\/revisions"}],"predecessor-version":[{"id":10573,"href":"https:\/\/parapharmacieenligne.ma\/en\/wp-json\/wp\/v2\/product\/10558\/revisions\/10573"}],"wp:featuredmedia":[{"embeddable":true,"href":"https:\/\/parapharmacieenligne.ma\/en\/wp-json\/wp\/v2\/media\/10572"}],"wp:attachment":[{"href":"https:\/\/parapharmacieenligne.ma\/en\/wp-json\/wp\/v2\/media?parent=10558"}],"wp:term":[{"taxonomy":"product_cat","embeddable":true,"href":"https:\/\/parapharmacieenligne.ma\/en\/wp-json\/wp\/v2\/product_cat?post=10558"},{"taxonomy":"product_tag","embeddable":true,"href":"https:\/\/parapharmacieenligne.ma\/en\/wp-json\/wp\/v2\/product_tag?post=10558"},{"taxonomy":"yith_product_brand","embeddable":true,"href":"https:\/\/parapharmacieenligne.ma\/en\/wp-json\/wp\/v2\/yith_product_brand?post=10558"}],"curies":[{"name":"wp","href":"https:\/\/api.w.org\/{rel}","templated":true}]}}