{"id":10565,"date":"2026-01-27T12:48:22","date_gmt":"2026-01-27T11:48:22","guid":{"rendered":"https:\/\/parapharmacieenligne.ma\/?post_type=product&#038;p=10565"},"modified":"2026-01-27T12:49:47","modified_gmt":"2026-01-27T11:49:47","slug":"zenska-ecran-solaire-teinte-claire-50ml","status":"publish","type":"product","link":"https:\/\/parapharmacieenligne.ma\/en\/product\/zenska-ecran-solaire-teinte-claire-50ml\/","title":{"rendered":"ZENSKA \u00c9CRAN SOLAIRE TEINTE CLAIRE \u2013 50ml"},"content":{"rendered":"<div aria-labelledby=\"tab-title-description\" class=\"woocommerce-Tabs-panel woocommerce-Tabs-panel--description panel entry-content wc-tab\" id=\"tab-description\" role=\"tabpanel\" style=\"\">\n<h2>Description<\/h2>\n<p class=\"description\">Cette cr\u00e8me solaire SPF50+ offre une protection maximale contre les rayons solaires nocifs pour l\u2019\u00e9piderme. Elle emp\u00eache les rayons UV d\u2019alt\u00e9rer la structure de collag\u00e8ne et d\u2019\u00e9lastine ce qui favorise le vieillissement acc\u00e9l\u00e9r\u00e9 de la peau et l\u2019apparition des taches brunes. De plus elle est enrichie en actifs hydratants, r\u00e9g\u00e9n\u00e9rants et adoucissants qui r\u00e9\u00e9quilibrent le film hydrolipidique et apaisent les sensations de picotements caus\u00e9es par l\u2019exposition au soleil. Tr\u00e8s l\u00e9g\u00e8rement teint\u00e9e elle laisse un teint unifi\u00e9 sans marque blanche et donne un effet &lt;&lt; bonne mine &gt;&gt;.<\/p>\n<p class=\"creme-solaire\">Quelques minutes avant de vous exposer au soleil appliquer une couche de cr\u00e8me sur les parties \u00e0 prot\u00e9ger. Renouveler environ toutes les 4 heures ou apr\u00e8s chaque douche ou baignade. Il est recommand\u00e9 d\u2019\u00e9viter de s\u2019exposer au soleil lorsqu\u2019il est au z\u00e9nith et tout particuli\u00e8rement pour les enfants.<\/p>\n<\/p><\/div>","protected":false},"excerpt":{"rendered":"<p>Highlights:SPF 50+PROTECTION UVA UVB LONGUE DUR\u00c9EANTI TACHES \/ ANTI \u00c2GE<\/p>","protected":false},"featured_media":10586,"comment_status":"open","ping_status":"closed","template":"","meta":[],"product_cat":[86],"product_tag":[],"yith_product_brand":[139],"class_list":{"0":"post-10565","1":"product","2":"type-product","3":"status-publish","4":"has-post-thumbnail","6":"product_cat-protection-solaire","7":"yith_product_brand-zenska","9":"first","10":"instock","11":"sale","12":"shipping-taxable","13":"purchasable","14":"product-type-simple"},"_links":{"self":[{"href":"https:\/\/parapharmacieenligne.ma\/en\/wp-json\/wp\/v2\/product\/10565","targetHints":{"allow":["GET"]}}],"collection":[{"href":"https:\/\/parapharmacieenligne.ma\/en\/wp-json\/wp\/v2\/product"}],"about":[{"href":"https:\/\/parapharmacieenligne.ma\/en\/wp-json\/wp\/v2\/types\/product"}],"replies":[{"embeddable":true,"href":"https:\/\/parapharmacieenligne.ma\/en\/wp-json\/wp\/v2\/comments?post=10565"}],"version-history":[{"count":1,"href":"https:\/\/parapharmacieenligne.ma\/en\/wp-json\/wp\/v2\/product\/10565\/revisions"}],"predecessor-version":[{"id":10587,"href":"https:\/\/parapharmacieenligne.ma\/en\/wp-json\/wp\/v2\/product\/10565\/revisions\/10587"}],"wp:featuredmedia":[{"embeddable":true,"href":"https:\/\/parapharmacieenligne.ma\/en\/wp-json\/wp\/v2\/media\/10586"}],"wp:attachment":[{"href":"https:\/\/parapharmacieenligne.ma\/en\/wp-json\/wp\/v2\/media?parent=10565"}],"wp:term":[{"taxonomy":"product_cat","embeddable":true,"href":"https:\/\/parapharmacieenligne.ma\/en\/wp-json\/wp\/v2\/product_cat?post=10565"},{"taxonomy":"product_tag","embeddable":true,"href":"https:\/\/parapharmacieenligne.ma\/en\/wp-json\/wp\/v2\/product_tag?post=10565"},{"taxonomy":"yith_product_brand","embeddable":true,"href":"https:\/\/parapharmacieenligne.ma\/en\/wp-json\/wp\/v2\/yith_product_brand?post=10565"}],"curies":[{"name":"wp","href":"https:\/\/api.w.org\/{rel}","templated":true}]}}