{"id":10593,"date":"2026-01-27T12:52:14","date_gmt":"2026-01-27T11:52:14","guid":{"rendered":"https:\/\/parapharmacieenligne.ma\/?post_type=product&#038;p=10593"},"modified":"2026-01-27T12:52:32","modified_gmt":"2026-01-27T11:52:32","slug":"resultime-coffret-rituel-expert-regenerant-aux-collagenes-repulpant","status":"publish","type":"product","link":"https:\/\/parapharmacieenligne.ma\/en\/product\/resultime-coffret-rituel-expert-regenerant-aux-collagenes-repulpant\/","title":{"rendered":"Resultime Coffret Rituel Expert R\u00e9g\u00e9n\u00e9rant aux Collag\u00e8nes Repulpant"},"content":{"rendered":"<div aria-labelledby=\"tab-title-description\" class=\"woocommerce-Tabs-panel woocommerce-Tabs-panel--description panel entry-content wc-tab\" id=\"tab-description\" role=\"tabpanel\" style=\"\">\n<h2>Description<\/h2>\n<p>Ce Coffret de la marque Resultime vous offre un Rituel Expert R\u00e9g\u00e9n\u00e9rant aux Collag\u00e8nes Repulpants, gr\u00e2ce \u00e0 ses 3 produits anti-\u00e2ge : le Gel-S\u00e9rum Collag\u00e8ne, le S\u00e9rum Combleur Rides Contour Yeux &amp; L\u00e8vres, et le Soin Collag\u00e8ne 3-en-1.<\/p>\n<p>Initiez-vous \u00e0 un rituel de beaut\u00e9 quotidien pour booster la r\u00e9g\u00e9n\u00e9ration cellulaire de votre \u00e9piderme, afin de combler les rides et de repulper la peau. Des soins anti-\u00e2ge ultra-efficaces.<\/p>\n<p>Le Gel-S\u00e9rum Collag\u00e8ne \u2013 50ml.<br \/>\n Ce soin visage offre un effet nouvelle peau en 8 heures, gr\u00e2ce \u00e0 sa formulation associant collag\u00e8ne repulpant et booster de collag\u00e8ne. Ce soin convient \u00e0 tous les types de peaux.<\/p>\n<p>Sa texture gel agr\u00e9able p\u00e9n\u00e8tre facilement, et ne colle pas.<\/p>\n<p>La peau est visiblement repulp\u00e9e, lisse et ferme. Un r\u00e9\u00e9l effet coup de jeune sur les peaux matures.<\/p>\n<p><strong>Conseils d\u2019Utilisation : <\/strong> matin et\/ou soir sur la peau propre et s\u00e8che, appliquez le gel comme un s\u00e9rum avant d\u2019appliquer votre soin collag\u00e8ne 3-en-1.<\/p>\n<p>Le S\u00e9rum Combleur Rides Contour des Yeux &amp; L\u00e8vres \u2013 15ml.<br \/>\n Ce s\u00e9rum contour des yeux et des l\u00e8vres aux collag\u00e8nes repulpants contribue \u00e0 combler les rides et \u00e0 lisser la peau.<\/p>\n<p>Le regard est d\u00e9fatigu\u00e9 et le contour des l\u00e8vres est redessin\u00e9.<\/p>\n<p><strong>Conseils d\u2019Utilisation : <\/strong> appliquez le matin et\/ou le soir avec le cryo-applicateur sur les contour des yeux et des l\u00e8vre, avant votre cr\u00e8me.<\/p>\n<p>Le Soin Collag\u00e8ne 3 en 1 \u2013 50ml.<br \/>\n Ce soin multi-actions aux collag\u00e8nes repulpants contribue \u00e0 r\u00e9g\u00e9n\u00e9rer la peau afin de se d\u00e9barrasser des signes de l\u2019\u00e2ge : rides, perte d\u2019\u00e9clat, manque de fermet\u00e9, marques de fatigue.<\/p>\n<p>La peau est visiblement repulp\u00e9e, et les traits sont liss\u00e9s.<\/p>\n<p>Ce soin peut \u00eatre utilis\u00e9 le matin en cr\u00e8me de jour, ou le soir en masque de nuit.<\/p>\n<p><strong>Conseils d\u2019Utilisation : <\/strong> <\/p>\n<p>En masque, appliquez en couche g\u00e9n\u00e9reuse sur le visage.<br \/>\n En soin de jour, appliquez en petite quantit\u00e9 en massant le visage pour faire p\u00e9n\u00e9trer.<\/p>\n<\/p><\/div>","protected":false},"excerpt":{"rendered":"<p>Highlights:Hydrate la peau en continu et aide \u00e0 restaurer la barri\u00e8re protectrice de la peau.\u2022 Besoin :Hydrater | Nourrir | Peau s\u00e8che \u00e0 tr\u00e8s s\u00e8che | Peau sensible.\u2022 Ingr\u00e9dients Cl\u00e9s :C\u00e9ramides (1, 3 et 6-II) pour prot\u00e9ger et nourrir | Acide Hyaluronique pour maintenir la peau hydrat\u00e9e | Glyc\u00e9rine pour adoucir et prot\u00e9ger.\u2022S\u00e9curit\u00e9 :Sans Parfum | Hypoallerg\u00e9nique | Non-Com\u00e9dog\u00e8ne.\u2022 Utilisation :Appliquer aussi souvent que n\u00e9cessaire. Visage, corps et mains.Approuv\u00e9 par les membres de l\u2019Association Fran\u00e7aise de l\u2019Ecz\u00e9ma.<\/p>","protected":false},"featured_media":10603,"comment_status":"open","ping_status":"closed","template":"","meta":[],"product_cat":[83],"product_tag":[],"yith_product_brand":[140],"class_list":{"0":"post-10593","1":"product","2":"type-product","3":"status-publish","4":"has-post-thumbnail","6":"product_cat-soins-visage","7":"yith_product_brand-resultime","9":"first","10":"instock","11":"shipping-taxable","12":"product-type-simple"},"_links":{"self":[{"href":"https:\/\/parapharmacieenligne.ma\/en\/wp-json\/wp\/v2\/product\/10593","targetHints":{"allow":["GET"]}}],"collection":[{"href":"https:\/\/parapharmacieenligne.ma\/en\/wp-json\/wp\/v2\/product"}],"about":[{"href":"https:\/\/parapharmacieenligne.ma\/en\/wp-json\/wp\/v2\/types\/product"}],"replies":[{"embeddable":true,"href":"https:\/\/parapharmacieenligne.ma\/en\/wp-json\/wp\/v2\/comments?post=10593"}],"version-history":[{"count":1,"href":"https:\/\/parapharmacieenligne.ma\/en\/wp-json\/wp\/v2\/product\/10593\/revisions"}],"predecessor-version":[{"id":10604,"href":"https:\/\/parapharmacieenligne.ma\/en\/wp-json\/wp\/v2\/product\/10593\/revisions\/10604"}],"wp:featuredmedia":[{"embeddable":true,"href":"https:\/\/parapharmacieenligne.ma\/en\/wp-json\/wp\/v2\/media\/10603"}],"wp:attachment":[{"href":"https:\/\/parapharmacieenligne.ma\/en\/wp-json\/wp\/v2\/media?parent=10593"}],"wp:term":[{"taxonomy":"product_cat","embeddable":true,"href":"https:\/\/parapharmacieenligne.ma\/en\/wp-json\/wp\/v2\/product_cat?post=10593"},{"taxonomy":"product_tag","embeddable":true,"href":"https:\/\/parapharmacieenligne.ma\/en\/wp-json\/wp\/v2\/product_tag?post=10593"},{"taxonomy":"yith_product_brand","embeddable":true,"href":"https:\/\/parapharmacieenligne.ma\/en\/wp-json\/wp\/v2\/yith_product_brand?post=10593"}],"curies":[{"name":"wp","href":"https:\/\/api.w.org\/{rel}","templated":true}]}}