{"id":10610,"date":"2026-01-27T12:55:34","date_gmt":"2026-01-27T11:55:34","guid":{"rendered":"https:\/\/parapharmacieenligne.ma\/?post_type=product&#038;p=10610"},"modified":"2026-01-27T12:56:11","modified_gmt":"2026-01-27T11:56:11","slug":"kuora-gel-raffermissant-peaux-fermes-et-elastiques","status":"publish","type":"product","link":"https:\/\/parapharmacieenligne.ma\/en\/product\/kuora-gel-raffermissant-peaux-fermes-et-elastiques\/","title":{"rendered":"Kuora Gel Raffermissant Peaux Fermes et \u00c9lastiques"},"content":{"rendered":"<div aria-labelledby=\"tab-title-description\" class=\"woocommerce-Tabs-panel woocommerce-Tabs-panel--description panel entry-content wc-tab\" id=\"tab-description\" role=\"tabpanel\" style=\"\">\n<h2>Description<\/h2>\n<p>La magie de ce gel r\u00e9side dans ses ingr\u00e9dients bioactifs, qui stimulent efficacement la r\u00e9g\u00e9n\u00e9ration des tissus cutan\u00e9s. En favorisant une meilleure hydratation et une peau plus jeune, ce gel devient un alli\u00e9 indispensable pour ceux qui cherchent \u00e0 pr\u00e9venir ou \u00e0 traiter le rel\u00e2chement cutan\u00e9. Utilis\u00e9 r\u00e9guli\u00e8rement, il aide \u00e0 redonner \u00e0 la peau sa souplesse et son \u00e9lasticit\u00e9 naturelle, tout en offrant un effet galbant.<\/p>\n<p>Pour un choc intensif, il est recommand\u00e9 d\u2019appliquer le gel matin et soir sur les zones concern\u00e9es. Effectuez un massage doux jusqu\u2019\u00e0 absorption compl\u00e8te du produit. Cette routine permet non seulement de maximiser les effets du gel, mais aussi de profiter d\u2019un moment de d\u00e9tente et de bien-\u00eatre.<\/p>\n<p>Le KUORA Gel Raffermissant Peaux Fermes et \u00c9lastiques est un soin indispensable pour toute personne souhaitant retrouver une peau tonique et hydrat\u00e9e. Gr\u00e2ce \u00e0 sa texture l\u00e9g\u00e8re et non grasse, il p\u00e9n\u00e8tre rapidement sans laisser de r\u00e9sidu collant, offrant ainsi une exp\u00e9rience d\u2019utilisation agr\u00e9able et efficace. Int\u00e9grez-le \u00e0 votre routine de soins quotidiens et observez les r\u00e9sultats remarquables sur votre peau.<\/p>\n<\/p><\/div>","protected":false},"excerpt":{"rendered":"<p>Highlights:D\u00e9couvrez le secret d\u2019une peau plus ferme et \u00e9lastique avec le KUORA Gel Raffermissant Peaux Fermes et \u00c9lastiques 200 ml.<\/p>","protected":false},"featured_media":10637,"comment_status":"open","ping_status":"closed","template":"","meta":[],"product_cat":[83],"product_tag":[],"yith_product_brand":[141],"class_list":{"0":"post-10610","1":"product","2":"type-product","3":"status-publish","4":"has-post-thumbnail","6":"product_cat-soins-visage","7":"yith_product_brand-kuora","9":"first","10":"instock","11":"sale","12":"shipping-taxable","13":"purchasable","14":"product-type-simple"},"_links":{"self":[{"href":"https:\/\/parapharmacieenligne.ma\/en\/wp-json\/wp\/v2\/product\/10610","targetHints":{"allow":["GET"]}}],"collection":[{"href":"https:\/\/parapharmacieenligne.ma\/en\/wp-json\/wp\/v2\/product"}],"about":[{"href":"https:\/\/parapharmacieenligne.ma\/en\/wp-json\/wp\/v2\/types\/product"}],"replies":[{"embeddable":true,"href":"https:\/\/parapharmacieenligne.ma\/en\/wp-json\/wp\/v2\/comments?post=10610"}],"version-history":[{"count":1,"href":"https:\/\/parapharmacieenligne.ma\/en\/wp-json\/wp\/v2\/product\/10610\/revisions"}],"predecessor-version":[{"id":10638,"href":"https:\/\/parapharmacieenligne.ma\/en\/wp-json\/wp\/v2\/product\/10610\/revisions\/10638"}],"wp:featuredmedia":[{"embeddable":true,"href":"https:\/\/parapharmacieenligne.ma\/en\/wp-json\/wp\/v2\/media\/10637"}],"wp:attachment":[{"href":"https:\/\/parapharmacieenligne.ma\/en\/wp-json\/wp\/v2\/media?parent=10610"}],"wp:term":[{"taxonomy":"product_cat","embeddable":true,"href":"https:\/\/parapharmacieenligne.ma\/en\/wp-json\/wp\/v2\/product_cat?post=10610"},{"taxonomy":"product_tag","embeddable":true,"href":"https:\/\/parapharmacieenligne.ma\/en\/wp-json\/wp\/v2\/product_tag?post=10610"},{"taxonomy":"yith_product_brand","embeddable":true,"href":"https:\/\/parapharmacieenligne.ma\/en\/wp-json\/wp\/v2\/yith_product_brand?post=10610"}],"curies":[{"name":"wp","href":"https:\/\/api.w.org\/{rel}","templated":true}]}}