{"id":10615,"date":"2026-01-27T12:55:36","date_gmt":"2026-01-27T11:55:36","guid":{"rendered":"https:\/\/parapharmacieenligne.ma\/?post_type=product&#038;p=10615"},"modified":"2026-01-27T12:56:59","modified_gmt":"2026-01-27T11:56:59","slug":"kuora-flash-ampoules-lifting-immediat-2ampoules2ml","status":"publish","type":"product","link":"https:\/\/parapharmacieenligne.ma\/en\/product\/kuora-flash-ampoules-lifting-immediat-2ampoules2ml\/","title":{"rendered":"KUORA Flash Ampoules Lifting Immediat 2Ampoules*2ml"},"content":{"rendered":"<div aria-labelledby=\"tab-title-description\" class=\"woocommerce-Tabs-panel woocommerce-Tabs-panel--description panel entry-content wc-tab\" id=\"tab-description\" role=\"tabpanel\" style=\"\">\n<h2>Description<\/h2>\n<p>FLASH AMPOULE EFFET LIFTING IMM\u00c9DIAT Cette ampoule flash procure un effet raffermissant et liftant imm\u00e9diat.<\/p>\n<p>Cela s\u2019am\u00e9liore l\u2019apparence de la peau \u00e0 l\u2019application, \u00e9liminant les signes de fatigue et de stress, laissant une peau hydrat\u00e9e sans<\/p>\n<p>imperfections.<\/p>\n<p>Ingr\u00e9dients :<\/p>\n<p>Extrait de Chondrus Crispus, un puissant antioxydant et \u00e9nergisant qui \u00e9limine les micro-rides superficielles et a un effet lifting imm\u00e9diat.<\/p>\n<p>Elastine CLR \u00e0 50% pour augmenter la fermet\u00e9 et l\u2019\u00e9lasticit\u00e9 de la peau, c\u2019est une ampoule id\u00e9ale pour les peaux fatigu\u00e9es et ternes.<\/p>\n<p>Conseil d\u2019utilisation :<\/p>\n<p>Appliquer sur le visage, le cou et la poitrine propres, en particulier sur les zones les plus un massage doux jusqu\u2019\u00e0 absorption compl\u00e8te.<\/p>\n<p>Parfait comme base de maquillage.<\/p>\n<\/p><\/div>","protected":false},"excerpt":{"rendered":"<p>Highlights:\u2022 LISSEles rides install\u00e9es gr\u00e2ce \u00e0 l\u2019Ascofilline\u2122 et \u00e0 l\u2019Acide Hyaluronique.\u2022 RAFFERMITla peau.\u2022 RAVIVEla luminosit\u00e9 et sublime le teint gr\u00e2ce aux micro-nacres pour une correction anti-fatigue.<\/p>","protected":false},"featured_media":10647,"comment_status":"open","ping_status":"closed","template":"","meta":[],"product_cat":[83],"product_tag":[],"yith_product_brand":[141],"class_list":{"0":"post-10615","1":"product","2":"type-product","3":"status-publish","4":"has-post-thumbnail","6":"product_cat-soins-visage","7":"yith_product_brand-kuora","9":"first","10":"instock","11":"sale","12":"shipping-taxable","13":"purchasable","14":"product-type-simple"},"_links":{"self":[{"href":"https:\/\/parapharmacieenligne.ma\/en\/wp-json\/wp\/v2\/product\/10615","targetHints":{"allow":["GET"]}}],"collection":[{"href":"https:\/\/parapharmacieenligne.ma\/en\/wp-json\/wp\/v2\/product"}],"about":[{"href":"https:\/\/parapharmacieenligne.ma\/en\/wp-json\/wp\/v2\/types\/product"}],"replies":[{"embeddable":true,"href":"https:\/\/parapharmacieenligne.ma\/en\/wp-json\/wp\/v2\/comments?post=10615"}],"version-history":[{"count":1,"href":"https:\/\/parapharmacieenligne.ma\/en\/wp-json\/wp\/v2\/product\/10615\/revisions"}],"predecessor-version":[{"id":10648,"href":"https:\/\/parapharmacieenligne.ma\/en\/wp-json\/wp\/v2\/product\/10615\/revisions\/10648"}],"wp:featuredmedia":[{"embeddable":true,"href":"https:\/\/parapharmacieenligne.ma\/en\/wp-json\/wp\/v2\/media\/10647"}],"wp:attachment":[{"href":"https:\/\/parapharmacieenligne.ma\/en\/wp-json\/wp\/v2\/media?parent=10615"}],"wp:term":[{"taxonomy":"product_cat","embeddable":true,"href":"https:\/\/parapharmacieenligne.ma\/en\/wp-json\/wp\/v2\/product_cat?post=10615"},{"taxonomy":"product_tag","embeddable":true,"href":"https:\/\/parapharmacieenligne.ma\/en\/wp-json\/wp\/v2\/product_tag?post=10615"},{"taxonomy":"yith_product_brand","embeddable":true,"href":"https:\/\/parapharmacieenligne.ma\/en\/wp-json\/wp\/v2\/yith_product_brand?post=10615"}],"curies":[{"name":"wp","href":"https:\/\/api.w.org\/{rel}","templated":true}]}}