{"id":10618,"date":"2026-01-27T12:55:37","date_gmt":"2026-01-27T11:55:37","guid":{"rendered":"https:\/\/parapharmacieenligne.ma\/?post_type=product&#038;p=10618"},"modified":"2026-01-27T12:57:29","modified_gmt":"2026-01-27T11:57:29","slug":"kuora-creme-de-soja-visage-jour-et-nuit-50-ml","status":"publish","type":"product","link":"https:\/\/parapharmacieenligne.ma\/en\/product\/kuora-creme-de-soja-visage-jour-et-nuit-50-ml\/","title":{"rendered":"KUORA CREME DE SOJA VISAGE JOUR ET NUIT 50 ML"},"content":{"rendered":"<div aria-labelledby=\"tab-title-description\" class=\"woocommerce-Tabs-panel woocommerce-Tabs-panel--description panel entry-content wc-tab\" id=\"tab-description\" role=\"tabpanel\" style=\"\">\n<h2>Description<\/h2>\n<p>La cr\u00e8me visage jour et nuit au soja est sp\u00e9cialement con\u00e7ue pour les peaux matures subissant les effets des changements hormonaux. Elle lutte contre les signes du vieillissement comme les rides, la peau s\u00e8che, la peau terne due au manque de renouvellement cellulaire et \u00e0 la perte d\u2019uniformit\u00e9 du teint.<\/p>\n<p><strong>CARACT\u00c9RISTIQUES :<\/strong><\/p>\n<p>\u2013 Agit contre le rel\u00e2chement cutan\u00e9<br \/>\n \u2013 Pr\u00e9vient et combat le vieillissement hormonal de la peau<br \/>\n \u2013 Am\u00e9liore l\u2019\u00e9lasticit\u00e9 et la fermet\u00e9 de la peau<br \/>\n \u2013 Hydrate en profondeur la peau<\/p>\n<p><strong>BESOINS :<\/strong><br \/>\n Hydratant, nourrissant, Anti-rides, anti-\u00e2ge, Eclat, anti-fatigue, Vit C<\/p>\n<p><strong>INGR\u00c9DIENTS :<\/strong><br \/>\n 5% SOJA (ISOFLAVONES) : a des propri\u00e9t\u00e9s antioxydantes qui prot\u00e8gent la peau de l\u2019action n\u00e9faste des radicaux libres? stimule le renouvellement cellulaire et augmente l\u2019\u00e9lasticit\u00e9.<br \/>\n La vitamine E : prot\u00e8ge et \u00e9quilibre la couche lipidique de la peau.<\/p>\n<p>Sans parabens<br \/>\n Sans alcool<br \/>\n Parfum hypoallerg\u00e9nique<br \/>\n Test\u00e9 dermatologiquement<br \/>\n Non com\u00e9dog\u00e8ne<\/p>\n<p><strong>CONDITIONS D\u2019UTILISATION :<\/strong><br \/>\n Appliquer deux fois par jour sur le visage, le cou et la poitrine propres avec un massage doux jusqu\u2019\u00e0 absorption compl\u00e8te.<\/p>\n<p><strong>TYPE DE PEAU :<\/strong><br \/>\n Tout type de peau<\/p>\n<\/p><\/div>","protected":false},"excerpt":{"rendered":"<p>Highlights:Hydrate la peau en continu 24h et restaure la barri\u00e8re cutan\u00e9e. Pour toute la famille.\u2022 Besoin :Hydrater | Peau s\u00e8che \u00e0 tr\u00e8s s\u00e8che | Peau sensible.\u2022 Ingr\u00e9dients Cl\u00e9s :C\u00e9ramides (1, 3 et 6-II) pour prot\u00e9ger et nourrir | Acide Hyaluronique pour maintenir la peau hydrat\u00e9e | Glyc\u00e9rine pour adoucir et prot\u00e9ger.\u2022S\u00e9curit\u00e9 :Sans Parfum | Sans Parab\u00e8ne | Hypoallerg\u00e9nique | Non-Com\u00e9dog\u00e8ne.\u2022 Utilisation :Appliquer matin et soir. Visage et Corps.<\/p>","protected":false},"featured_media":10653,"comment_status":"open","ping_status":"closed","template":"","meta":[],"product_cat":[83],"product_tag":[],"yith_product_brand":[141],"class_list":{"0":"post-10618","1":"product","2":"type-product","3":"status-publish","4":"has-post-thumbnail","6":"product_cat-soins-visage","7":"yith_product_brand-kuora","9":"first","10":"instock","11":"sale","12":"shipping-taxable","13":"purchasable","14":"product-type-simple"},"_links":{"self":[{"href":"https:\/\/parapharmacieenligne.ma\/en\/wp-json\/wp\/v2\/product\/10618","targetHints":{"allow":["GET"]}}],"collection":[{"href":"https:\/\/parapharmacieenligne.ma\/en\/wp-json\/wp\/v2\/product"}],"about":[{"href":"https:\/\/parapharmacieenligne.ma\/en\/wp-json\/wp\/v2\/types\/product"}],"replies":[{"embeddable":true,"href":"https:\/\/parapharmacieenligne.ma\/en\/wp-json\/wp\/v2\/comments?post=10618"}],"version-history":[{"count":1,"href":"https:\/\/parapharmacieenligne.ma\/en\/wp-json\/wp\/v2\/product\/10618\/revisions"}],"predecessor-version":[{"id":10654,"href":"https:\/\/parapharmacieenligne.ma\/en\/wp-json\/wp\/v2\/product\/10618\/revisions\/10654"}],"wp:featuredmedia":[{"embeddable":true,"href":"https:\/\/parapharmacieenligne.ma\/en\/wp-json\/wp\/v2\/media\/10653"}],"wp:attachment":[{"href":"https:\/\/parapharmacieenligne.ma\/en\/wp-json\/wp\/v2\/media?parent=10618"}],"wp:term":[{"taxonomy":"product_cat","embeddable":true,"href":"https:\/\/parapharmacieenligne.ma\/en\/wp-json\/wp\/v2\/product_cat?post=10618"},{"taxonomy":"product_tag","embeddable":true,"href":"https:\/\/parapharmacieenligne.ma\/en\/wp-json\/wp\/v2\/product_tag?post=10618"},{"taxonomy":"yith_product_brand","embeddable":true,"href":"https:\/\/parapharmacieenligne.ma\/en\/wp-json\/wp\/v2\/yith_product_brand?post=10618"}],"curies":[{"name":"wp","href":"https:\/\/api.w.org\/{rel}","templated":true}]}}